{"id":52379,"date":"2025-10-21T12:57:54","date_gmt":"2025-10-21T10:57:54","guid":{"rendered":"https:\/\/arena-ticket.com\/?p=52379&#038;post_type=product&#038;preview_id=52379"},"modified":"2025-12-10T12:22:50","modified_gmt":"2025-12-10T11:22:50","slug":"joe-bausch-moerderische-gestaendnisse-chemnitz-wasserschloss-klaffenbach-buergersaal-06-02-2026-2000-uhr","status":"publish","type":"product","link":"https:\/\/arena-ticket.com\/en\/product\/joe-bausch-moerderische-gestaendnisse-chemnitz-wasserschloss-klaffenbach-buergersaal-06-02-2026-2000-uhr\/","title":{"rendered":"Joe Bausch - M\u00f6rderische Gest\u00e4ndnisse"},"content":{"rendered":"<section class=\"cc_outer cc_text_media\" data-columns=\"1\" data-container-size=\"md\">\n<div class=\"container\">\n<div class=\"row\">\n<div class=\"column\">\n<div class=\"cc_content_block cc_textmedia cc_media_above\">\n<div class=\"cc_content_wrap\">\n<div class=\"cc_content\" data-text-columns=\"2\">\n<p>Joe Bausch ist zudem auf der B\u00fchne ein begnadeter Storyteller und in seinen Vortr\u00e4gen sowie Lesungen begeistert er das Publikum im privaten oder beruflichen Umfeld, neben den spannenden Inhalten, durch sein einzigartiges Charisma!<\/p>\n<p>Seine Erfahrungen und Erlebnisse als langj\u00e4hriger Gef\u00e4ngnisarzt in der Justizvollzugsanstalt Werl, flie\u00dfen in seine Vortr\u00e4ge und B\u00fccher ein und bieten einen faszinierenden Blick auf das Leben - inklusive der Herausforderungen f\u00fcr die Psyche und damit die Schattenseite in deutschen Gef\u00e4ngnissen.<\/p>\n<\/div>\n<\/div>\n<\/div>\n<\/div>\n<\/div>\n<\/div>\n<\/section>\n<div class=\"cc_spacer cc_size_sm\">\n<header>Freitag, 06.02.2026, 20:00 Uhr, Wasserschlo\u00df Klaffenbach - B\u00fcrgersaal<\/header>\n<div class=\"cc_content\">Admission: 7:30 p.m<\/div>\n<\/div>","protected":false},"excerpt":{"rendered":"<div class=\"event__header\" data-v-331ed750=\"\">Secure your tickets!<\/div>","protected":false},"featured_media":52382,"template":"","meta":{"_acf_changed":false,"inline_featured_image":false},"product_brand":[],"product_cat":[103,31,922,6764,35,58,512],"product_tag":[992,941,6163,6374,951,6445,948,993],"class_list":{"0":"post-52379","1":"product","2":"type-product","3":"status-publish","4":"has-post-thumbnail","6":"product_cat-chemnitz","7":"product_cat-events","8":"product_cat-kultur","9":"product_cat-lesung","10":"product_cat-orte","11":"product_cat-veranstaltung","12":"product_cat-wasserschloss-klaffenbach","13":"product_tag-chemnitz","14":"product_tag-events","15":"product_tag-joe-bausch","16":"product_tag-jubilaeumstour-20-plus","17":"product_tag-kultur","18":"product_tag-moerderische-gestaendnisse","19":"product_tag-veranstaltung","20":"product_tag-wasserschloss-klaffenbach","21":"product_shipping_class-nur_paketversand","22":"pa_discount-normalpreis","23":"pa_preiskategorie-pk-i","25":"first","26":"outofstock","27":"taxable","28":"shipping-taxable","29":"purchasable","30":"product-type-variable"},"group_of_quantity":0,"min_quantity":0,"max_quantity":"","exclude_order_quantity_value_rules":"no","exclude_category_quantity_rules":"no","combine_variations":"no","acf":[],"_links":{"self":[{"href":"https:\/\/arena-ticket.com\/en\/wp-json\/wp\/v2\/product\/52379","targetHints":{"allow":["GET"]}}],"collection":[{"href":"https:\/\/arena-ticket.com\/en\/wp-json\/wp\/v2\/product"}],"about":[{"href":"https:\/\/arena-ticket.com\/en\/wp-json\/wp\/v2\/types\/product"}],"wp:featuredmedia":[{"embeddable":true,"href":"https:\/\/arena-ticket.com\/en\/wp-json\/wp\/v2\/media\/52382"}],"wp:attachment":[{"href":"https:\/\/arena-ticket.com\/en\/wp-json\/wp\/v2\/media?parent=52379"}],"wp:term":[{"taxonomy":"product_brand","embeddable":true,"href":"https:\/\/arena-ticket.com\/en\/wp-json\/wp\/v2\/product_brand?post=52379"},{"taxonomy":"product_cat","embeddable":true,"href":"https:\/\/arena-ticket.com\/en\/wp-json\/wp\/v2\/product_cat?post=52379"},{"taxonomy":"product_tag","embeddable":true,"href":"https:\/\/arena-ticket.com\/en\/wp-json\/wp\/v2\/product_tag?post=52379"}],"curies":[{"name":"wp","href":"https:\/\/api.w.org\/{rel}","templated":true}]}}