{"id":52389,"date":"2025-10-21T13:25:44","date_gmt":"2025-10-21T11:25:44","guid":{"rendered":"https:\/\/arena-ticket.com\/?p=52389&#038;post_type=product&#038;preview_id=52389"},"modified":"2026-04-07T14:50:28","modified_gmt":"2026-04-07T12:50:28","slug":"ganz-paris-traeumt-von-der-liebe-chemnitz-carlowitz-congresscenter-12-04-2026-1600-uhr","status":"publish","type":"product","link":"https:\/\/arena-ticket.com\/en\/product\/ganz-paris-traeumt-von-der-liebe-chemnitz-carlowitz-congresscenter-12-04-2026-1600-uhr\/","title":{"rendered":"GANZ PARIS TR\u00c4UMT VON DER LIEBE"},"content":{"rendered":"<section class=\"cc_outer cc_text_media\" data-columns=\"1\" data-container-size=\"md\">\n<div class=\"container\">\n<div class=\"row\">\n<div class=\"column\">\n<div class=\"cc_content_block cc_textmedia cc_media_above\">\n<div class=\"cc_content_wrap\">\n<div class=\"cc_content\" data-text-columns=\"2\">\n<section class=\"cc_outer cc_text_media\" data-columns=\"1\" data-container-size=\"md\">\n<div class=\"container\">\n<div class=\"row\">\n<div class=\"column\">\n<div class=\"cc_content_block cc_textmedia cc_media_above\">\n<div class=\"cc_content_wrap\">\n<div class=\"cc_content\" data-text-columns=\"2\">\n<h2>Eine leichte Theater-Kom\u00f6die<\/h2>\n<p><b>Das Erfolgstheaterst\u00fcck auf Tour im Herbst\/Winter 2025<\/b><\/p>\n<div>\n<p><span style=\"font-family: Arial, Verdana\"><span style=\"font-family: Arial, Verdana\">B\u00fchne frei f\u00fcr die romantische Kom\u00f6die: \u201eGanz Paris tr\u00e4umt von der Liebe\u201c. Inmitten der Kulisse der franz\u00f6sischen Hauptstadt entwickelt sich ein heiteres und unterhaltsames Schauspiel mit schwungvollen Melodien und humorvollen Szenen in einem turbulenten und farbenfroh gezeichnetem Paris der 60er Jahre.<\/span><\/span>Der Cast:<\/p>\n<\/div>\n<div><span style=\"font-family: Arial, Verdana\">Stefanie Hertel, Stuart Sumner, Rebecca Lara M\u00fcller, David-Jonas Frei, Martin Schranz und Sascha H\u00f6dl<\/span><\/div>\n<div><span style=\"font-family: Arial, Verdana\">\u00a0<\/span><\/div>\n<div><span style=\"font-family: Arial, Verdana\">Die Musik:<\/span><\/div>\n<div><span style=\"font-family: Arial, Verdana\">Dieses wundervolle Boulevardst\u00fcck bietet eine F\u00fclle an Musik und ganz viel Pariser Flair. Darunter sind Welthits, Evergreens und Stra\u00dfenfegern von Stars wie Mireille Mathieu, Peter Alexander, France Gall, Vico Torriani oder beispielsweise auch Peter Kraus.<\/span><\/div>\n<\/div>\n<\/div>\n<\/div>\n<\/div>\n<\/div>\n<\/div>\n<\/section>\n<\/div>\n<\/div>\n<\/div>\n<\/div>\n<\/div>\n<\/div>\n<\/section>","protected":false},"excerpt":{"rendered":"<p class=\"stage-headline\" data-qa=\"event-headline\">Sichern Sie sich jetzt schon Ihre Tickets f\u00fcr diese romantische Kom\u00f6die!<\/p>","protected":false},"featured_media":52392,"template":"","meta":{"_acf_changed":false,"inline_featured_image":false},"product_brand":[],"product_cat":[377,103,35,21],"product_tag":[3908,992,941,6447,944,958,947,948],"class_list":{"0":"post-52389","1":"product","2":"type-product","3":"status-publish","4":"has-post-thumbnail","6":"product_cat-carlowitz-congress-center","7":"product_cat-chemnitz","8":"product_cat-orte","9":"product_cat-ticket","10":"product_tag-carlowitz-congress-center","11":"product_tag-chemnitz","12":"product_tag-events","13":"product_tag-ganz-paris-traeumt-von-der-liebe","14":"product_tag-orte","15":"product_tag-show","16":"product_tag-ticket","17":"product_tag-veranstaltung","18":"product_shipping_class-nur_paketversand","19":"pa_discount-normalpreis","20":"pa_preiskategorie-pk-i","21":"pa_preiskategorie-pk-ii","23":"first","24":"instock","25":"taxable","26":"shipping-taxable","27":"purchasable","28":"product-type-variable"},"group_of_quantity":0,"min_quantity":0,"max_quantity":"","exclude_order_quantity_value_rules":"no","exclude_category_quantity_rules":"no","combine_variations":"no","acf":[],"_links":{"self":[{"href":"https:\/\/arena-ticket.com\/en\/wp-json\/wp\/v2\/product\/52389","targetHints":{"allow":["GET"]}}],"collection":[{"href":"https:\/\/arena-ticket.com\/en\/wp-json\/wp\/v2\/product"}],"about":[{"href":"https:\/\/arena-ticket.com\/en\/wp-json\/wp\/v2\/types\/product"}],"wp:featuredmedia":[{"embeddable":true,"href":"https:\/\/arena-ticket.com\/en\/wp-json\/wp\/v2\/media\/52392"}],"wp:attachment":[{"href":"https:\/\/arena-ticket.com\/en\/wp-json\/wp\/v2\/media?parent=52389"}],"wp:term":[{"taxonomy":"product_brand","embeddable":true,"href":"https:\/\/arena-ticket.com\/en\/wp-json\/wp\/v2\/product_brand?post=52389"},{"taxonomy":"product_cat","embeddable":true,"href":"https:\/\/arena-ticket.com\/en\/wp-json\/wp\/v2\/product_cat?post=52389"},{"taxonomy":"product_tag","embeddable":true,"href":"https:\/\/arena-ticket.com\/en\/wp-json\/wp\/v2\/product_tag?post=52389"}],"curies":[{"name":"wp","href":"https:\/\/api.w.org\/{rel}","templated":true}]}}