{"id":52400,"date":"2025-10-21T13:37:38","date_gmt":"2025-10-21T11:37:38","guid":{"rendered":"https:\/\/arena-ticket.com\/?p=52400&#038;post_type=product&#038;preview_id=52400"},"modified":"2026-02-11T15:51:31","modified_gmt":"2026-02-11T14:51:31","slug":"annett-louisan-22-jahre-boheme-das-jubilaeumskonzert-dresden-konzertplatz-weisser-hirsch-12-07-2026-1830-uhr","status":"publish","type":"product","link":"https:\/\/arena-ticket.com\/en\/product\/annett-louisan-22-jahre-boheme-das-jubilaeumskonzert-dresden-konzertplatz-weisser-hirsch-12-07-2026-1830-uhr\/","title":{"rendered":"Annett Louisan  - 22 Jahre Boh\u00e8me - Das Jubil\u00e4umskonzert"},"content":{"rendered":"<p>&nbsp;<\/p>\n<div data-v-0d4c50a8=\"\">\n<p data-start=\"366\" data-end=\"770\">Mit \u00fcber einer Million verkauften Tontr\u00e4gern und zahllosen ausverkauften Konzerten gilt Annett Louisan als die unverwechselbare Stimme des deutschsprachigen Chansons. Ihr Deb\u00fctalbum <em data-start=\"560\" data-end=\"570\">\u201eBoh\u00e8me\u201c<\/em> von 2004 war der Beginn einer einzigartigen Karriere: \u00dcber 500.000 verkaufte Exemplare, der Hit <em data-start=\"671\" data-end=\"684\">\u201eDas Spiel\u201c<\/em> und der Sprung von der Hamburger Kunststudentin auf die gro\u00dfen B\u00fchnen Deutschlands.<\/p>\n<p data-start=\"772\" data-end=\"1094\">Im Sommer 2026 feiert Annett Louisan dieses Kapitel ihrer Karriere mit einem besonderen Live-Erlebnis: <em data-start=\"879\" data-end=\"922\">\u201e22 Jahre Boh\u00e8me \u2013 Das Jubil\u00e4umskonzert\u201c.<\/em> Aufgrund der gro\u00dfen Nachfrage kehrt sie noch einmal auf ausgew\u00e4hlte Open-Air-B\u00fchnen zur\u00fcck, um gemeinsam mit ihrem Publikum auf diese musikalische Reise zur\u00fcckzublicken.<\/p>\n<p>&nbsp;<\/p>\n<p>&nbsp;<\/p>\n<\/div>","protected":false},"excerpt":{"rendered":"<p class=\"detail-item__titel\">Ein Abend voller Erinnerungen, Gef\u00fchl und zeitloser Musik - sichern Sie sich Ihre Tickets f\u00fcr das Konzert in Dresden!<\/p>","protected":false},"featured_media":52403,"template":"","meta":{"_acf_changed":false,"inline_featured_image":false},"product_brand":[],"product_cat":[87,31,69,4983,35,6733,21,58],"product_tag":[6448,3211,940,941,942,4984,944,947,948],"class_list":{"0":"post-52400","1":"product","2":"type-product","3":"status-publish","4":"has-post-thumbnail","6":"product_cat-dresden","7":"product_cat-events","8":"product_cat-konzert","9":"product_cat-konzertplatz-weisser-hirsch","10":"product_cat-orte","11":"product_cat-pop","12":"product_cat-ticket","13":"product_cat-veranstaltung","14":"product_tag-22-jahre-boheme-das-jubilaeumskonzert","15":"product_tag-annett-louisan","16":"product_tag-dresden","17":"product_tag-events","18":"product_tag-konzert","19":"product_tag-konzertplatz-weisser-hirsch","20":"product_tag-orte","21":"product_tag-ticket","22":"product_tag-veranstaltung","23":"product_shipping_class-nur_paketversand","24":"pa_discount-normalpreis","25":"pa_preiskategorie-pk-i","26":"pa_preiskategorie-pk-ii","27":"pa_preiskategorie-pk-iii","29":"first","30":"instock","31":"taxable","32":"shipping-taxable","33":"purchasable","34":"product-type-variable"},"group_of_quantity":0,"min_quantity":0,"max_quantity":"","exclude_order_quantity_value_rules":"no","exclude_category_quantity_rules":"no","combine_variations":"no","acf":[],"_links":{"self":[{"href":"https:\/\/arena-ticket.com\/en\/wp-json\/wp\/v2\/product\/52400","targetHints":{"allow":["GET"]}}],"collection":[{"href":"https:\/\/arena-ticket.com\/en\/wp-json\/wp\/v2\/product"}],"about":[{"href":"https:\/\/arena-ticket.com\/en\/wp-json\/wp\/v2\/types\/product"}],"wp:featuredmedia":[{"embeddable":true,"href":"https:\/\/arena-ticket.com\/en\/wp-json\/wp\/v2\/media\/52403"}],"wp:attachment":[{"href":"https:\/\/arena-ticket.com\/en\/wp-json\/wp\/v2\/media?parent=52400"}],"wp:term":[{"taxonomy":"product_brand","embeddable":true,"href":"https:\/\/arena-ticket.com\/en\/wp-json\/wp\/v2\/product_brand?post=52400"},{"taxonomy":"product_cat","embeddable":true,"href":"https:\/\/arena-ticket.com\/en\/wp-json\/wp\/v2\/product_cat?post=52400"},{"taxonomy":"product_tag","embeddable":true,"href":"https:\/\/arena-ticket.com\/en\/wp-json\/wp\/v2\/product_tag?post=52400"}],"curies":[{"name":"wp","href":"https:\/\/api.w.org\/{rel}","templated":true}]}}