{"id":52422,"date":"2025-10-21T14:31:07","date_gmt":"2025-10-21T12:31:07","guid":{"rendered":"https:\/\/arena-ticket.com\/?p=52422&#038;post_type=product&#038;preview_id=52422"},"modified":"2026-04-17T16:33:41","modified_gmt":"2026-04-17T14:33:41","slug":"maite-kelly-unverschaemt-kelly-die-tour-meines-lebens-berlin-uber-arena-18-03-2027-2000-uhr","status":"publish","type":"product","link":"https:\/\/arena-ticket.com\/en\/product\/maite-kelly-unverschaemt-kelly-die-tour-meines-lebens-berlin-uber-arena-18-03-2027-2000-uhr\/","title":{"rendered":"Maite Kelly  - Unversch\u00e4mt Kelly - Die Tour meines Lebens"},"content":{"rendered":"<p>Maite ist zur\u00fcck \u2013 wilder, mutiger, emotionaler denn je! Ihre brandneue Tour wird 2027 in<br \/>\nden gr\u00f6\u00dften Hallen Deutschlands f\u00fcr G\u00e4nsehaut, Tr\u00e4nen und pure Lebensfreude sorgen. Die<br \/>\nShows versprechen nicht weniger als das: Die vielleicht pers\u00f6nlichste, intensivste und<br \/>\nfacettenreichste Tour ihres Lebens.<br \/>\nVom \u201eOver the Hump\u201c-M\u00e4dchen zur gefeierten Powerfrau der Schlagerwelt<br \/>\nAls kleines, kr\u00e4ftiges M\u00e4dchen mit roten Wangen l\u00e4chelte Maite 1994 vom millionenfach<br \/>\nverkauften \u201eOver the Hump\u201c-Cover der Kelly Family. Was viele nicht sahen: Schon damals<br \/>\nmusste sie k\u00e4mpfen \u2013 gegen Vorurteile, Spott und eine Branche, die selten verzeiht. Doch ihr<br \/>\nVater legte ihr fr\u00fch eine Lebensweisheit ans Herz: \u201eLife\u2019s not fair \u2013 also mach was draus!\u201c<br \/>\nDiese Worte hat sie verinnerlicht \u2013 und lebt sie bis heute.<br \/>\nStatt sich verbiegen zu lassen, hat sie ihren eigenen Weg gew\u00e4hlt. Fu\u00dfball statt Puppen,<br \/>\nKampfsport statt Ballett, Hosen statt Kleider. Barfu\u00df, wild, eigensinnig \u2013 Maite war nie das<br \/>\nbrave Show-M\u00e4dchen, sondern immer schon eine K\u00e4mpferin mit Herz. Und genau das macht<br \/>\nsie aus.<br \/>\nNach dem Riesenerfolg von \u201eNUR LIEBE \u2013 Die Happy Show geht weiter\u201c: Jetzt wird\u2019s<br \/>\nunversch\u00e4mt Kelly!<br \/>\nMit ihrer letzten Tour \u201eDie Happy-Show\u2026 geht weiter!\u201c begeisterte Maite Anfang 2025<br \/>\ntausende Fans \u2013 die Shows waren ein voller Erfolg, ihr Album \u201eNUR LIEBE\u201c schoss durch die<br \/>\nCharts, und Maite bewies einmal mehr: Sie ist nicht nur ein Star, sie ist ein Ph\u00e4nomen.<br \/>\nMit \u201eUNVERSCH\u00c4MT KELLY\u201c hebt sie ihre Liveshows jetzt auf ein neues Level: emotionaler,<br \/>\ndirekter, rauer \u2013 und noch viel ehrlicher. Maite Kelly ist ein Kind der Stra\u00dfe. Und das merkt<br \/>\nman jeder Note, jedem Satz, jeder Geste an. Ihre Konzerte sind kein glatt poliertes Show-<br \/>\nFormat \u2013 sie sind eine Einladung, das Leben in all seinen Facetten zu feiern: laut, schr\u00e4g,<br \/>\ntraurig, wild \u2013 unversch\u00e4mt lebendig.<br \/>\n\u201eDas wird die Show meines Lebens!\u201c<br \/>\n\u201eIch bin, was ich bin \u2013 und ich werde nie etwas anderes sein\u201c, sagt Maite \u00fcber sich selbst.<br \/>\nIhre neue Tour tr\u00e4gt diesen Gedanken mit Stolz im Titel: \u201eUnversch\u00e4mt Kelly\u201c. Die Show wird<br \/>\neine Wundert\u00fcte voller Lieder, Lebensgeschichten und echter Emotionen. Wenn Maite singt,<br \/>\ndann ohne Filter, dann geht\u2019s um Herzschmerz, Sehnsucht, Liebe, Erotik \u2013 und ums<br \/>\n\u00dcberleben. Wer ihre Texte kritisiert, bekommt nur ein freches Lachen zur\u00fcck:<br \/>\n\u201eIch schreibe meine Lieder wie es mir gef\u00e4llt, ich bin ein echter Schlagerpunk! Wer der<br \/>\nMeinung ist, meine Texte m\u00fcssten verboten werden, dem sage ich nur: Na, und? Ich singe<br \/>\nsie trotzdem!\u201c<br \/>\nIhre Fans lieben sie genau daf\u00fcr: F\u00fcr ihre kompromisslose Ehrlichkeit. Ihre N\u00e4he. Ihren Witz.<br \/>\nIhre St\u00e4rke. Maite Kelly ist eine von ihnen \u2013 und doch ein echtes B\u00fchnenereignis.<br \/>\nMaite Kellys Konzerte sind keine gew\u00f6hnlichen Shows \u2013 sie sind emotionale Gro\u00dfereignisse.<br \/>\nG\u00e4nsehaut, Lachen, Weinen, Tanzen, Mitsingen \u2013 hier ist alles erlaubt. Sie macht Mut, sie<br \/>\numarmt mit Musik \u2013 und sie bleibt dabei immer sie selbst: wild, echt, unversch\u00e4mt Kelly.<br \/>\n\u201eManchmal ist eine Umarmung mehr als tausend gute Worte \u2013 und meine Musik soll eine<br \/>\nUmarmung sein.\u201c<br \/>\n2027 l\u00e4dt Maite Kelly bei ihren Konzerten ein, ein paar Stunden unversch\u00e4mt gl\u00fccklich zu<br \/>\nsein. Frei zu tanzen, frei zu singen. Und zwar unversch\u00e4mt wild. Unversch\u00e4mt laut.<br \/>\nUnversch\u00e4mt ehrlich.<\/p>","protected":false},"excerpt":{"rendered":"<p>Get your tickets now!<\/p>","protected":false},"featured_media":52433,"template":"","meta":{"_acf_changed":false,"inline_featured_image":false},"product_brand":[],"product_cat":[31,315,69,35,6734,517,58],"product_tag":[1332,941,942,3751,944,3638,6449,948],"class_list":{"0":"post-52422","1":"product","2":"type-product","3":"status-publish","4":"has-post-thumbnail","6":"product_cat-events","7":"product_cat-berlin","8":"product_cat-konzert","9":"product_cat-orte","10":"product_cat-schlager","11":"product_cat-uber-arena","12":"product_cat-veranstaltung","13":"product_tag-berlin","14":"product_tag-events","15":"product_tag-konzert","16":"product_tag-maite-kelly","17":"product_tag-orte","18":"product_tag-uber-arena","19":"product_tag-unverschaemt-kelly-die-tour-meines-lebens","20":"product_tag-veranstaltung","21":"product_shipping_class-nur_paketversand","22":"pa_discount-kind","23":"pa_discount-normalpreis","24":"pa_preiskategorie-pk-i","25":"pa_preiskategorie-pk-ii","26":"pa_preiskategorie-pk-iii","27":"pa_preiskategorie-pk-iv","28":"pa_preiskategorie-pk-v","30":"first","31":"instock","32":"taxable","33":"shipping-taxable","34":"purchasable","35":"product-type-variable","36":"has-default-attributes"},"group_of_quantity":0,"min_quantity":0,"max_quantity":"","exclude_order_quantity_value_rules":"no","exclude_category_quantity_rules":"no","combine_variations":"no","acf":[],"_links":{"self":[{"href":"https:\/\/arena-ticket.com\/en\/wp-json\/wp\/v2\/product\/52422","targetHints":{"allow":["GET"]}}],"collection":[{"href":"https:\/\/arena-ticket.com\/en\/wp-json\/wp\/v2\/product"}],"about":[{"href":"https:\/\/arena-ticket.com\/en\/wp-json\/wp\/v2\/types\/product"}],"wp:featuredmedia":[{"embeddable":true,"href":"https:\/\/arena-ticket.com\/en\/wp-json\/wp\/v2\/media\/52433"}],"wp:attachment":[{"href":"https:\/\/arena-ticket.com\/en\/wp-json\/wp\/v2\/media?parent=52422"}],"wp:term":[{"taxonomy":"product_brand","embeddable":true,"href":"https:\/\/arena-ticket.com\/en\/wp-json\/wp\/v2\/product_brand?post=52422"},{"taxonomy":"product_cat","embeddable":true,"href":"https:\/\/arena-ticket.com\/en\/wp-json\/wp\/v2\/product_cat?post=52422"},{"taxonomy":"product_tag","embeddable":true,"href":"https:\/\/arena-ticket.com\/en\/wp-json\/wp\/v2\/product_tag?post=52422"}],"curies":[{"name":"wp","href":"https:\/\/api.w.org\/{rel}","templated":true}]}}