{"id":52436,"date":"2025-10-21T14:33:43","date_gmt":"2025-10-21T12:33:43","guid":{"rendered":"https:\/\/arena-ticket.com\/?p=52436&#038;post_type=product&#038;preview_id=52436"},"modified":"2026-02-12T14:11:20","modified_gmt":"2026-02-12T13:11:20","slug":"bekkaa-jahresabschlussshow-2025-leipzig-naumanns-im-felsenkeller-30-12-2025-2000-uhr","status":"publish","type":"product","link":"https:\/\/arena-ticket.com\/en\/product\/bekkaa-jahresabschlussshow-2025-leipzig-naumanns-im-felsenkeller-30-12-2025-2000-uhr\/","title":{"rendered":"Bekkaa  - \"Jahresabschlussshow 2025\""},"content":{"rendered":"<section class=\"c-full c-inner c-narrow\" data-c=\"stageteasertext\" data-qa=\"stageteasertext-component\">\n<div class=\"container\">\n<div class=\"external-content no-margin\">\n<div class=\"u-position-relative js-moretext-wrapper\">\n<div class=\"moretext js-moretext expanded\" data-qa=\"readMoreText\">\n<div class=\"moretext-teaser\">\n<div class=\"artwork-image-container\">\n<div class=\"artwork-image\">\n<div>\n<p><em>Besucher unter 16 nur in Begleitung einer sorgeberechtigten Person\u00a0<\/em><\/p>\n<p><em> Kein Zutritt f\u00fcr Kinder unter 6 Jahre\u00a0\u00a0\u00a0\u00a0\u00a0\u00a0\u00a0\u00a0 <\/em><\/p>\n<\/div>\n<div><\/div>\n<div class=\"gradient gradient-right\">\n<p>Die 21j\u00e4hrige K\u00fcnstlerin \u201eBekkaa\u201c zeichnet sich durch tiefsinnige Texte und einen frischen und urbanen Sound aus. In ihren Songs und ihren Videos bei Instagram und TikTok vermittelt die K\u00fcnstlerin ein freies und unbeschwertes Lebensgef\u00fchl. Dabei geht es um das Erwachsenwerden, das Gro\u00dfstadtleben, die eigene Identit\u00e4t und damit verbundene Hochs und Tiefs.<\/p>\n<p>Mit ihren reflektierten und poetischen Gedanken \u00fcber die eigene Identit\u00e4t, die Liebe und das Leben trifft Bekkaa den Zeitgeist. Und dabei h\u00f6ren ihr Millionen Nutzer zu. Mit ihrer Kunst, Gef\u00fchle zu zeigen und ihrer authentischen Art hat Bekkaa einen Nerv getroffen. Auf den Social Media Kan\u00e4len der K\u00fcnstlerin ist mittlerweile ein Safe Space, ein sicherer Ort entstanden. Bei Instagram und TikTok hat sie so in den letzten Monaten eine gro\u00dfe und stetig wachsende Followerschaft aufgebaut.<\/p>\n<\/div>\n<\/div>\n<\/div>\n<\/div>\n<\/div>\n<\/div>\n<\/div>\n<\/div>\n<\/section>\n<section class=\"c container\" data-c=\"eviwidget\" data-qa=\"evi-widget\">\n<div class=\"js-evi-wrapper theme-element-border evi-wrapper\">\n<div class=\"js-evi-box\">\n<div id=\"evi-widget-rule-11e8fcb5-8a5e-aaee-e6eb-996adb054c48\" class=\"evi-widget evi-widget evi-widget-type-ticket-alarm-single\"><\/div>\n<\/div>\n<\/div>\n<\/section>\n<p>&nbsp;<\/p>","protected":false},"excerpt":{"rendered":"<p>Get your tickets here now!<\/p>","protected":false},"featured_media":52439,"template":"","meta":{"_acf_changed":false,"inline_featured_image":false},"product_brand":[],"product_cat":[31,69,86,451,35,6733,21,58],"product_tag":[6451,6450,941,942,943,990,944,2506,947,948],"class_list":{"0":"post-52436","1":"product","2":"type-product","3":"status-publish","4":"has-post-thumbnail","6":"product_cat-events","7":"product_cat-konzert","8":"product_cat-leipzig","9":"product_cat-naumanns-im-felsenkeller","10":"product_cat-orte","11":"product_cat-pop","12":"product_cat-ticket","13":"product_cat-veranstaltung","14":"product_tag-jahresabschlussshow-2025","15":"product_tag-bekkaa","16":"product_tag-events","17":"product_tag-konzert","18":"product_tag-leipzig","19":"product_tag-naumanns-im-felsenkeller","20":"product_tag-orte","21":"product_tag-pop","22":"product_tag-ticket","23":"product_tag-veranstaltung","24":"product_shipping_class-nur_paketversand","25":"pa_discount-normalpreis","26":"pa_preiskategorie-stehplatz","28":"first","29":"instock","30":"taxable","31":"shipping-taxable","32":"purchasable","33":"product-type-variable","34":"has-default-attributes"},"group_of_quantity":0,"min_quantity":0,"max_quantity":"","exclude_order_quantity_value_rules":"no","exclude_category_quantity_rules":"no","combine_variations":"no","acf":[],"_links":{"self":[{"href":"https:\/\/arena-ticket.com\/en\/wp-json\/wp\/v2\/product\/52436","targetHints":{"allow":["GET"]}}],"collection":[{"href":"https:\/\/arena-ticket.com\/en\/wp-json\/wp\/v2\/product"}],"about":[{"href":"https:\/\/arena-ticket.com\/en\/wp-json\/wp\/v2\/types\/product"}],"wp:featuredmedia":[{"embeddable":true,"href":"https:\/\/arena-ticket.com\/en\/wp-json\/wp\/v2\/media\/52439"}],"wp:attachment":[{"href":"https:\/\/arena-ticket.com\/en\/wp-json\/wp\/v2\/media?parent=52436"}],"wp:term":[{"taxonomy":"product_brand","embeddable":true,"href":"https:\/\/arena-ticket.com\/en\/wp-json\/wp\/v2\/product_brand?post=52436"},{"taxonomy":"product_cat","embeddable":true,"href":"https:\/\/arena-ticket.com\/en\/wp-json\/wp\/v2\/product_cat?post=52436"},{"taxonomy":"product_tag","embeddable":true,"href":"https:\/\/arena-ticket.com\/en\/wp-json\/wp\/v2\/product_tag?post=52436"}],"curies":[{"name":"wp","href":"https:\/\/api.w.org\/{rel}","templated":true}]}}