{"id":52443,"date":"2025-10-21T15:05:14","date_gmt":"2025-10-21T13:05:14","guid":{"rendered":"https:\/\/arena-ticket.com\/?p=52443&#038;post_type=product&#038;preview_id=52443"},"modified":"2026-01-06T16:15:01","modified_gmt":"2026-01-06T15:15:01","slug":"mark-forster-sommer-shows-2026-dresden-filmnaechte-am-elbufer-26-06-2026-2000-uhr","status":"publish","type":"product","link":"https:\/\/arena-ticket.com\/en\/product\/mark-forster-sommer-shows-2026-dresden-filmnaechte-am-elbufer-26-06-2026-2000-uhr\/","title":{"rendered":"Mark Forster  - Sommer Shows 2026"},"content":{"rendered":"<p>Mark Forster k\u00fcndigt Sommer Shows 2026 an \u2013 neue Singles geben Vorgeschmack auf ein besonderes Jahr<\/p>\n<p>Nach zahlreichen ausverkauften Tourneen und Charterfolgen geht Mark Forster 2026 wieder auf die gro\u00dfen Open Air B\u00fchnen.<br \/>\nMit den beiden aktuellen Singles \u201eZeitmaschine\u201c und \u201eRettest Du Mich\u201c ist Mark Forster \u00e4lter und j\u00fcnger zugleich \u2013 \u00e4lter in der Reife seiner Texte, j\u00fcnger in der Radikalit\u00e4t seines Sounds.<br \/>\nDarin liegt die Faszination: W\u00e4hrend andere versuchen, TikTok-kompatibel zu bleiben, baut er auf das, was bleibt \u2013 klare Songs, echte Emotionen und Authentizit\u00e4t.<br \/>\nNach der introspektiven und vision\u00e4ren Single \u201eZeitmaschine\u201c, die wie ein Brief an das eigene Ich klingt, f\u00fchrt seine neue Single \u201eRettest Du Mich\u201c musikalisch den Sound von \u201eZeitmaschine\u201c fort: verzerrte Texturen, pr\u00e4gnante Drumkits und neue Produktion \u2013 irgendwo zwischen Pop, Indie und Elektronik.<br \/>\nAber Fans d\u00fcrfen sich auch auf all die Hits freuen, mit denen Mark Forster mittlerweile Generationen verbindet. Von \u201e\u00dcbermorgen\u201c \u00fcber \u201eCh\u00f6re\u201c und \u201e194 L\u00e4nder\u201c bis \u201eAu Revoir\u201c.<br \/>\nDie Mark Forster Sommer-Shows 2026 versprechen gro\u00dfe und unvergessliche Momente \u2013 zwischen Euphorie, Nachdenken und diesem typischen Forster-Gef\u00fchl: nahbar, echt, zeitlos zu sein.<\/p>","protected":false},"excerpt":{"rendered":"<p>Secure your tickets!<\/p>","protected":false},"featured_media":52447,"template":"","meta":{"_acf_changed":false,"inline_featured_image":false},"product_brand":[],"product_cat":[87,31,398,69,35,6733,21,58],"product_tag":[940,941,3000,942,4546,944,6452,947,948],"class_list":{"0":"post-52443","1":"product","2":"type-product","3":"status-publish","4":"has-post-thumbnail","6":"product_cat-dresden","7":"product_cat-events","8":"product_cat-filmnaechte-am-elbufer","9":"product_cat-konzert","10":"product_cat-orte","11":"product_cat-pop","12":"product_cat-ticket","13":"product_cat-veranstaltung","14":"product_tag-dresden","15":"product_tag-events","16":"product_tag-filmnaechte-am-elbufer","17":"product_tag-konzert","18":"product_tag-mark-forster","19":"product_tag-orte","20":"product_tag-sommer-shows-2026","21":"product_tag-ticket","22":"product_tag-veranstaltung","23":"product_shipping_class-nur_paketversand","24":"pa_discount-kind","25":"pa_discount-normalpreis","26":"pa_preiskategorie-stehplatz","28":"first","29":"instock","30":"taxable","31":"shipping-taxable","32":"purchasable","33":"product-type-variable"},"group_of_quantity":0,"min_quantity":0,"max_quantity":"","exclude_order_quantity_value_rules":"no","exclude_category_quantity_rules":"no","combine_variations":"no","acf":[],"_links":{"self":[{"href":"https:\/\/arena-ticket.com\/en\/wp-json\/wp\/v2\/product\/52443","targetHints":{"allow":["GET"]}}],"collection":[{"href":"https:\/\/arena-ticket.com\/en\/wp-json\/wp\/v2\/product"}],"about":[{"href":"https:\/\/arena-ticket.com\/en\/wp-json\/wp\/v2\/types\/product"}],"wp:featuredmedia":[{"embeddable":true,"href":"https:\/\/arena-ticket.com\/en\/wp-json\/wp\/v2\/media\/52447"}],"wp:attachment":[{"href":"https:\/\/arena-ticket.com\/en\/wp-json\/wp\/v2\/media?parent=52443"}],"wp:term":[{"taxonomy":"product_brand","embeddable":true,"href":"https:\/\/arena-ticket.com\/en\/wp-json\/wp\/v2\/product_brand?post=52443"},{"taxonomy":"product_cat","embeddable":true,"href":"https:\/\/arena-ticket.com\/en\/wp-json\/wp\/v2\/product_cat?post=52443"},{"taxonomy":"product_tag","embeddable":true,"href":"https:\/\/arena-ticket.com\/en\/wp-json\/wp\/v2\/product_tag?post=52443"}],"curies":[{"name":"wp","href":"https:\/\/api.w.org\/{rel}","templated":true}]}}