{"id":52524,"date":"2025-10-22T12:01:28","date_gmt":"2025-10-22T10:01:28","guid":{"rendered":"https:\/\/arena-ticket.com\/?p=52524&#038;post_type=product&#038;preview_id=52524"},"modified":"2026-04-24T17:52:36","modified_gmt":"2026-04-24T15:52:36","slug":"chris-norman-band-lifelines-leipzig-quarterback-immobilien-arena-09-10-2026-1930-uhr","status":"publish","type":"product","link":"https:\/\/arena-ticket.com\/en\/product\/chris-norman-band-lifelines-leipzig-quarterback-immobilien-arena-09-10-2026-1930-uhr\/","title":{"rendered":"Chris Norman & Band - Lifelines"},"content":{"rendered":"<p>&nbsp;<\/p>\n<p>Mit \u201eLIFELINES\u201c nimmt Chris Norman seine riesige Fangemeinde mit auf eine hoch emotionale Zeitreise durch die mehr als 50 Jahre seiner bemerkenswerten Karriere. Damit wird das Konzeptalbum, das im M\u00e4rz 2026 erscheint, zu einer musikalischen Autobiografie. Chris Norman betont: \u201eMein neues Album \u201aLIFELINES\u2018 hat mir die wunderbare M\u00f6glichkeit gegeben, die verschiedenen Abschnitte meines Lebens noch einmal Revue passieren zulassen und Songs zu singen, die mich w\u00e4hrend meiner gesamten musikalischen Laufbahn auf besondere Weise ber\u00fchrt haben.\u201c<br \/>\nJeder Song steht f\u00fcr eine Station im Leben des Ausnahmek\u00fcnstlers \u2013 in ihrer G\u00e4nze ergeben sie einen roten Faden aus Erinnerungen, Emotionen und auch all den musikalischen Einfl\u00fcssen, die Chris Norman im Laufe der Jahre gepr\u00e4gt haben. Den Auftakt macht die erste Single \u201eLIFELINES\u201c, die gleichzeitig den Beginn der Reise in die Vergangenheit symbolisiert: \u201e\u201aLIFELINES\u2018 ist ein Song \u00fcber Erinnerungen und Erfahrungen aus meinem Leben und meiner Karriere \u2013 Momente, die in mir jene starken Gef\u00fchle hervorrufen, wie es nur Musik vermag\u201c, so Chris Norman.<br \/>\nDer 75. Geburtstag ist der perfekte Anlass, innezuhalten und zur\u00fcckzublicken: ob fr\u00fche Kindheitserinnerungen, internationale Charterfolge, bewegende Augenblicke. All das findet Platz und Raum auf \u201eLIFELINES\u201c, das vor allem auch den Menschen hinter dem K\u00fcnstler zeigt. \u201eIch habe einige besondere Songs aus den Jahrzehnten ausgew\u00e4hlt \u2013 St\u00fccke, die mir damals wie heute sehr viel bedeuten. Und ich hoffe, dass sie auch euch viele sch\u00f6ne Erinnerungen zur\u00fcckbringen,\u201c, erkl\u00e4rt Chris Norman. Neben seinen pers\u00f6nlichen Lieblingssongs werden auf dem Album nat\u00fcrlich auch seine Hits wie \u201eMidnight Lady\u201c oder \u201eStumblin\u2018 In\u201c \u2013 das legend\u00e4re Duett mit Suzie Quattro zu finden sein.<\/p>\n<p>Das Herzst\u00fcck des neuen \u201eLIFELINES\u201cKapitels wird die kommende Tournee sein, die im Herbst 2026 durch Deutschland gehen wird. Nat\u00fcrlich werden die \u201eLIFELINES\u201c Songs zusammen mit den Klassikern, die auf keinen Fall fehlen d\u00fcrfen, dann auf die gro\u00dfe B\u00fchne gebracht. Vor allem f\u00fcr die alteingesessenen Fans, die mit der Musik von Chris Norman aufgewachsen sind, werden voll auf ihre Kosten kommen und d\u00fcrfen sich auf eine emotionale, musikalische Lebensreise mit ihrem Idol freuen.<\/p>\n<p>&nbsp;<\/p>\n<p>&nbsp;<\/p>","protected":false},"excerpt":{"rendered":"<p>&nbsp;<\/p>\n<p>Mit \u201eLIFELINES\u201c nimmt Chris Norman seine riesige Fangemeinde mit auf eine hoch emotionale Zeitreise durch die mehr als 50 Jahre seiner bemerkenswerten Karriere.<\/p>","protected":false},"featured_media":52539,"template":"","meta":{"_acf_changed":false,"inline_featured_image":false},"product_brand":[],"product_cat":[31,69,86,35,37,6732,21,22,58],"product_tag":[6458,941,942,943,6459,944,945,6804,947,973,948],"class_list":{"0":"post-52524","1":"product","2":"type-product","3":"status-publish","4":"has-post-thumbnail","6":"product_cat-events","7":"product_cat-konzert","8":"product_cat-leipzig","9":"product_cat-orte","10":"product_cat-quarterback-immobilien-arena","11":"product_cat-rock-hard-rock","12":"product_cat-ticket","13":"product_cat-ticketupgrades-zusatzleistungen","14":"product_cat-veranstaltung","15":"product_tag-chris-norman-band","16":"product_tag-events","17":"product_tag-konzert","18":"product_tag-leipzig","19":"product_tag-lifelines","20":"product_tag-orte","21":"product_tag-quarterback-immobilien-arena","22":"product_tag-rock-hard-rock","23":"product_tag-ticket","24":"product_tag-ticketupgrades-zusatzleistungen","25":"product_tag-veranstaltung","26":"product_shipping_class-abholung_paketversand","27":"pa_discount-inklusive-begleitperson","28":"pa_discount-normalpreis","29":"pa_preiskategorie-ggv-up","30":"pa_preiskategorie-pgv-up","31":"pa_preiskategorie-pk-i","32":"pa_preiskategorie-pk-ii","33":"pa_preiskategorie-pk-iii","34":"pa_preiskategorie-pk-iv","35":"pa_preiskategorie-pk-v","36":"pa_preiskategorie-premium","37":"pa_preiskategorie-rollstuhlfahrer","38":"pa_preiskategorie-vip-package-backstage-club","39":"pa_preiskategorie-vipu-up","41":"first","42":"instock","43":"featured","44":"taxable","45":"shipping-taxable","46":"purchasable","47":"product-type-variable"},"group_of_quantity":0,"min_quantity":0,"max_quantity":"","exclude_order_quantity_value_rules":"no","exclude_category_quantity_rules":"no","combine_variations":"no","acf":[],"_links":{"self":[{"href":"https:\/\/arena-ticket.com\/en\/wp-json\/wp\/v2\/product\/52524","targetHints":{"allow":["GET"]}}],"collection":[{"href":"https:\/\/arena-ticket.com\/en\/wp-json\/wp\/v2\/product"}],"about":[{"href":"https:\/\/arena-ticket.com\/en\/wp-json\/wp\/v2\/types\/product"}],"wp:featuredmedia":[{"embeddable":true,"href":"https:\/\/arena-ticket.com\/en\/wp-json\/wp\/v2\/media\/52539"}],"wp:attachment":[{"href":"https:\/\/arena-ticket.com\/en\/wp-json\/wp\/v2\/media?parent=52524"}],"wp:term":[{"taxonomy":"product_brand","embeddable":true,"href":"https:\/\/arena-ticket.com\/en\/wp-json\/wp\/v2\/product_brand?post=52524"},{"taxonomy":"product_cat","embeddable":true,"href":"https:\/\/arena-ticket.com\/en\/wp-json\/wp\/v2\/product_cat?post=52524"},{"taxonomy":"product_tag","embeddable":true,"href":"https:\/\/arena-ticket.com\/en\/wp-json\/wp\/v2\/product_tag?post=52524"}],"curies":[{"name":"wp","href":"https:\/\/api.w.org\/{rel}","templated":true}]}}