{"id":52571,"date":"2025-10-22T18:06:18","date_gmt":"2025-10-22T16:06:18","guid":{"rendered":"https:\/\/arena-ticket.com\/?p=52571&#038;post_type=product&#038;preview_id=52571"},"modified":"2026-01-28T15:11:55","modified_gmt":"2026-01-28T14:11:55","slug":"omd-omds-summer-of-hits-2026-halle-freilichtbuehne-peissnitz-19-08-2026-1900-uhr","status":"publish","type":"product","link":"https:\/\/arena-ticket.com\/en\/product\/omd-omds-summer-of-hits-2026-halle-freilichtbuehne-peissnitz-19-08-2026-1900-uhr\/","title":{"rendered":"OMD  - OMD\u2019s Summer of Hits 2026"},"content":{"rendered":"<p>Acht Open-Air-Konzerte in Hanau, Stuttgart, Bonn, Bremen, Schwerin, Berlin, Halle (Saale) und Dresden<\/p>\n<p>Mit u\u0308ber 40 Millionen verkauften Tontr\u00e4gern und einer Karriere, die seit mehr als vier Jahrzehnten andauert, z\u00e4hlen Orchestral Manoeuvres in the Dark (OMD) zu den pr\u00e4genden Pionieren des Synthpop.<\/p>\n<p>Im Sommer 2026 kehrt die britische Band mit OMD\u2019s Summer of Hits fu\u0308r acht gro\u00dfe Open-Air-Konzerte\u00a0nach Deutschland zuru\u0308ck. Die Tour fu\u0308hrt sie nach Hanau, Stuttgart, Bonn, Bremen, Schwerin, Berlin,\u00a0Halle (Saale) und Dresden \u2013 mit einem Programm, das ihre gr\u00f6\u00dften Klassiker ebenso feiert wie ihr\u00a0aktuelles Schaffen.<\/p>\n<p>Seit ihrer Gru\u0308ndung 1978 in Wirral, England, verbinden OMD experimentelle Elektronik mit eing\u00e4ngigen\u00a0Popmelodien \u2013 eine Mischung, die sie mit Songs wie Enola Gay, Souvenir, Maid of Orleans oder If You\u00a0Leave zu weltweiten Erfolgen fu\u0308hrte. Nach dem gefeierten Studioalbum Bauhaus Staircase (2023), das\u00a0als ihr bisher politischstes Werk gilt, folgte 2024 eine ausverkaufte UK-Tour mit einem Finale in der\u00a0Londoner O2 Arena sowie umjubelte Auftritte in den USA.<\/p>\n<p>OMD stehen fu\u0308r unverwechselbare Synthesizer-Sounds, energiegeladene Performances und einen\u00a0zeitlosen Stil, der Generationen verbindet \u2013 eine Einladung, den Sommer 2026 tanzend zu verbringen.<\/p>","protected":false},"excerpt":{"rendered":"<p>OMD ku\u0308ndigen Deutschlandtour fu\u0308r Sommer 2026 an! Jetzt Tickets hier sichern!<\/p>","protected":false},"featured_media":52576,"template":"","meta":{"_acf_changed":false,"inline_featured_image":false},"product_brand":[],"product_cat":[6743,31,405,102,69,35,21,58],"product_tag":[6880,941,1004,999,942,2343,6460,944,947,948],"class_list":{"0":"post-52571","1":"product","2":"type-product","3":"status-publish","4":"has-post-thumbnail","6":"product_cat-dark-darkwave","7":"product_cat-events","8":"product_cat-freilichtbuehne-peissnitz","9":"product_cat-halle","10":"product_cat-konzert","11":"product_cat-orte","12":"product_cat-ticket","13":"product_cat-veranstaltung","14":"product_tag-dark-darkwave","15":"product_tag-events","16":"product_tag-freilichtbuehne-peissnitz","17":"product_tag-halle","18":"product_tag-konzert","19":"product_tag-omd","20":"product_tag-omds-summer-of-hits-2026","21":"product_tag-orte","22":"product_tag-ticket","23":"product_tag-veranstaltung","24":"product_shipping_class-nur_paketversand","25":"pa_discount-freie-platzwahl","26":"pa_discount-vip-golden-circle","27":"pa_discount-inklusive-begleitperson","28":"pa_discount-normalpreis","29":"pa_preiskategorie-front-of-stage-stehplatz","30":"pa_preiskategorie-rollstuhlfahrer","31":"pa_preiskategorie-stehplatz","33":"first","34":"instock","35":"taxable","36":"shipping-taxable","37":"purchasable","38":"product-type-variable"},"group_of_quantity":0,"min_quantity":0,"max_quantity":"","exclude_order_quantity_value_rules":"no","exclude_category_quantity_rules":"no","combine_variations":"no","acf":[],"_links":{"self":[{"href":"https:\/\/arena-ticket.com\/en\/wp-json\/wp\/v2\/product\/52571","targetHints":{"allow":["GET"]}}],"collection":[{"href":"https:\/\/arena-ticket.com\/en\/wp-json\/wp\/v2\/product"}],"about":[{"href":"https:\/\/arena-ticket.com\/en\/wp-json\/wp\/v2\/types\/product"}],"wp:featuredmedia":[{"embeddable":true,"href":"https:\/\/arena-ticket.com\/en\/wp-json\/wp\/v2\/media\/52576"}],"wp:attachment":[{"href":"https:\/\/arena-ticket.com\/en\/wp-json\/wp\/v2\/media?parent=52571"}],"wp:term":[{"taxonomy":"product_brand","embeddable":true,"href":"https:\/\/arena-ticket.com\/en\/wp-json\/wp\/v2\/product_brand?post=52571"},{"taxonomy":"product_cat","embeddable":true,"href":"https:\/\/arena-ticket.com\/en\/wp-json\/wp\/v2\/product_cat?post=52571"},{"taxonomy":"product_tag","embeddable":true,"href":"https:\/\/arena-ticket.com\/en\/wp-json\/wp\/v2\/product_tag?post=52571"}],"curies":[{"name":"wp","href":"https:\/\/api.w.org\/{rel}","templated":true}]}}