{"id":52715,"date":"2025-10-24T19:33:41","date_gmt":"2025-10-24T17:33:41","guid":{"rendered":"https:\/\/arena-ticket.com\/?p=52715&#038;post_type=product&#038;preview_id=52715"},"modified":"2026-02-27T14:48:36","modified_gmt":"2026-02-27T13:48:36","slug":"piano-man-music-by-billy-joel-halle-konzerthalle-ulrichskirche-28-03-2026-2000-uhr","status":"publish","type":"product","link":"https:\/\/arena-ticket.com\/en\/product\/piano-man-music-by-billy-joel-halle-konzerthalle-ulrichskirche-28-03-2026-2000-uhr\/","title":{"rendered":"Piano Man - music by Billy Joel"},"content":{"rendered":"<p>Gehen Sie mit der Band PIANO MAN auf eine musikalische Reise und entdecken Sie die wunderbaren Songs des Weltstars Billy Joel.<\/p>\n<p>Begeistert von der musikalischen Bandbreite anspruchsvoller Lieder haben sich acht Musiker aus Deutschland inspirieren lassen. Sie pr\u00e4sentieren live in einem knapp dreist\u00fcndigen Konzert (incl. Pause), unter der Leitung des Pianisten und S\u00e4ngers Thomas B\u00f6tig die bekannten Hits wie: \u00bbUptown Girl\u00ab, \u00bbMy Life\u00ab, \u00bbLeningrad\u00ab, \u00bbShe's Always A Woman\u00ab, \u00bbWe Didn't Start the Fire\u00ab und nat\u00fcrlich \u00bbPiano Man\u00ab<\/p>\n<p>Musik, die jede Generation ber\u00fchrt! Ein Live-Konzert f\u00fcr die\u00a0ganze\u00a0Familie!<\/p>\n<div class=\"h6 mt-3\">K\u00fcnstler \/ Mitwirkende<\/div>\n<p>Piano Man (Billy Joel Tribute Band)<\/p>","protected":false},"excerpt":{"rendered":"<p>Erleben Sie ein Konzert der Extraklasse! Jetzt schon Tickets sichern!<\/p>","protected":false},"featured_media":52722,"template":"","meta":{"_acf_changed":false,"inline_featured_image":false},"product_brand":[],"product_cat":[31,102,423,64,35,6730,21,58],"product_tag":[941,999,942,2997,6464,6773,944,6463,958,947,948],"class_list":{"0":"post-52715","1":"product","2":"type-product","3":"status-publish","4":"has-post-thumbnail","6":"product_cat-events","7":"product_cat-halle","8":"product_cat-konzerthalle-ulrichskirche","9":"product_cat-musical-show","10":"product_cat-orte","11":"product_cat-show","12":"product_cat-ticket","13":"product_cat-veranstaltung","14":"product_tag-events","15":"product_tag-halle","16":"product_tag-konzert","17":"product_tag-konzerthalle-ulrichskirche","18":"product_tag-music-by-billy-joel","19":"product_tag-musical-show","20":"product_tag-orte","21":"product_tag-piano-man","22":"product_tag-show","23":"product_tag-ticket","24":"product_tag-veranstaltung","25":"product_shipping_class-nur_paketversand","26":"pa_discount-ermaessigt","27":"pa_discount-normalpreis","28":"pa_preiskategorie-pk-i","29":"pa_preiskategorie-pk-ii","30":"pa_preiskategorie-pk-iii","31":"pa_preiskategorie-pk-iv","33":"first","34":"instock","35":"taxable","36":"shipping-taxable","37":"purchasable","38":"product-type-variable"},"group_of_quantity":0,"min_quantity":0,"max_quantity":"","exclude_order_quantity_value_rules":"no","exclude_category_quantity_rules":"no","combine_variations":"no","acf":[],"_links":{"self":[{"href":"https:\/\/arena-ticket.com\/en\/wp-json\/wp\/v2\/product\/52715","targetHints":{"allow":["GET"]}}],"collection":[{"href":"https:\/\/arena-ticket.com\/en\/wp-json\/wp\/v2\/product"}],"about":[{"href":"https:\/\/arena-ticket.com\/en\/wp-json\/wp\/v2\/types\/product"}],"wp:featuredmedia":[{"embeddable":true,"href":"https:\/\/arena-ticket.com\/en\/wp-json\/wp\/v2\/media\/52722"}],"wp:attachment":[{"href":"https:\/\/arena-ticket.com\/en\/wp-json\/wp\/v2\/media?parent=52715"}],"wp:term":[{"taxonomy":"product_brand","embeddable":true,"href":"https:\/\/arena-ticket.com\/en\/wp-json\/wp\/v2\/product_brand?post=52715"},{"taxonomy":"product_cat","embeddable":true,"href":"https:\/\/arena-ticket.com\/en\/wp-json\/wp\/v2\/product_cat?post=52715"},{"taxonomy":"product_tag","embeddable":true,"href":"https:\/\/arena-ticket.com\/en\/wp-json\/wp\/v2\/product_tag?post=52715"}],"curies":[{"name":"wp","href":"https:\/\/api.w.org\/{rel}","templated":true}]}}