{"id":52881,"date":"2025-10-27T10:44:45","date_gmt":"2025-10-27T09:44:45","guid":{"rendered":"https:\/\/arena-ticket.com\/?p=52881&#038;post_type=product&#038;preview_id=52881"},"modified":"2026-04-04T11:26:41","modified_gmt":"2026-04-04T09:26:41","slug":"weimar-invictus-tour-part-ii-leipzig-quarterback-immobilien-arena-05-12-2026-1930-uhr","status":"publish","type":"product","link":"https:\/\/arena-ticket.com\/en\/product\/weimar-invictus-tour-part-ii-leipzig-quarterback-immobilien-arena-05-12-2026-1930-uhr\/","title":{"rendered":"Weimar - Invictus Tour Part II"},"content":{"rendered":"<p>Weimar steigt wieder in den Ring, um mit euch die legend\u00e4re Invictus Tour aus<br \/>\n2025 fortzusetzen, und weil wir wissen, dass ihr euch nach L\u00e4rm, Schwei\u00df und<br \/>\nkathartischer Ekstase sehnt, bringen wir euch dieses Spektakel in sieben<br \/>\nBundesl\u00e4nder, nach \u00d6sterreich und in vier der gr\u00f6\u00dften Arenen Deutschlands!<br \/>\nDer Band eilt bereits jetzt der Ruf voraus, eine der textfestesten und lautesten<br \/>\nCrowds der gesamten Republik ihr Kollektiv nennen zu d\u00fcrfen \u2013 von der Row-One<br \/>\nbis in die letzte Reihe. Wer schon einmal dabei war, wei\u00df, wovon hier die Rede ist.<br \/>\nWeimar kommt! Macht euch bereit!<\/p>\n<p>&nbsp;<\/p>\n<p>&nbsp;<\/p>","protected":false},"excerpt":{"rendered":"<p>No admission for children under 6 years!<\/p>\n<p>Kinder bis 12 Jahren zahlen einen erm\u00e4\u00dfigten Preis! Kinder ab 12 Jahren zahlen den vollen Eintrittspreis!<\/p>","protected":false},"featured_media":52898,"template":"","meta":{"_acf_changed":false,"inline_featured_image":false},"product_brand":[],"product_cat":[31,69,86,35,37,6732,21,22,58],"product_tag":[941,6466,942,943,944,945,6804,947,973,948,6465],"class_list":{"0":"post-52881","1":"product","2":"type-product","3":"status-publish","4":"has-post-thumbnail","6":"product_cat-events","7":"product_cat-konzert","8":"product_cat-leipzig","9":"product_cat-orte","10":"product_cat-quarterback-immobilien-arena","11":"product_cat-rock-hard-rock","12":"product_cat-ticket","13":"product_cat-ticketupgrades-zusatzleistungen","14":"product_cat-veranstaltung","15":"product_tag-events","16":"product_tag-invictus-tour-part-ii","17":"product_tag-konzert","18":"product_tag-leipzig","19":"product_tag-orte","20":"product_tag-quarterback-immobilien-arena","21":"product_tag-rock-hard-rock","22":"product_tag-ticket","23":"product_tag-ticketupgrades-zusatzleistungen","24":"product_tag-veranstaltung","25":"product_tag-weimar","26":"product_shipping_class-abholung_paketversand","27":"pa_discount-inklusive-begleitperson","28":"pa_discount-kind","29":"pa_discount-normalpreis","30":"pa_preiskategorie-ggv-up","31":"pa_preiskategorie-pgv-up","32":"pa_preiskategorie-pk-i","33":"pa_preiskategorie-pk-ii","34":"pa_preiskategorie-pk-iv","35":"pa_preiskategorie-pk-v","36":"pa_preiskategorie-rollstuhlfahrer","37":"pa_preiskategorie-stehplatz","39":"first","40":"instock","41":"taxable","42":"shipping-taxable","43":"purchasable","44":"product-type-variable"},"group_of_quantity":0,"min_quantity":0,"max_quantity":"","exclude_order_quantity_value_rules":"no","exclude_category_quantity_rules":"no","combine_variations":"no","acf":[],"_links":{"self":[{"href":"https:\/\/arena-ticket.com\/en\/wp-json\/wp\/v2\/product\/52881","targetHints":{"allow":["GET"]}}],"collection":[{"href":"https:\/\/arena-ticket.com\/en\/wp-json\/wp\/v2\/product"}],"about":[{"href":"https:\/\/arena-ticket.com\/en\/wp-json\/wp\/v2\/types\/product"}],"wp:featuredmedia":[{"embeddable":true,"href":"https:\/\/arena-ticket.com\/en\/wp-json\/wp\/v2\/media\/52898"}],"wp:attachment":[{"href":"https:\/\/arena-ticket.com\/en\/wp-json\/wp\/v2\/media?parent=52881"}],"wp:term":[{"taxonomy":"product_brand","embeddable":true,"href":"https:\/\/arena-ticket.com\/en\/wp-json\/wp\/v2\/product_brand?post=52881"},{"taxonomy":"product_cat","embeddable":true,"href":"https:\/\/arena-ticket.com\/en\/wp-json\/wp\/v2\/product_cat?post=52881"},{"taxonomy":"product_tag","embeddable":true,"href":"https:\/\/arena-ticket.com\/en\/wp-json\/wp\/v2\/product_tag?post=52881"}],"curies":[{"name":"wp","href":"https:\/\/api.w.org\/{rel}","templated":true}]}}