{"id":52992,"date":"2025-10-27T13:54:20","date_gmt":"2025-10-27T12:54:20","guid":{"rendered":"https:\/\/arena-ticket.com\/?p=52992&#038;post_type=product&#038;preview_id=52992"},"modified":"2025-11-06T16:20:06","modified_gmt":"2025-11-06T15:20:06","slug":"rb-leipzig-eintracht-frankfurt-05-07-2025-red-bull-arena","status":"publish","type":"product","link":"https:\/\/arena-ticket.com\/en\/product\/rb-leipzig-eintracht-frankfurt-05-07-2025-red-bull-arena\/","title":{"rendered":"RB Leipzig - Eintracht Frankfurt"},"content":{"rendered":"<p><span style=\"color: #333333\"><strong>Discounted tickets:<\/strong><\/span><\/p>\n<p>erm\u00e4\u00dfigt: gegen Vorlage eines g\u00fcltigen Nachweises: Kinder und Jugendliche von 15-18 Jahren, Auszubildende, Rentner, Schwerbehinderte, ALG-II-Empf\u00e4nger\/Leipzig Pass Inhaber, OFC-Mitglieder, Bundesfreiwilligendienstleistende<\/p>\n<p>Pupils\/students: upon presentation of valid proof<\/p>\n<p>Children: 0-14 years. For children aged 0 to 3 years, lap tickets are available at the box office on the day of the game.<\/p>\n<p>&nbsp;<\/p>\n<p>&nbsp;<\/p>\n<p>&nbsp;<\/p>","protected":false},"excerpt":{"rendered":"<p>Die zeitgenaue Terminierung der Partien seitens der DFL erfolgt voraussichtlich in der ersten November-Woche. Der Vorverkauf startet am 28.10.2025, 10:00 Uhr<\/p>","protected":false},"featured_media":49730,"template":"","meta":{"_acf_changed":false,"inline_featured_image":false},"product_brand":[],"product_cat":[31,6751,86,35,36,32,21,58],"product_tag":[4264,941,943,944,2991,970,5642,947],"class_list":{"0":"post-52992","1":"product","2":"type-product","3":"status-publish","4":"has-post-thumbnail","6":"product_cat-events","7":"product_cat-fussball","8":"product_cat-leipzig","9":"product_cat-orte","10":"product_cat-red-bull-arena","11":"product_cat-sport","12":"product_cat-ticket","13":"product_cat-veranstaltung","14":"product_tag-eintracht-frankfurt","15":"product_tag-events","16":"product_tag-leipzig","17":"product_tag-orte","18":"product_tag-rb-leipzig","19":"product_tag-red-bull-arena","20":"product_tag-sport","21":"product_tag-ticket","22":"product_shipping_class-nur_abholung_ticketshop","23":"pa_discount-ermaessigt","24":"pa_discount-kind","25":"pa_discount-normalpreis","26":"pa_discount-schueler-student","27":"pa_preiskategorie-pk-i","28":"pa_preiskategorie-pk-ii","29":"pa_preiskategorie-pk-iii","30":"pa_preiskategorie-pk-iv","31":"pa_preiskategorie-pk4-stehplatz","32":"pa_preiskategorie-pk-v","33":"pa_preiskategorie-pk-vi","35":"first","36":"instock","37":"taxable","38":"shipping-taxable","39":"purchasable","40":"product-type-variable"},"group_of_quantity":0,"min_quantity":0,"max_quantity":"","exclude_order_quantity_value_rules":"no","exclude_category_quantity_rules":"no","combine_variations":"no","acf":[],"_links":{"self":[{"href":"https:\/\/arena-ticket.com\/en\/wp-json\/wp\/v2\/product\/52992","targetHints":{"allow":["GET"]}}],"collection":[{"href":"https:\/\/arena-ticket.com\/en\/wp-json\/wp\/v2\/product"}],"about":[{"href":"https:\/\/arena-ticket.com\/en\/wp-json\/wp\/v2\/types\/product"}],"wp:featuredmedia":[{"embeddable":true,"href":"https:\/\/arena-ticket.com\/en\/wp-json\/wp\/v2\/media\/49730"}],"wp:attachment":[{"href":"https:\/\/arena-ticket.com\/en\/wp-json\/wp\/v2\/media?parent=52992"}],"wp:term":[{"taxonomy":"product_brand","embeddable":true,"href":"https:\/\/arena-ticket.com\/en\/wp-json\/wp\/v2\/product_brand?post=52992"},{"taxonomy":"product_cat","embeddable":true,"href":"https:\/\/arena-ticket.com\/en\/wp-json\/wp\/v2\/product_cat?post=52992"},{"taxonomy":"product_tag","embeddable":true,"href":"https:\/\/arena-ticket.com\/en\/wp-json\/wp\/v2\/product_tag?post=52992"}],"curies":[{"name":"wp","href":"https:\/\/api.w.org\/{rel}","templated":true}]}}