{"id":53110,"date":"2025-10-28T12:05:14","date_gmt":"2025-10-28T11:05:14","guid":{"rendered":"https:\/\/arena-ticket.com\/?p=53110&#038;post_type=product&#038;preview_id=53110"},"modified":"2026-03-03T11:32:24","modified_gmt":"2026-03-03T10:32:24","slug":"blue-25th-anniversary-tour-leipzig-haus-auensee-10-11-2026-2000-uhr","status":"publish","type":"product","link":"https:\/\/arena-ticket.com\/en\/product\/blue-25th-anniversary-tour-leipzig-haus-auensee-10-11-2026-2000-uhr\/","title":{"rendered":"Blue  - 25th Anniversary Tour"},"content":{"rendered":"<h3 data-start=\"191\" data-end=\"285\"><em>Britische Boyband feiert unglaubliches Comeback mit neuem Album und gro\u00dfer Arena-Tournee\u00a0<\/em><\/h3>\n<p data-start=\"287\" data-end=\"707\">Blue sind zur\u00fcck \u2013 und wie!<br data-start=\"318\" data-end=\"321\" \/>Die britische Pop-Sensation feiert ihr 25-j\u00e4hriges Jubil\u00e4um mit einem neuen Studioalbum und einer gro\u00dfen Europa-Tournee. Nach dem riesigen Erfolg der ausverkauften Clubtour im Mai 2026 kommt die Band aufgrund der \u00fcberw\u00e4ltigenden Nachfrage im November 2026 f\u00fcr sechs Arena-Shows in Deutschland zur\u00fcck \u2013 in M\u00fcnchen, Frankfurt, Hamburg, D\u00fcsseldorf, Leipzig und Stuttgart.<\/p>\n<p data-start=\"709\" data-end=\"1102\">Nach \u00fcber zwei Jahrzehnten im Musikgesch\u00e4ft erleben Antony Costa, Duncan James, Lee Ryan und Simon Webbe ein spektakul\u00e4res Revival. Hits wie \u201eAll Rise\u201c, \u201eOne Love\u201c und \u201eU Make Me Wanna\u201c feiern dank Social Media ein virales Comeback und begeistern eine neue Generation von Fans \u2013 w\u00e4hrend langj\u00e4hrige Anh\u00e4nger die Band auf ihren ausverkauften Tourneen quer durch Europa feiern.<\/p>\n<p data-start=\"1104\" data-end=\"1476\">Mit \u00fcber 16 Millionen verkauften Tontr\u00e4gern, zehn Top-10-Singles und drei Nummer-1-Alben geh\u00f6ren Blue zu den erfolgreichsten britischen Pop-Acts der 2000er Jahre. Ihre Karriere ist gespickt mit Brit Awards, MTV Asia Awards und legend\u00e4ren Kollaborationen mit Elton John und Stevie Wonder \u2013 ein Beweis f\u00fcr die au\u00dfergew\u00f6hnliche Strahlkraft der Band.<\/p>\n<p data-start=\"1478\" data-end=\"1781\">Das Erfolgsgeheimnis von Blue: zeitlose Pop-Hymnen, harmonischer Gesang und die F\u00e4higkeit, sich immer wieder neu zu erfinden. Auf TikTok und Instagram feiern ihre neu interpretierten Klassiker Millionen von Views \u2013 ein Beweis, dass Blue nicht nur Nostalgie, sondern Popgeschichte mit Zukunft sind.<\/p>\n<p data-start=\"1783\" data-end=\"2014\">Mit ihrem neuen Album und der gro\u00dfen Jubil\u00e4umstournee \u201e25 Years of Blue\u201c setzen die vier Musiker 2026 ihrer Karriere ein weiteres Highlight \u2013 und beweisen, dass ihre Songs noch immer Herz, Tanzfl\u00e4chen und ganze Arenen f\u00fcllen.<\/p>","protected":false},"excerpt":{"rendered":"<p>Secure your tickets!<\/p>","protected":false},"featured_media":53117,"template":"","meta":{"_acf_changed":false,"inline_featured_image":false},"product_brand":[],"product_cat":[31,344,69,86,35,6733,21,58],"product_tag":[6473,6472,941,962,942,943,944,2506,947,948],"class_list":{"0":"post-53110","1":"product","2":"type-product","3":"status-publish","4":"has-post-thumbnail","6":"product_cat-events","7":"product_cat-haus-auensee","8":"product_cat-konzert","9":"product_cat-leipzig","10":"product_cat-orte","11":"product_cat-pop","12":"product_cat-ticket","13":"product_cat-veranstaltung","14":"product_tag-25th-anniversary-tour","15":"product_tag-blue","16":"product_tag-events","17":"product_tag-haus-auensee","18":"product_tag-konzert","19":"product_tag-leipzig","20":"product_tag-orte","21":"product_tag-pop","22":"product_tag-ticket","23":"product_tag-veranstaltung","24":"product_shipping_class-nur_paketversand","25":"pa_discount-inklusive-begleitperson","26":"pa_discount-normalpreis","27":"pa_preiskategorie-rollstuhlfahrer","28":"pa_preiskategorie-stehplatz","30":"first","31":"instock","32":"taxable","33":"shipping-taxable","34":"purchasable","35":"product-type-variable","36":"has-default-attributes"},"group_of_quantity":0,"min_quantity":0,"max_quantity":"","exclude_order_quantity_value_rules":"no","exclude_category_quantity_rules":"no","combine_variations":"no","acf":[],"_links":{"self":[{"href":"https:\/\/arena-ticket.com\/en\/wp-json\/wp\/v2\/product\/53110","targetHints":{"allow":["GET"]}}],"collection":[{"href":"https:\/\/arena-ticket.com\/en\/wp-json\/wp\/v2\/product"}],"about":[{"href":"https:\/\/arena-ticket.com\/en\/wp-json\/wp\/v2\/types\/product"}],"wp:featuredmedia":[{"embeddable":true,"href":"https:\/\/arena-ticket.com\/en\/wp-json\/wp\/v2\/media\/53117"}],"wp:attachment":[{"href":"https:\/\/arena-ticket.com\/en\/wp-json\/wp\/v2\/media?parent=53110"}],"wp:term":[{"taxonomy":"product_brand","embeddable":true,"href":"https:\/\/arena-ticket.com\/en\/wp-json\/wp\/v2\/product_brand?post=53110"},{"taxonomy":"product_cat","embeddable":true,"href":"https:\/\/arena-ticket.com\/en\/wp-json\/wp\/v2\/product_cat?post=53110"},{"taxonomy":"product_tag","embeddable":true,"href":"https:\/\/arena-ticket.com\/en\/wp-json\/wp\/v2\/product_tag?post=53110"}],"curies":[{"name":"wp","href":"https:\/\/api.w.org\/{rel}","templated":true}]}}