{"id":53138,"date":"2025-10-28T12:27:12","date_gmt":"2025-10-28T11:27:12","guid":{"rendered":"https:\/\/arena-ticket.com\/?p=53138&#038;post_type=product&#038;preview_id=53138"},"modified":"2025-11-21T13:04:28","modified_gmt":"2025-11-21T12:04:28","slug":"matthias-reim-verdammt-ich-lieb-dich-die-jubilaeumstournee-2026-chemnitz-wasserschloss-klaffenbach-08-08-2026-1930-uhr","status":"publish","type":"product","link":"https:\/\/arena-ticket.com\/en\/product\/matthias-reim-verdammt-ich-lieb-dich-die-jubilaeumstournee-2026-chemnitz-wasserschloss-klaffenbach-08-08-2026-1930-uhr\/","title":{"rendered":"MATTHIAS REIM  - VERDAMMT, ICH LIEB DICH! \u2013 Die Jubil\u00e4umstournee 2026"},"content":{"rendered":"<div>Ein Song schrieb Geschichte. Ein Album ver\u00e4nderte alles. Ein K\u00fcnstler begeistert bis heute.<\/div>\n<div>Matthias Reim feiert im n\u00e4chsten Jahr ein besonderes Jubil\u00e4um: 35 Jahre ist es her, dass er mit \u201eVerdammt, ich lieb\u2019 dich\u201c und seinem Deb\u00fctalbum \u201eREIM\u201c das Fundament f\u00fcr seine einzigartig erfolgreiche Karriere gelegt hat.<\/div>\n<div><\/div>\n<div>\u201eREIM\u201c, das im Jahr 1990 erschien und seither \u00fcber 1,5 Millionen Mal verkauft wurde, ist ein echter Meilenstein der deutschen Musikgeschichte. Darauf befanden sich Songs, die bis heute Legendenstatus haben \u2013 allen voran der Megahit \u201eVerdammt, ich lieb\u2019 dich\u201c, aber auch die Single-Auskopplungen \u201eIch hab\u2019 getr\u00e4umt von dir\u201c und \u201eGanz egal\u201c \u2013 Songs, die Millionen Herzen eroberten und bis heute auf keiner Party fehlen d\u00fcrfen.<\/div>\n<div><\/div>\n<div>Sein erstes Album \u2013 seine gr\u00f6\u00dften Hits \u2013 und noch viel mehr!<\/div>\n<div>Als Hommage an den Song, der vor \u00fcber drei Jahrzehnten alles ins Rollen brachte, geht Matthias Reim 2026 auf gro\u00dfe Jubil\u00e4umstournee: \u201eMATTHIAS REIM \u2013 35 JAHRE \u201aVERDAMMT, ICH LIEB\u2019 DICH\u2018 \u2013 DIE Jubil\u00e4umstournee 2026\u201c feiert das Deb\u00fct-Album eines Ausnahmek\u00fcnstlers, der auch heute noch zu den wichtigsten und popul\u00e4rsten Gr\u00f6\u00dfen des Showbiz geh\u00f6rt.<\/div>\n<div><\/div>\n<div>Die Fans d\u00fcrfen sich auf alle 10 Songs des Mega-Albums REIM freuen, die an diesem Abend in voller L\u00e4nge und in derselben Reihenfolge der Track-List gespielt werden.<\/div>\n<div>Erg\u00e4nzt durch ein Best-of aus 35 Jahren Matthias Reim d\u00fcrfen sich Tausende Fans an ihre ganz pers\u00f6nlichen \u201eREIM-MOMENTE\u201c erinnern.<\/div>\n<div><\/div>\n<div>Wer Matthias Reim live erlebt, wei\u00df: Hier geht es nicht um Nostalgie, hier geht es um pure Energie! Wo Reim auf der B\u00fchne steht, wird gerockt, gelacht, geweint und gelebt. 2026 wird all das noch gr\u00f6\u00dfer, noch emotionaler, noch intensiver \u2013 denn diesmal dreht sich alles um den Anfang. Ein Abend voller Erinnerungen, voller Emotionen und Musik, die verbindet.<\/div>\n<div><\/div>\n<div>35 Jahre Leidenschaft. 35 Jahre B\u00fchne. 35 Jahre ein unvergleichlicher Sound. Und jetzt feiern wir zusammen ein Fest, das es so nur einmal geben wird!<\/div>","protected":false},"excerpt":{"rendered":"<div class=\"event__header\" data-v-331ed750=\"\">Secure your tickets!<\/div>","protected":false},"featured_media":53142,"template":"","meta":{"_acf_changed":false,"inline_featured_image":false},"product_brand":[],"product_cat":[103,31,69,35,6734,58,512],"product_tag":[992,941,942,280,948,6474,993],"class_list":{"0":"post-53138","1":"product","2":"type-product","3":"status-publish","4":"has-post-thumbnail","6":"product_cat-chemnitz","7":"product_cat-events","8":"product_cat-konzert","9":"product_cat-orte","10":"product_cat-schlager","11":"product_cat-veranstaltung","12":"product_cat-wasserschloss-klaffenbach","13":"product_tag-chemnitz","14":"product_tag-events","15":"product_tag-konzert","16":"product_tag-matthias-reim","17":"product_tag-veranstaltung","18":"product_tag-verdammt-ich-lieb-dich-die-jubilaeumstournee-2026","19":"product_tag-wasserschloss-klaffenbach","20":"product_shipping_class-nur_paketversand","21":"pa_discount-kind","22":"pa_discount-normalpreis","23":"pa_preiskategorie-stehplatz","25":"first","26":"instock","27":"taxable","28":"shipping-taxable","29":"purchasable","30":"product-type-variable"},"group_of_quantity":0,"min_quantity":0,"max_quantity":"","exclude_order_quantity_value_rules":"no","exclude_category_quantity_rules":"no","combine_variations":"no","acf":[],"_links":{"self":[{"href":"https:\/\/arena-ticket.com\/en\/wp-json\/wp\/v2\/product\/53138","targetHints":{"allow":["GET"]}}],"collection":[{"href":"https:\/\/arena-ticket.com\/en\/wp-json\/wp\/v2\/product"}],"about":[{"href":"https:\/\/arena-ticket.com\/en\/wp-json\/wp\/v2\/types\/product"}],"wp:featuredmedia":[{"embeddable":true,"href":"https:\/\/arena-ticket.com\/en\/wp-json\/wp\/v2\/media\/53142"}],"wp:attachment":[{"href":"https:\/\/arena-ticket.com\/en\/wp-json\/wp\/v2\/media?parent=53138"}],"wp:term":[{"taxonomy":"product_brand","embeddable":true,"href":"https:\/\/arena-ticket.com\/en\/wp-json\/wp\/v2\/product_brand?post=53138"},{"taxonomy":"product_cat","embeddable":true,"href":"https:\/\/arena-ticket.com\/en\/wp-json\/wp\/v2\/product_cat?post=53138"},{"taxonomy":"product_tag","embeddable":true,"href":"https:\/\/arena-ticket.com\/en\/wp-json\/wp\/v2\/product_tag?post=53138"}],"curies":[{"name":"wp","href":"https:\/\/api.w.org\/{rel}","templated":true}]}}