{"id":53164,"date":"2025-10-28T13:01:53","date_gmt":"2025-10-28T12:01:53","guid":{"rendered":"https:\/\/arena-ticket.com\/?p=53164&#038;post_type=product&#038;preview_id=53164"},"modified":"2026-01-10T18:46:26","modified_gmt":"2026-01-10T17:46:26","slug":"nick-cave-the-bad-seeds-tour-2026-dresden-filmnaechte-am-elbufer-02-08-2026-2000-uhr","status":"publish","type":"product","link":"https:\/\/arena-ticket.com\/en\/product\/nick-cave-the-bad-seeds-tour-2026-dresden-filmnaechte-am-elbufer-02-08-2026-2000-uhr\/","title":{"rendered":"Nick Cave & The Bad Seeds  - Tour 2026"},"content":{"rendered":"<p><strong>Livealbum Live God - 05.12.2025 \u00fcberall erh\u00e4ltlich\u00a0<\/strong><\/p>\n<p>Nick Cave gilt seit Jahrzehnten als einer der letzten gro\u00dfen Romantiker der Rockmusik \u2013 ein K\u00fcnstler, der Schmerz und Hoffnung, Apokalypse und Erl\u00f6sung mit derselben Dringlichkeit besingt. Mit den Bad Seeds, jener multinationalen Formation, die 1983 aus den Tr\u00fcmmern von The Birthday Party hervorging, hat Cave ein Werk geschaffen, das sich jeder einfachen Kategorisierung entzieht: zwischen d\u00fcsterem Gospel, literarischer Ballade und eruptivem Rock. 18 Studioalben, unz\u00e4hlige Nebenprojekte, Filmmusiken und literarische Arbeiten zeugen von einer unersch\u00f6pflichen Produktivit\u00e4t.<\/p>\n<p>&nbsp;<\/p>\n<p>Bekannt geworden ist Cave einem breiten Publikum sp\u00e4testens 1995, als er mit Kylie Minogue das Duett \u201eWhere the Wild Roses Grow\u201c sang \u2013 eine \u201eMurder Ballad\u201c, die zugleich morbide und poppig war. Doch die eigentliche Gr\u00f6\u00dfe der Bad Seeds zeigt sich auf der B\u00fchne. Dort entfalten die Lieder ihre volle Kraft: mal fl\u00fcsternd und zerbrechlich, dann wieder entfesselt, fast gewaltsam. Das Publikum ist Teil eines Rituals, in dem Cave, oft mit ausgestreckten Armen am B\u00fchnenrand, eine beinahe biblische Pr\u00e4senz entwickelt.<\/p>\n<p>&nbsp;<\/p>\n<p>Nach dem Erfolg des gefeierten Albums \u201eWild God\u201c und einer restlos ausverkauften Tour 2024\/25 kehren Nick Cave &amp; The Bad Seeds im Sommer 2026 zur\u00fcck nach Europa. Mehr als drei\u00dfig Konzerte sind geplant, von Irland \u00fcber Griechenland bis nach Litauen. In Brighton, der Wahlheimat Caves, wird am 31. Juli ein exklusives UK-Heimspiel stattfinden. Ein symboltr\u00e4chtiger Moment, der f\u00fcr Fans und Stadt gleicherma\u00dfen Geschichte schreiben d\u00fcrfte.<\/p>\n<p>&nbsp;<\/p>\n<p>Doch auch Deutschland darf sich auf eine Serie besonderer Abende freuen: Zwischen Juni und August gastiert die Band u.a. in Lingen (Open Air an der EmslandArena), Berlin (Waldb\u00fchne), Dresden (Filmn\u00e4chte am Elbufer), M\u00fcnchen (K\u00f6nigsplatz) und Bonn (Kunst!Rasen). Wer die Bad Seeds je live erlebt hat, wei\u00df: Hier geht es um weit mehr als Rockmusik. Es sind n\u00e4chtliche Zeremonien, in denen sich Schmerz und Trost, Dunkelheit und Licht miteinander verweben. Eine Erfahrung, die Kritiker*innen regelm\u00e4\u00dfig als \u201eimmens bewegend\u201c und \u201ev\u00f6llig \u00fcberw\u00e4ltigend\u201c beschreiben.<\/p>\n<p>&nbsp;<\/p>\n<p>Der Sommer 2026 verspricht also, ein weiteres Kapitel in der au\u00dfergew\u00f6hnlichen Live-Geschichte von Nick Cave &amp; The Bad Seeds aufzuschlagen \u2013 mit besonderen Open-Air-Konzerten in Deutschland, die Fans nicht verpassen sollten.<\/p>","protected":false},"excerpt":{"rendered":"<p>Secure your tickets!<\/p>","protected":false},"featured_media":53172,"template":"","meta":{"_acf_changed":false,"inline_featured_image":false},"product_brand":[],"product_cat":[87,31,398,69,35,6732,21,58],"product_tag":[940,941,3000,942,6477,944,947,4188,948],"class_list":{"0":"post-53164","1":"product","2":"type-product","3":"status-publish","4":"has-post-thumbnail","6":"product_cat-dresden","7":"product_cat-events","8":"product_cat-filmnaechte-am-elbufer","9":"product_cat-konzert","10":"product_cat-orte","11":"product_cat-rock-hard-rock","12":"product_cat-ticket","13":"product_cat-veranstaltung","14":"product_tag-dresden","15":"product_tag-events","16":"product_tag-filmnaechte-am-elbufer","17":"product_tag-konzert","18":"product_tag-nick-cave-the-bad-seeds","19":"product_tag-orte","20":"product_tag-ticket","21":"product_tag-tour-2026","22":"product_tag-veranstaltung","23":"product_shipping_class-nur_paketversand","24":"pa_discount-kind","25":"pa_discount-normalpreis","26":"pa_preiskategorie-stehplatz","28":"first","29":"instock","30":"taxable","31":"shipping-taxable","32":"purchasable","33":"product-type-variable"},"group_of_quantity":0,"min_quantity":0,"max_quantity":"","exclude_order_quantity_value_rules":"no","exclude_category_quantity_rules":"no","combine_variations":"no","acf":[],"_links":{"self":[{"href":"https:\/\/arena-ticket.com\/en\/wp-json\/wp\/v2\/product\/53164","targetHints":{"allow":["GET"]}}],"collection":[{"href":"https:\/\/arena-ticket.com\/en\/wp-json\/wp\/v2\/product"}],"about":[{"href":"https:\/\/arena-ticket.com\/en\/wp-json\/wp\/v2\/types\/product"}],"wp:featuredmedia":[{"embeddable":true,"href":"https:\/\/arena-ticket.com\/en\/wp-json\/wp\/v2\/media\/53172"}],"wp:attachment":[{"href":"https:\/\/arena-ticket.com\/en\/wp-json\/wp\/v2\/media?parent=53164"}],"wp:term":[{"taxonomy":"product_brand","embeddable":true,"href":"https:\/\/arena-ticket.com\/en\/wp-json\/wp\/v2\/product_brand?post=53164"},{"taxonomy":"product_cat","embeddable":true,"href":"https:\/\/arena-ticket.com\/en\/wp-json\/wp\/v2\/product_cat?post=53164"},{"taxonomy":"product_tag","embeddable":true,"href":"https:\/\/arena-ticket.com\/en\/wp-json\/wp\/v2\/product_tag?post=53164"}],"curies":[{"name":"wp","href":"https:\/\/api.w.org\/{rel}","templated":true}]}}