{"id":53182,"date":"2025-10-28T13:35:43","date_gmt":"2025-10-28T12:35:43","guid":{"rendered":"https:\/\/arena-ticket.com\/?p=53182&#038;post_type=product&#038;preview_id=53182"},"modified":"2026-01-15T18:50:54","modified_gmt":"2026-01-15T17:50:54","slug":"omd-omds-summer-of-hits-dresden-freilichtbuehne-junge-garde-im-grossen-garte-20-08-2026-1900-uhr","status":"publish","type":"product","link":"https:\/\/arena-ticket.com\/en\/product\/omd-omds-summer-of-hits-dresden-freilichtbuehne-junge-garde-im-grossen-garte-20-08-2026-1900-uhr\/","title":{"rendered":"OMD  - OMD's Summer of Hits Dresden"},"content":{"rendered":"<p>OMD ku\u0308ndigen Deutschlandtour fu\u0308r Sommer 2026 an!<\/p>\n<p>Acht Open-Air-Konzerte in Hanau, Stuttgart, Bonn, Bremen, Schwerin, Berlin, Halle (Saale) und Dresden<\/p>\n<p>Mit u\u0308ber 40 Millionen verkauften Tontr\u00e4gern und einer Karriere, die seit mehr als vier Jahrzehnten andauert, z\u00e4hlen Orchestral Manoeuvres in the Dark (OMD) zu den pr\u00e4genden Pionieren des Synthpop.<\/p>\n<p>Im Sommer 2026 kehrt die britische Band mit OMD\u2019s Summer of Hits fu\u0308r acht gro\u00dfe Open-Air-Konzerte nach Deutschland zuru\u0308ck. Die Tour fu\u0308hrt sie nach Hanau, Stuttgart, Bonn, Bremen, Schwerin, Berlin, Halle (Saale) und Dresden \u2013 mit einem Programm, das ihre gr\u00f6\u00dften Klassiker ebenso feiert wie ihr aktuelles Schaffen.<\/p>\n<p>Seit ihrer Gru\u0308ndung 1978 in Wirral, England, verbinden OMD experimentelle Elektronik mit eing\u00e4ngigen Popmelodien \u2013 eine Mischung, die sie mit Songs wie Enola Gay, Souvenir, Maid of Orleans oder If You Leave zu weltweiten Erfolgen fu\u0308hrte. Nach dem gefeierten Studioalbum Bauhaus Staircase (2023), das als ihr bisher politischstes Werk gilt, folgte 2024 eine ausverkaufte UK-Tour mit einem Finale in der Londoner O2 Arena sowie umjubelte Auftritte in den USA.<\/p>\n<p>OMD stehen fu\u0308r unverwechselbare Synthesizer-Sounds, energiegeladene Performances und einen zeitlosen Stil, der Generationen verbindet \u2013 eine Einladung, den Sommer 2026 tanzend zu verbringen.<\/p>","protected":false},"excerpt":{"rendered":"<div class=\"event__header\" data-v-331ed750=\"\">Secure your tickets!<\/div>","protected":false},"featured_media":53194,"template":"","meta":{"_acf_changed":false,"inline_featured_image":false},"product_brand":[],"product_cat":[6743,87,31,403,69,35,58],"product_tag":[940,941,996,942,2343,6478,948],"class_list":{"0":"post-53182","1":"product","2":"type-product","3":"status-publish","4":"has-post-thumbnail","6":"product_cat-dark-darkwave","7":"product_cat-dresden","8":"product_cat-events","9":"product_cat-freilichtbuehne-grosser-garten-junge-garde","10":"product_cat-konzert","11":"product_cat-orte","12":"product_cat-veranstaltung","13":"product_tag-dresden","14":"product_tag-events","15":"product_tag-freilichtbuehne-grosser-garten-junge-garde","16":"product_tag-konzert","17":"product_tag-omd","18":"product_tag-omds-summer-of-hits-dresden","19":"product_tag-veranstaltung","20":"product_shipping_class-nur_paketversand","21":"pa_discount-kind","22":"pa_discount-normalpreis","23":"pa_preiskategorie-freie-platzwahl","25":"first","26":"outofstock","27":"taxable","28":"shipping-taxable","29":"purchasable","30":"product-type-variable"},"group_of_quantity":0,"min_quantity":0,"max_quantity":"","exclude_order_quantity_value_rules":"no","exclude_category_quantity_rules":"no","combine_variations":"no","acf":[],"_links":{"self":[{"href":"https:\/\/arena-ticket.com\/en\/wp-json\/wp\/v2\/product\/53182","targetHints":{"allow":["GET"]}}],"collection":[{"href":"https:\/\/arena-ticket.com\/en\/wp-json\/wp\/v2\/product"}],"about":[{"href":"https:\/\/arena-ticket.com\/en\/wp-json\/wp\/v2\/types\/product"}],"wp:featuredmedia":[{"embeddable":true,"href":"https:\/\/arena-ticket.com\/en\/wp-json\/wp\/v2\/media\/53194"}],"wp:attachment":[{"href":"https:\/\/arena-ticket.com\/en\/wp-json\/wp\/v2\/media?parent=53182"}],"wp:term":[{"taxonomy":"product_brand","embeddable":true,"href":"https:\/\/arena-ticket.com\/en\/wp-json\/wp\/v2\/product_brand?post=53182"},{"taxonomy":"product_cat","embeddable":true,"href":"https:\/\/arena-ticket.com\/en\/wp-json\/wp\/v2\/product_cat?post=53182"},{"taxonomy":"product_tag","embeddable":true,"href":"https:\/\/arena-ticket.com\/en\/wp-json\/wp\/v2\/product_tag?post=53182"}],"curies":[{"name":"wp","href":"https:\/\/api.w.org\/{rel}","templated":true}]}}