{"id":53270,"date":"2025-10-28T15:43:24","date_gmt":"2025-10-28T14:43:24","guid":{"rendered":"https:\/\/arena-ticket.com\/?p=53270&#038;post_type=product&#038;preview_id=53270"},"modified":"2026-03-19T16:53:08","modified_gmt":"2026-03-19T15:53:08","slug":"the-rock-symphony-orchestra-leipzig-quarterback-immobilien-arena-19-03-2026-1900-uhr","status":"publish","type":"product","link":"https:\/\/arena-ticket.com\/en\/product\/the-rock-symphony-orchestra-leipzig-quarterback-immobilien-arena-19-03-2026-1900-uhr\/","title":{"rendered":"The Rock Symphony Orchestra"},"content":{"rendered":"<p>Wenn Rock auf Klassik trifft, entsteht pure Magie.<\/p>\n<p>Das ROCK SYMPHONY Orchestra vereint die rohe Energie des Rock mit der majest\u00e4tischen Wucht eines gro\u00dfen Symphonieorchesters, einem kraftvollen Chor, einer mitrei\u00dfenden Rockband, brillanten Operns\u00e4ngerinnen und einem charismatischen Dirigenten-Multiinstrumentalisten, der Musiker wie Publikum gleicherma\u00dfen verzaubert.<br \/>\nEine Tour voller G\u00e4nsehautmomente.<\/p>\n<p>Highlights sind unter anderem: RAMMSTEIN, METALLICA, SYSTEM OF A DOWN, THE DOORS, NIRVANA, QUEEN, SCORPIONS, MUSE, EVANESCENCE, THE ROLLING STONES, COLDPLAY, EURYTHMICS, NIGHTWISH, AC\/DC, LED ZEPPELIN, BON JOVI, EUROPE, MOZART ROCK \u2013 und viele mehr.<\/p>\n<p>&nbsp;<\/p>","protected":false},"excerpt":{"rendered":"<p>Secure your tickets!<\/p>","protected":false},"featured_media":53281,"template":"","meta":{"_acf_changed":false,"inline_featured_image":false},"product_brand":[],"product_cat":[31,6744,69,86,35,37,21,22,58],"product_tag":[954,941,6811,942,943,944,945,6479,947,973,948],"class_list":{"0":"post-53270","1":"product","2":"type-product","3":"status-publish","4":"has-post-thumbnail","6":"product_cat-events","7":"product_cat-filmmusik","8":"product_cat-konzert","9":"product_cat-leipzig","10":"product_cat-orte","11":"product_cat-quarterback-immobilien-arena","12":"product_cat-ticket","13":"product_cat-ticketupgrades-zusatzleistungen","14":"product_cat-veranstaltung","15":"product_tag-comedy","16":"product_tag-events","17":"product_tag-filmmusik","18":"product_tag-konzert","19":"product_tag-leipzig","20":"product_tag-orte","21":"product_tag-quarterback-immobilien-arena","22":"product_tag-the-rock-symphony-orchestra","23":"product_tag-ticket","24":"product_tag-ticketupgrades-zusatzleistungen","25":"product_tag-veranstaltung","26":"product_shipping_class-abholung_paketversand","27":"pa_discount-inklusive-begleitperson","28":"pa_discount-kind","29":"pa_discount-normalpreis","30":"pa_preiskategorie-ggv-up","31":"pa_preiskategorie-pgv-up","32":"pa_preiskategorie-pk-i","33":"pa_preiskategorie-pk-ii","34":"pa_preiskategorie-pk-iii","35":"pa_preiskategorie-pk-iv","36":"pa_preiskategorie-pk-v","37":"pa_preiskategorie-rollstuhlfahrer","38":"pa_preiskategorie-vip-zusatzleistung","40":"first","41":"instock","42":"taxable","43":"shipping-taxable","44":"purchasable","45":"product-type-variable"},"group_of_quantity":0,"min_quantity":0,"max_quantity":"","exclude_order_quantity_value_rules":"no","exclude_category_quantity_rules":"no","combine_variations":"no","acf":[],"_links":{"self":[{"href":"https:\/\/arena-ticket.com\/en\/wp-json\/wp\/v2\/product\/53270","targetHints":{"allow":["GET"]}}],"collection":[{"href":"https:\/\/arena-ticket.com\/en\/wp-json\/wp\/v2\/product"}],"about":[{"href":"https:\/\/arena-ticket.com\/en\/wp-json\/wp\/v2\/types\/product"}],"wp:featuredmedia":[{"embeddable":true,"href":"https:\/\/arena-ticket.com\/en\/wp-json\/wp\/v2\/media\/53281"}],"wp:attachment":[{"href":"https:\/\/arena-ticket.com\/en\/wp-json\/wp\/v2\/media?parent=53270"}],"wp:term":[{"taxonomy":"product_brand","embeddable":true,"href":"https:\/\/arena-ticket.com\/en\/wp-json\/wp\/v2\/product_brand?post=53270"},{"taxonomy":"product_cat","embeddable":true,"href":"https:\/\/arena-ticket.com\/en\/wp-json\/wp\/v2\/product_cat?post=53270"},{"taxonomy":"product_tag","embeddable":true,"href":"https:\/\/arena-ticket.com\/en\/wp-json\/wp\/v2\/product_tag?post=53270"}],"curies":[{"name":"wp","href":"https:\/\/api.w.org\/{rel}","templated":true}]}}