{"id":53290,"date":"2025-10-28T17:29:40","date_gmt":"2025-10-28T16:29:40","guid":{"rendered":"https:\/\/arena-ticket.com\/?p=53290&#038;post_type=product&#038;preview_id=53290"},"modified":"2025-11-26T10:53:29","modified_gmt":"2025-11-26T09:53:29","slug":"michael-patrick-kelly-traces-open-air-tour-2026-kamenz-hutbergbuehne-kamenz-22-08-2026-1900-uhr","status":"publish","type":"product","link":"https:\/\/arena-ticket.com\/en\/product\/michael-patrick-kelly-traces-open-air-tour-2026-kamenz-hutbergbuehne-kamenz-22-08-2026-1900-uhr\/","title":{"rendered":"Michael Patrick Kelly  - Traces Open Air Tour 2026"},"content":{"rendered":"<p>Michael Patrick Kelly meldet sich nicht nur mit seinem neuen Album \u201eTRACES\u201c zur\u00fcck, das am 31. Oktober erscheint \u2013 er k\u00fcndigt auch eine Reihe von Sommer-Shows f\u00fcr 2026 an.<\/p>\n<p>Nach dem \u00fcberw\u00e4ltigenden Erfolg seiner letzten Tournee, bei der er mehr als 500.000 Fans begeisterte, setzt Michael Patrick Kelly seine Live-Geschichte fort: Auf seiner Fr\u00fchjahrstour 2026 sind die ersten drei Arenashows (Dortmund, Leipzig und Oberhausen) bereits restlos ausverkauft. Mit den best\u00e4tigten Open-Air-Terminen im Sommer legt er nun nach und bringt seine neuen Songs auf einige der sch\u00f6nsten B\u00fchnen des Landes.<\/p>\n<p>Mit \u201eTRACES\u201d schl\u00e4gt Michael Patrick Kelly ein neues Kapitel auf \u2013 musikalisch wie thematisch. Das Album vertont wahre Geschichten \u00fcber Mut, Heilung und Hoffnung und zeichnet damit ein tief bewegendes Bild von Menschlichkeit. Der charismatische Singer-Songwriter mit der unverkennbaren 4-Oktaven-Stimme verbindet Pop, Rock, Folk, und schafft ein intelligentes Genre-Crossover mit Elementen von Indie, Latin und Gospel. Sein Album \u201cTRACES\u201d kann mit hochkar\u00e4tigen Kollaborationen aufwarten, so etwa mit Star-Tenor Jonas Kaufmann, dem London Community Gospel Choir und Arrangeur Will Malone. Produziert in den legend\u00e4ren Air Studios in London und den Berliner Hansa Studios kn\u00fcpft \u201eTRACES\u201d nahtlos an die gro\u00dfen Erfolge seines Vorg\u00e4ngers an: f\u00fcnf Top-5-Radiohits, \u00fcber 400 Millionen Streams und eine halbe Million Konzertbesucher:innen.<\/p>","protected":false},"excerpt":{"rendered":"<p>Secure your tickets!<\/p>","protected":false},"featured_media":53294,"template":"","meta":{"_acf_changed":false,"inline_featured_image":false},"product_brand":[],"product_cat":[31,6482,6481,69,35,6746,21,58],"product_tag":[941,6483,6484,942,4187,944,947,6485,948],"class_list":{"0":"post-53290","1":"product","2":"type-product","3":"status-publish","4":"has-post-thumbnail","6":"product_cat-events","7":"product_cat-hutbergbuehne","8":"product_cat-kamenz","9":"product_cat-konzert","10":"product_cat-orte","11":"product_cat-singer-songwriter","12":"product_cat-ticket","13":"product_cat-veranstaltung","14":"product_tag-events","15":"product_tag-hutbergbuehne","16":"product_tag-kamenz","17":"product_tag-konzert","18":"product_tag-michael-patrick-kelly","19":"product_tag-orte","20":"product_tag-ticket","21":"product_tag-traces-open-air-tour-2026","22":"product_tag-veranstaltung","23":"product_shipping_class-nur_paketversand","24":"pa_discount-kind","25":"pa_discount-normalpreis","26":"pa_preiskategorie-stehplatz","28":"first","29":"instock","30":"featured","31":"taxable","32":"shipping-taxable","33":"purchasable","34":"product-type-variable"},"group_of_quantity":0,"min_quantity":0,"max_quantity":"","exclude_order_quantity_value_rules":"no","exclude_category_quantity_rules":"no","combine_variations":"no","acf":[],"_links":{"self":[{"href":"https:\/\/arena-ticket.com\/en\/wp-json\/wp\/v2\/product\/53290","targetHints":{"allow":["GET"]}}],"collection":[{"href":"https:\/\/arena-ticket.com\/en\/wp-json\/wp\/v2\/product"}],"about":[{"href":"https:\/\/arena-ticket.com\/en\/wp-json\/wp\/v2\/types\/product"}],"wp:featuredmedia":[{"embeddable":true,"href":"https:\/\/arena-ticket.com\/en\/wp-json\/wp\/v2\/media\/53294"}],"wp:attachment":[{"href":"https:\/\/arena-ticket.com\/en\/wp-json\/wp\/v2\/media?parent=53290"}],"wp:term":[{"taxonomy":"product_brand","embeddable":true,"href":"https:\/\/arena-ticket.com\/en\/wp-json\/wp\/v2\/product_brand?post=53290"},{"taxonomy":"product_cat","embeddable":true,"href":"https:\/\/arena-ticket.com\/en\/wp-json\/wp\/v2\/product_cat?post=53290"},{"taxonomy":"product_tag","embeddable":true,"href":"https:\/\/arena-ticket.com\/en\/wp-json\/wp\/v2\/product_tag?post=53290"}],"curies":[{"name":"wp","href":"https:\/\/api.w.org\/{rel}","templated":true}]}}