{"id":53297,"date":"2025-10-28T17:43:02","date_gmt":"2025-10-28T16:43:02","guid":{"rendered":"https:\/\/arena-ticket.com\/?p=53297&#038;post_type=product&#038;preview_id=53297"},"modified":"2026-02-11T17:06:19","modified_gmt":"2026-02-11T16:06:19","slug":"mega-malle-2026-deutschlands-groesste-mallorcaparty-im-sommer-2026-kamenz-hutbergbuehne-kamenz-08-08-2026-1030-uhr","status":"publish","type":"product","link":"https:\/\/arena-ticket.com\/en\/product\/mega-malle-2026-deutschlands-groesste-mallorcaparty-im-sommer-2026-kamenz-hutbergbuehne-kamenz-08-08-2026-1030-uhr\/","title":{"rendered":"MEGA MALLE 2026 - Deutschlands gr\u00f6\u00dfte Mallorcaparty im Sommer 2026"},"content":{"rendered":"<p>Erlebe die ultimative Mallorca Party in Magdeburg! Am 08. August 2026 verwandelt sich der Elbauenpark wieder in eine riesige Partyzone, die an die ber\u00fchmte Playa de Palma erinnert. Das Mega Malle Magdeburg Event bringt die gr\u00f6\u00dften Stars der Mallorca-Szene direkt zu dir. Feiere mit tausenden anderen Partyw\u00fctigen zu den besten Hits und genie\u00dfe eine unvergessliche Nacht voller Stimmung und guter Laune. Sichere dir jetzt deine Tickets f\u00fcr das gr\u00f6\u00dfte Mallorca-Open-Air im Osten Deutschlands!<\/p>","protected":false},"excerpt":{"rendered":"<p>Secure your tickets!<\/p>","protected":false},"featured_media":53304,"template":"","meta":{"_acf_changed":false,"inline_featured_image":false},"product_brand":[],"product_cat":[6738,6480,31,69,319,35,21,58],"product_tag":[1117,6488,6486,941,942,4060,6487,944,947,948],"class_list":{"0":"post-53297","1":"product","2":"type-product","3":"status-publish","4":"has-post-thumbnail","6":"product_cat-dance","7":"product_cat-elbauenpark","8":"product_cat-events","9":"product_cat-konzert","10":"product_cat-magdeburg","11":"product_cat-orte","12":"product_cat-ticket","13":"product_cat-veranstaltung","14":"product_tag-dance","15":"product_tag-deutschlands-groesste-mallorcaparty-im-sommer-2026","16":"product_tag-elbauenpark","17":"product_tag-events","18":"product_tag-konzert","19":"product_tag-magdeburg","20":"product_tag-mega-malle-2026","21":"product_tag-orte","22":"product_tag-ticket","23":"product_tag-veranstaltung","24":"product_shipping_class-nur_paketversand","25":"pa_discount-kind","26":"pa_discount-normalpreis","27":"pa_preiskategorie-stehplatz","29":"first","30":"instock","31":"taxable","32":"shipping-taxable","33":"purchasable","34":"product-type-variable"},"group_of_quantity":0,"min_quantity":0,"max_quantity":"","exclude_order_quantity_value_rules":"no","exclude_category_quantity_rules":"no","combine_variations":"no","acf":[],"_links":{"self":[{"href":"https:\/\/arena-ticket.com\/en\/wp-json\/wp\/v2\/product\/53297","targetHints":{"allow":["GET"]}}],"collection":[{"href":"https:\/\/arena-ticket.com\/en\/wp-json\/wp\/v2\/product"}],"about":[{"href":"https:\/\/arena-ticket.com\/en\/wp-json\/wp\/v2\/types\/product"}],"wp:featuredmedia":[{"embeddable":true,"href":"https:\/\/arena-ticket.com\/en\/wp-json\/wp\/v2\/media\/53304"}],"wp:attachment":[{"href":"https:\/\/arena-ticket.com\/en\/wp-json\/wp\/v2\/media?parent=53297"}],"wp:term":[{"taxonomy":"product_brand","embeddable":true,"href":"https:\/\/arena-ticket.com\/en\/wp-json\/wp\/v2\/product_brand?post=53297"},{"taxonomy":"product_cat","embeddable":true,"href":"https:\/\/arena-ticket.com\/en\/wp-json\/wp\/v2\/product_cat?post=53297"},{"taxonomy":"product_tag","embeddable":true,"href":"https:\/\/arena-ticket.com\/en\/wp-json\/wp\/v2\/product_tag?post=53297"}],"curies":[{"name":"wp","href":"https:\/\/api.w.org\/{rel}","templated":true}]}}