{"id":53499,"date":"2025-10-30T16:12:52","date_gmt":"2025-10-30T15:12:52","guid":{"rendered":"https:\/\/arena-ticket.com\/?p=53499&#038;post_type=product&#038;preview_id=53499"},"modified":"2026-01-23T15:22:53","modified_gmt":"2026-01-23T14:22:53","slug":"stereoact-lena-marie-engel-kamenz-hutbergbuehne-kamenz-12-09-2026-2000-uhr","status":"publish","type":"product","link":"https:\/\/arena-ticket.com\/en\/product\/stereoact-lena-marie-engel-kamenz-hutbergbuehne-kamenz-12-09-2026-2000-uhr\/","title":{"rendered":"Stereoact & Lena Marie Engel - Tour 2026"},"content":{"rendered":"<p>STEREOACT &amp; LENA MARIE ENGEL<\/p>\n<p>Das erfolgreiche Duo Stereoact konnte innerhalb von zehn Monaten gleich zwei Longplayer inden Top 10 der Deutschen Albumcharts platzieren.<br \/>\nIm M\u00e4rz 2021 stieg\u201e#Schlager\u201c auf Platz 6 ein und wurde im Laufe des letzten Jahres zum zweiterfolgreichsten Streaming-Schlager-Album mit 58 Millionen Streams. Nur Helene Fischer konnte dem DJ-und Produzenten-Duo die Top-Position wegschnappen.<br \/>\nZehn Monate sp\u00e4ter schaffte das neue Album \u201e100%Stereoact\u201c den Einstieg auf Platz 8. Der Beweis daf\u00fcr, dass man nicht nur mit Coversongs und Remixen Erfolge feiern kann, sondern auch wieder mit selbst geschriebenen und produzierten Tracks.<br \/>\n\u201e100%Stereoact\u201c, das randvoll mit potenziellen Hits zwischen DeepHouse und elektrifizierten Pop-und Schlagermelodien ist. Singende G\u00e4ste sind dieses Mal neben 90er-Jahre-Superstar Jasmin Wagner aka Bl\u00fcmchen auch wieder Stereoacts Buddy Chris Cronauer.<br \/>\nStereoact setzt nun den Siegeszug unter dem #Schlager-Hashtag fort \u2013 mit dem brandneuen Album \u201e#Schlager 2\u201c, das am 05. August bei ELECTROLA erscheint! Und stieg wieder in die Top10 Charts ein.<br \/>\nSo klingen die gr\u00f6\u00dften Hits aus den 60ern, 70ern, 80ern und 90ern im Jahr 2022: Nur die absoluten Klassiker von Howard Carpendale, Al Bano, Vicky Leandros, Andrea Berg, J\u00fcrgen Drews, Rex G.Marius M\u00fcller-Westernhagen,+ Zu den G\u00e4sten am Mikrofon z\u00e4hlt auch Mickie Krause!<br \/>\nAuf dem Stereoact-Konto konnten bisher \u00fcber 500 Millionen Streams.<br \/>\nDazu kommen ein ganzes Dutzend Gold-und Platinauszeichnungen sowie ein Diamant-Award.<\/p>","protected":false},"excerpt":{"rendered":"<p>Bock auf Electro? Dann seid dabei, wenn Stereoact auflegt! Mach dich bereit f\u00fcr einen unvergesslichen Abend voller mitrei\u00dfender Beats, Hits, Stimmung.<\/p>","protected":false},"featured_media":53502,"template":"","meta":{"_acf_changed":false,"inline_featured_image":false},"product_brand":[],"product_cat":[31,6482,6481,69,35,6734,21,58],"product_tag":[941,6483,6484,942,944,2568,6493,947,4188,948],"class_list":{"0":"post-53499","1":"product","2":"type-product","3":"status-publish","4":"has-post-thumbnail","6":"product_cat-events","7":"product_cat-hutbergbuehne","8":"product_cat-kamenz","9":"product_cat-konzert","10":"product_cat-orte","11":"product_cat-schlager","12":"product_cat-ticket","13":"product_cat-veranstaltung","14":"product_tag-events","15":"product_tag-hutbergbuehne","16":"product_tag-kamenz","17":"product_tag-konzert","18":"product_tag-orte","19":"product_tag-schlager","20":"product_tag-stereoact-lena-marie-engel","21":"product_tag-ticket","22":"product_tag-tour-2026","23":"product_tag-veranstaltung","24":"product_shipping_class-nur_paketversand","25":"pa_discount-kind","26":"pa_discount-normalpreis","27":"pa_preiskategorie-stehplatz","29":"first","30":"instock","31":"taxable","32":"shipping-taxable","33":"purchasable","34":"product-type-variable"},"group_of_quantity":0,"min_quantity":0,"max_quantity":"","exclude_order_quantity_value_rules":"no","exclude_category_quantity_rules":"no","combine_variations":"no","acf":[],"_links":{"self":[{"href":"https:\/\/arena-ticket.com\/en\/wp-json\/wp\/v2\/product\/53499","targetHints":{"allow":["GET"]}}],"collection":[{"href":"https:\/\/arena-ticket.com\/en\/wp-json\/wp\/v2\/product"}],"about":[{"href":"https:\/\/arena-ticket.com\/en\/wp-json\/wp\/v2\/types\/product"}],"wp:featuredmedia":[{"embeddable":true,"href":"https:\/\/arena-ticket.com\/en\/wp-json\/wp\/v2\/media\/53502"}],"wp:attachment":[{"href":"https:\/\/arena-ticket.com\/en\/wp-json\/wp\/v2\/media?parent=53499"}],"wp:term":[{"taxonomy":"product_brand","embeddable":true,"href":"https:\/\/arena-ticket.com\/en\/wp-json\/wp\/v2\/product_brand?post=53499"},{"taxonomy":"product_cat","embeddable":true,"href":"https:\/\/arena-ticket.com\/en\/wp-json\/wp\/v2\/product_cat?post=53499"},{"taxonomy":"product_tag","embeddable":true,"href":"https:\/\/arena-ticket.com\/en\/wp-json\/wp\/v2\/product_tag?post=53499"}],"curies":[{"name":"wp","href":"https:\/\/api.w.org\/{rel}","templated":true}]}}