{"id":53504,"date":"2025-10-30T16:43:04","date_gmt":"2025-10-30T15:43:04","guid":{"rendered":"https:\/\/arena-ticket.com\/?p=53504&#038;post_type=product&#038;preview_id=53504"},"modified":"2025-10-30T16:49:20","modified_gmt":"2025-10-30T15:49:20","slug":"olaf-schubert-und-seine-freunde-jetzt-oder-now-kamenz-hutbergbuehne-kamenz-17-06-2027-2000-uhr","status":"publish","type":"product","link":"https:\/\/arena-ticket.com\/en\/product\/olaf-schubert-und-seine-freunde-jetzt-oder-now-kamenz-hutbergbuehne-kamenz-17-06-2027-2000-uhr\/","title":{"rendered":"Olaf Schubert & seine Freunde  - Jetzt oder now!"},"content":{"rendered":"<p>It is considered elementary school knowledge that a giant of thought like Olaf Schubert knows the answer to every question. But now Schubert is taking the next big step. He is asking questions. Important questions, such as the one - &quot;Now or now?&quot; A question that asks questions itself. The fact that the tail bites its own face is the artist&#039;s very own concern.<\/p>\n<p>Wie nebenbei schuf er mit dieser Frage einen Programmtitel mit internationalem Sound. Daran erkennen wir, Schubert ist mittlerweile multilingual \u2013 wenn nicht gar zweisprachig. Ganz oben angekommen auf der Spitze des Eisbergs der Globalisierung, steht ihm nun alles offen. Die ganze Welt.<br \/>\nAber trotzdem bleibt uns der Ausnahmek\u00fcnstler treu, denn er gibt auch Konzerte in Deutschland, nicht viele, aber immerhin ca. 745. Das zeigt, er hat das geschafft, was nur Wenigen gelingt, trotz des gigantischen Erfolgs bodenst\u00e4ndig zu bleiben.<br \/>\nEin Olaf zum Anfassen m\u00f6chte er sein. Leider jedoch, tut dies kaum jemand, wie er gegen\u00fcber einem gro\u00dfen Nachrichtenmagazin unl\u00e4ngst gestand.<br \/>\nAuf der B\u00fchne erfindet sich Schubert abermals v\u00f6llig neu und genau deshalb bleibt er ganz der Alte. Er geht konsequent seinen Weg, ist aber keiner, der rote Linien \u00fcberschreitet. Nein \u2013 er untergr\u00e4bt sie.<br \/>\nGelbe Linien hingegen \u00fcberspringt er. Dadurch ist er in der Lage, Grenzen zu verschieben, auch unsichtbare, in alle Richtungen gleichzeitig.<\/p>\n<p>He probably doesn&#039;t know how he does it himself. But watching him during his show is a truly fascinating experience, as he even sets off the odd flax rocket during the show.<\/p>\n<p>That\u2019s why almost everyone (even his grandmother) who has ever had the opportunity to see him live simply says, deeply moved: Thank you, Olaf!<\/p>\n<p>His friends Jochen M. Barkas and Mr. Stephan are of course there as always.<\/p>","protected":false},"excerpt":{"rendered":"<p>Secure your tickets!<\/p>","protected":false},"featured_media":53507,"template":"","meta":{"_acf_changed":false,"inline_featured_image":false},"product_brand":[],"product_cat":[6725,31,95,6482,6481,35,21,58],"product_tag":[954,941,6483,4020,6484,6494,944,947,948],"class_list":{"0":"post-53504","1":"product","2":"type-product","3":"status-publish","4":"has-post-thumbnail","6":"product_cat-comedy","7":"product_cat-events","8":"product_cat-humor","9":"product_cat-hutbergbuehne","10":"product_cat-kamenz","11":"product_cat-orte","12":"product_cat-ticket","13":"product_cat-veranstaltung","14":"product_tag-comedy","15":"product_tag-events","16":"product_tag-hutbergbuehne","17":"product_tag-jetzt-oder-now","18":"product_tag-kamenz","19":"product_tag-olaf-schubert-seine-freunde","20":"product_tag-orte","21":"product_tag-ticket","22":"product_tag-veranstaltung","23":"product_shipping_class-nur_paketversand","24":"pa_discount-kind","25":"pa_discount-normalpreis","26":"pa_preiskategorie-freie-platzwahl","28":"first","29":"instock","30":"taxable","31":"shipping-taxable","32":"purchasable","33":"product-type-variable"},"group_of_quantity":0,"min_quantity":0,"max_quantity":"","exclude_order_quantity_value_rules":"no","exclude_category_quantity_rules":"no","combine_variations":"no","acf":[],"_links":{"self":[{"href":"https:\/\/arena-ticket.com\/en\/wp-json\/wp\/v2\/product\/53504","targetHints":{"allow":["GET"]}}],"collection":[{"href":"https:\/\/arena-ticket.com\/en\/wp-json\/wp\/v2\/product"}],"about":[{"href":"https:\/\/arena-ticket.com\/en\/wp-json\/wp\/v2\/types\/product"}],"wp:featuredmedia":[{"embeddable":true,"href":"https:\/\/arena-ticket.com\/en\/wp-json\/wp\/v2\/media\/53507"}],"wp:attachment":[{"href":"https:\/\/arena-ticket.com\/en\/wp-json\/wp\/v2\/media?parent=53504"}],"wp:term":[{"taxonomy":"product_brand","embeddable":true,"href":"https:\/\/arena-ticket.com\/en\/wp-json\/wp\/v2\/product_brand?post=53504"},{"taxonomy":"product_cat","embeddable":true,"href":"https:\/\/arena-ticket.com\/en\/wp-json\/wp\/v2\/product_cat?post=53504"},{"taxonomy":"product_tag","embeddable":true,"href":"https:\/\/arena-ticket.com\/en\/wp-json\/wp\/v2\/product_tag?post=53504"}],"curies":[{"name":"wp","href":"https:\/\/api.w.org\/{rel}","templated":true}]}}