{"id":53934,"date":"2025-11-05T14:15:35","date_gmt":"2025-11-05T13:15:35","guid":{"rendered":"https:\/\/arena-ticket.com\/?p=53934&#038;post_type=product&#038;preview_id=53934"},"modified":"2025-11-13T14:52:19","modified_gmt":"2025-11-13T13:52:19","slug":"pop-divas-leipzig-quarterback-immobilien-arena-17-03-2027-1930-uhr","status":"publish","type":"product","link":"https:\/\/arena-ticket.com\/en\/product\/pop-divas-leipzig-quarterback-immobilien-arena-17-03-2027-1930-uhr\/","title":{"rendered":"Pop Divas - Der Soundtrack Deines Lebens!"},"content":{"rendered":"<p>Vier Divas. Eine B\u00fchne. Alle Hits.<br \/>\nIn der neuen Tribute-Show POP DIVAS erleben die Zuschauer eine mitrei\u00dfende Hommage an vier der<br \/>\ngr\u00f6\u00dften Stimmen der Popgeschichte: Whitney Houston, Cher, C\u00e9line Dion und Adele.<br \/>\nMit beeindruckenden S\u00e4ngerinnen, einer herausragenden Live-Band und einer Inszenierung, die jeder<br \/>\ndieser Ikonen gerecht wird, werden ihre gr\u00f6\u00dften Hits gefeiert.<\/p>\n<p>&nbsp;<\/p>","protected":false},"excerpt":{"rendered":"<p>Secure your tickets!<\/p>","protected":false},"featured_media":53944,"template":"","meta":{"_acf_changed":false,"inline_featured_image":false},"product_brand":[],"product_cat":[86,35,37,21,22],"product_tag":[954,6498,941,943,944,6497,945,947,973,948],"class_list":{"0":"post-53934","1":"product","2":"type-product","3":"status-publish","4":"has-post-thumbnail","6":"product_cat-leipzig","7":"product_cat-orte","8":"product_cat-quarterback-immobilien-arena","9":"product_cat-ticket","10":"product_cat-ticketupgrades-zusatzleistungen","11":"product_tag-comedy","12":"product_tag-der-soundtrack-deines-lebens","13":"product_tag-events","14":"product_tag-leipzig","15":"product_tag-orte","16":"product_tag-pop-divas","17":"product_tag-quarterback-immobilien-arena","18":"product_tag-ticket","19":"product_tag-ticketupgrades-zusatzleistungen","20":"product_tag-veranstaltung","21":"product_shipping_class-abholung_paketversand","22":"pa_discount-inklusive-begleitperson","23":"pa_discount-kind","24":"pa_discount-normalpreis","25":"pa_preiskategorie-ggv-up","26":"pa_preiskategorie-pgv-up","27":"pa_preiskategorie-pk-i","28":"pa_preiskategorie-pk-ii","29":"pa_preiskategorie-pk-iii","30":"pa_preiskategorie-pk-iv","31":"pa_preiskategorie-pk-v","32":"pa_preiskategorie-rollstuhlfahrer","33":"pa_preiskategorie-vip-zusatzleistung","35":"first","36":"instock","37":"taxable","38":"shipping-taxable","39":"purchasable","40":"product-type-variable"},"group_of_quantity":0,"min_quantity":0,"max_quantity":"","exclude_order_quantity_value_rules":"no","exclude_category_quantity_rules":"no","combine_variations":"no","acf":[],"_links":{"self":[{"href":"https:\/\/arena-ticket.com\/en\/wp-json\/wp\/v2\/product\/53934","targetHints":{"allow":["GET"]}}],"collection":[{"href":"https:\/\/arena-ticket.com\/en\/wp-json\/wp\/v2\/product"}],"about":[{"href":"https:\/\/arena-ticket.com\/en\/wp-json\/wp\/v2\/types\/product"}],"wp:featuredmedia":[{"embeddable":true,"href":"https:\/\/arena-ticket.com\/en\/wp-json\/wp\/v2\/media\/53944"}],"wp:attachment":[{"href":"https:\/\/arena-ticket.com\/en\/wp-json\/wp\/v2\/media?parent=53934"}],"wp:term":[{"taxonomy":"product_brand","embeddable":true,"href":"https:\/\/arena-ticket.com\/en\/wp-json\/wp\/v2\/product_brand?post=53934"},{"taxonomy":"product_cat","embeddable":true,"href":"https:\/\/arena-ticket.com\/en\/wp-json\/wp\/v2\/product_cat?post=53934"},{"taxonomy":"product_tag","embeddable":true,"href":"https:\/\/arena-ticket.com\/en\/wp-json\/wp\/v2\/product_tag?post=53934"}],"curies":[{"name":"wp","href":"https:\/\/api.w.org\/{rel}","templated":true}]}}