{"id":54038,"date":"2025-11-06T14:41:48","date_gmt":"2025-11-06T13:41:48","guid":{"rendered":"https:\/\/arena-ticket.com\/?p=54038&#038;post_type=product&#038;preview_id=54038"},"modified":"2025-11-06T14:58:27","modified_gmt":"2025-11-06T13:58:27","slug":"project-pitchfork-epitaph-tour-ii-spec-guest-her-own-world-felsenkeller-leipzig-20-03-2026-2030-uhr","status":"publish","type":"product","link":"https:\/\/arena-ticket.com\/en\/product\/project-pitchfork-epitaph-tour-ii-spec-guest-her-own-world-felsenkeller-leipzig-20-03-2026-2030-uhr\/","title":{"rendered":"PROJECT PITCHFORK - EPITAPH Tour 2026 + spec. guest: Her Own World"},"content":{"rendered":"<div id=\"content\">\n<p>PROJECT PITCHFORK \u2013 EPITAPH Tour II + spec. guest: Her Own World<\/p>\n<p>Die dunkle Seite der elektronischen Musik entfaltet sich!<\/p>\n<p>Die legend\u00e4re Electro-Industrial-Band PROJECT PITCHFORK geht 2025 mit dem neuen Album \u201eEPITAPH\u201c auf Tour und Bandgr\u00fcnder sowie Mastermind Peter Spilles bringt seinen einzigartigen Trademark-Sound aus dunkler Elektronik, kraftvollen Beats und philosophischen Texten zur\u00fcck auf die B\u00fchnen. Dabei pr\u00e4sentiert der Pionier des Dark-Electro-Genres aktuelle Songs aus seinem neuen Album sowie eine Auswahl an klassischen Hits und fr\u00fchen Meilensteinen, die die Fans \u00fcber die Jahre hinweg begleitet haben.<\/p>\n<p>Mit ihren packenden, atmosph\u00e4rischen Soundlandschaften und einer unverwechselbaren \u00c4sthetik ist jede PROJECT PITCHFORK Show ein Erlebnis f\u00fcr sich. Auf der B\u00fchne erwartet das Publikum eine intensive, audiovisuell fesselnde Darbietung, die Spilles\u2018 einzigartigen rastlos-kreativen Geist eindrucksvoll zur Geltung bringt. Mit einer perfekt abgestimmten Lichtshow wird eine einzigartige Atmosph\u00e4re geschaffen, die von der ersten bis zur letzten Note die Zuschauer in ihren Bann zieht. Dunkle, pulsierende Lichter verschmelzen mit der Musik und erschaffen eine vollkommen immersive Welt. Die Liveshows von PROJECT PITCHFORK sind nicht nur Konzerte, sondern komplette Erlebnisse.<\/p>\n<p>&nbsp;<\/p>\n<\/div>","protected":false},"excerpt":{"rendered":"<p>Get your tickets here now!<\/p>","protected":false},"featured_media":54040,"template":"","meta":{"_acf_changed":false,"inline_featured_image":false},"product_brand":[],"product_cat":[6743,31,348,69,86,35,21,58],"product_tag":[6500,941,1476,942,943,944,3137,947,948],"class_list":{"0":"post-54038","1":"product","2":"type-product","3":"status-publish","4":"has-post-thumbnail","6":"product_cat-dark-darkwave","7":"product_cat-events","8":"product_cat-felsenkeller","9":"product_cat-konzert","10":"product_cat-leipzig","11":"product_cat-orte","12":"product_cat-ticket","13":"product_cat-veranstaltung","14":"product_tag-epitaph-tour-2026-spec-guest-her-own-world","15":"product_tag-events","16":"product_tag-felsenkeller","17":"product_tag-konzert","18":"product_tag-leipzig","19":"product_tag-orte","20":"product_tag-project-pitchfork","21":"product_tag-ticket","22":"product_tag-veranstaltung","23":"product_shipping_class-nur_paketversand","24":"pa_discount-normalpreis","25":"pa_preiskategorie-stehplatz","27":"first","28":"instock","29":"taxable","30":"shipping-taxable","31":"purchasable","32":"product-type-variable"},"group_of_quantity":0,"min_quantity":0,"max_quantity":"","exclude_order_quantity_value_rules":"no","exclude_category_quantity_rules":"no","combine_variations":"no","acf":[],"_links":{"self":[{"href":"https:\/\/arena-ticket.com\/en\/wp-json\/wp\/v2\/product\/54038","targetHints":{"allow":["GET"]}}],"collection":[{"href":"https:\/\/arena-ticket.com\/en\/wp-json\/wp\/v2\/product"}],"about":[{"href":"https:\/\/arena-ticket.com\/en\/wp-json\/wp\/v2\/types\/product"}],"wp:featuredmedia":[{"embeddable":true,"href":"https:\/\/arena-ticket.com\/en\/wp-json\/wp\/v2\/media\/54040"}],"wp:attachment":[{"href":"https:\/\/arena-ticket.com\/en\/wp-json\/wp\/v2\/media?parent=54038"}],"wp:term":[{"taxonomy":"product_brand","embeddable":true,"href":"https:\/\/arena-ticket.com\/en\/wp-json\/wp\/v2\/product_brand?post=54038"},{"taxonomy":"product_cat","embeddable":true,"href":"https:\/\/arena-ticket.com\/en\/wp-json\/wp\/v2\/product_cat?post=54038"},{"taxonomy":"product_tag","embeddable":true,"href":"https:\/\/arena-ticket.com\/en\/wp-json\/wp\/v2\/product_tag?post=54038"}],"curies":[{"name":"wp","href":"https:\/\/api.w.org\/{rel}","templated":true}]}}