{"id":54101,"date":"2025-11-07T09:27:47","date_gmt":"2025-11-07T08:27:47","guid":{"rendered":"https:\/\/arena-ticket.com\/?p=54101&#038;post_type=product&#038;preview_id=54101"},"modified":"2026-02-03T17:53:28","modified_gmt":"2026-02-03T16:53:28","slug":"thomas-ruehmann-lebenslieder-peterskirche-leipzig-28-11-2026-1930-uhr","status":"publish","type":"product","link":"https:\/\/arena-ticket.com\/en\/product\/thomas-ruehmann-lebenslieder-peterskirche-leipzig-28-11-2026-1930-uhr\/","title":{"rendered":"Thomas R\u00fchmann  - Lebenslieder"},"content":{"rendered":"<p>Thomas R\u00fchmann<\/p>\n<p>LEBENSLIEDER<\/p>\n<p>Ein Solo.<\/p>\n<p>Poetisch. Schr\u00e4g. Leise.<\/p>\n<p>Wild. Fr\u00f6hlich. Bitter.<\/p>\n<p>Komisch. Fremd. Weit.<\/p>\n<p>Thomas R\u00fchmann -<\/p>\n<p>Musiker und Schauspieler<\/p>\n<p>Thomas R\u00fchmann erz\u00e4hlt die kleinen und gro\u00dfen Geschichten des Lebens. Fr\u00f6hlich, bitter, zart, kr\u00e4ftig, leise, lautstark, immer absichtsvoll, immer spielerisch. Vom Kopf auf den Bauch gestellt. Als S\u00e4nger und Gitarrist in verschiedenen Musikprojekten wie \u201eRichtige Lieder\u201c, \u201eSugar Man\u201c und \u201eJung &amp; Young\u201c. Als vielseitiger Schauspieler im Theater am Rand im Oderbruch. Als Dr. Heilmann in der beliebten Fernsehserie \u201eIn aller Freundschaft\u201c.<\/p>","protected":false},"excerpt":{"rendered":"<p>Secure your tickets!<\/p>","protected":false},"featured_media":54104,"template":"","meta":{"_acf_changed":false,"inline_featured_image":false},"product_brand":[],"product_cat":[31,69,86,35,476,6746,21,58],"product_tag":[941,942,6505,943,944,964,6814,6504,947,948],"class_list":{"0":"post-54101","1":"product","2":"type-product","3":"status-publish","4":"has-post-thumbnail","6":"product_cat-events","7":"product_cat-konzert","8":"product_cat-leipzig","9":"product_cat-orte","10":"product_cat-peterskirche","11":"product_cat-singer-songwriter","12":"product_cat-ticket","13":"product_cat-veranstaltung","14":"product_tag-events","15":"product_tag-konzert","16":"product_tag-lebenslieder","17":"product_tag-leipzig","18":"product_tag-orte","19":"product_tag-peterskirche","20":"product_tag-singer-songwriter","21":"product_tag-thomas-ruehmann","22":"product_tag-ticket","23":"product_tag-veranstaltung","24":"product_shipping_class-nur_paketversand","25":"pa_discount-inklusive-begleitperson","26":"pa_discount-kind-bis-14-jahre","27":"pa_discount-normalpreis","28":"pa_preiskategorie-pk-i","29":"pa_preiskategorie-schwerbeschaedigt","31":"first","32":"instock","33":"taxable","34":"shipping-taxable","35":"purchasable","36":"product-type-variable"},"group_of_quantity":0,"min_quantity":0,"max_quantity":"","exclude_order_quantity_value_rules":"no","exclude_category_quantity_rules":"no","combine_variations":"no","acf":[],"_links":{"self":[{"href":"https:\/\/arena-ticket.com\/en\/wp-json\/wp\/v2\/product\/54101","targetHints":{"allow":["GET"]}}],"collection":[{"href":"https:\/\/arena-ticket.com\/en\/wp-json\/wp\/v2\/product"}],"about":[{"href":"https:\/\/arena-ticket.com\/en\/wp-json\/wp\/v2\/types\/product"}],"wp:featuredmedia":[{"embeddable":true,"href":"https:\/\/arena-ticket.com\/en\/wp-json\/wp\/v2\/media\/54104"}],"wp:attachment":[{"href":"https:\/\/arena-ticket.com\/en\/wp-json\/wp\/v2\/media?parent=54101"}],"wp:term":[{"taxonomy":"product_brand","embeddable":true,"href":"https:\/\/arena-ticket.com\/en\/wp-json\/wp\/v2\/product_brand?post=54101"},{"taxonomy":"product_cat","embeddable":true,"href":"https:\/\/arena-ticket.com\/en\/wp-json\/wp\/v2\/product_cat?post=54101"},{"taxonomy":"product_tag","embeddable":true,"href":"https:\/\/arena-ticket.com\/en\/wp-json\/wp\/v2\/product_tag?post=54101"}],"curies":[{"name":"wp","href":"https:\/\/api.w.org\/{rel}","templated":true}]}}