{"id":54167,"date":"2025-11-07T17:33:20","date_gmt":"2025-11-07T16:33:20","guid":{"rendered":"https:\/\/arena-ticket.com\/?p=54167&#038;post_type=product&#038;preview_id=54167"},"modified":"2026-02-20T10:05:11","modified_gmt":"2026-02-20T09:05:11","slug":"martin-ruetter-schlussaus-leipzig-qia-11-03-2028-2000-uhr","status":"publish","type":"product","link":"https:\/\/arena-ticket.com\/en\/product\/martin-ruetter-schlussaus-leipzig-qia-11-03-2028-2000-uhr\/","title":{"rendered":"Martin R\u00fctter  - SCHLUSS! AUS!"},"content":{"rendered":"<p>Die neue und letzte Live-Tour von und mit Martin R\u00fctter<\/p>\n<p>Er ist der Dogfather. Der Hundeskanzler. Der Mann f\u00fcr alle Felle. Martin R\u00fctter. Und jetzt ist er endlich wieder da - um Abschied zu nehmen. Denn nach 30 Jahren im permanenten Einsatz f\u00fcr die Verst\u00e4ndigung von Zwei- und Vierbeinern, mehr als 6.500 gekitteten Mensch-Hund-Beziehungen, tausenden TV-Stunden und f\u00fcnf Live-Tourneen,<br \/>\nf\u00e4llt der Vorhang nun zum allerletzten Mal.<\/p>\n<p>\u201eSCHLUSS! AUS!\", wenn der Name zum (Live-) Programm wird. Martin R\u00fctter, die Eminenz der internationalen Hundeszene dreht ein allerletztes Mal die richtig gro\u00dfe Runde, um danke zu sagen - und nat\u00fcrlich - um noch mal so richtig einen\u00a0rauszuhauen. Das Beste kommt bekanntlich zum Schluss. Auch diesmal wieder fundiert informativ, erbarmungslos ehrlich. Und vor allem richtig\u00a0lustig.<\/p>\n<p>&nbsp;<\/p>\n<p><span class=\"wixui-rich-text__text\"><br class=\"wixui-rich-text__text\" \/><br class=\"wixui-rich-text__text\" \/><\/span><\/p>","protected":false},"excerpt":{"rendered":"<p>Der Vorverkauf startet am 10.11.2025 10:00 Uhr!<\/p>\n<p><span class=\"wixui-rich-text__text\">\u00a0<\/span><\/p>","protected":false},"featured_media":54170,"template":"","meta":{"_acf_changed":false,"inline_featured_image":false},"product_brand":[],"product_cat":[6725,31,95,86,35,37,21,22,58],"product_tag":[954,941,6774,943,3032,944,945,6508,947,973,948],"class_list":{"0":"post-54167","1":"product","2":"type-product","3":"status-publish","4":"has-post-thumbnail","6":"product_cat-comedy","7":"product_cat-events","8":"product_cat-humor","9":"product_cat-leipzig","10":"product_cat-orte","11":"product_cat-quarterback-immobilien-arena","12":"product_cat-ticket","13":"product_cat-ticketupgrades-zusatzleistungen","14":"product_cat-veranstaltung","15":"product_tag-comedy","16":"product_tag-events","17":"product_tag-humor","18":"product_tag-leipzig","19":"product_tag-martin-ruetter","20":"product_tag-orte","21":"product_tag-quarterback-immobilien-arena","22":"product_tag-schluss-aus","23":"product_tag-ticket","24":"product_tag-ticketupgrades-zusatzleistungen","25":"product_tag-veranstaltung","26":"product_shipping_class-abholung_paketversand","27":"pa_discount-inklusive-begleitperson","28":"pa_discount-normalpreis","29":"pa_discount-vip-sitzplatz","30":"pa_preiskategorie-ggv-up","31":"pa_preiskategorie-pgv-up","32":"pa_preiskategorie-pk-i","33":"pa_preiskategorie-pk-ii","34":"pa_preiskategorie-pk-iii","35":"pa_preiskategorie-rollstuhlfahrer","36":"pa_preiskategorie-vip-package-backstage-club","37":"pa_preiskategorie-vipu-up","39":"first","40":"instock","41":"taxable","42":"shipping-taxable","43":"purchasable","44":"product-type-variable"},"group_of_quantity":0,"min_quantity":0,"max_quantity":"","exclude_order_quantity_value_rules":"no","exclude_category_quantity_rules":"no","combine_variations":"no","acf":[],"_links":{"self":[{"href":"https:\/\/arena-ticket.com\/en\/wp-json\/wp\/v2\/product\/54167","targetHints":{"allow":["GET"]}}],"collection":[{"href":"https:\/\/arena-ticket.com\/en\/wp-json\/wp\/v2\/product"}],"about":[{"href":"https:\/\/arena-ticket.com\/en\/wp-json\/wp\/v2\/types\/product"}],"wp:featuredmedia":[{"embeddable":true,"href":"https:\/\/arena-ticket.com\/en\/wp-json\/wp\/v2\/media\/54170"}],"wp:attachment":[{"href":"https:\/\/arena-ticket.com\/en\/wp-json\/wp\/v2\/media?parent=54167"}],"wp:term":[{"taxonomy":"product_brand","embeddable":true,"href":"https:\/\/arena-ticket.com\/en\/wp-json\/wp\/v2\/product_brand?post=54167"},{"taxonomy":"product_cat","embeddable":true,"href":"https:\/\/arena-ticket.com\/en\/wp-json\/wp\/v2\/product_cat?post=54167"},{"taxonomy":"product_tag","embeddable":true,"href":"https:\/\/arena-ticket.com\/en\/wp-json\/wp\/v2\/product_tag?post=54167"}],"curies":[{"name":"wp","href":"https:\/\/api.w.org\/{rel}","templated":true}]}}