{"id":54373,"date":"2025-11-10T14:27:02","date_gmt":"2025-11-10T13:27:02","guid":{"rendered":"https:\/\/arena-ticket.com\/?p=54373&#038;post_type=product&#038;preview_id=54373"},"modified":"2025-11-10T14:33:32","modified_gmt":"2025-11-10T13:33:32","slug":"florian-kuenstler-alles-nur-geliehen-tour-26-27-leipzig-haus-auensee-24-04-2027-2000-uhr","status":"publish","type":"product","link":"https:\/\/arena-ticket.com\/en\/product\/florian-kuenstler-alles-nur-geliehen-tour-26-27-leipzig-haus-auensee-24-04-2027-2000-uhr\/","title":{"rendered":"Florian K\u00fcnstler - Alles nur geliehen - Tour '26\/'27"},"content":{"rendered":"<p>&nbsp;<\/p>\n<p data-start=\"299\" data-end=\"345\">Nach einem erfolgreichen Konzertjahr 2025 meldet sich Florian K\u00fcnstler mit voller Energie zur\u00fcck: Sein drittes Studioalbum \u201eAlles nur geliehen\u201c erscheint im Sommer 2026, gefolgt von einer gro\u00dfen Open-Air-Tour im Sommer 2026 und einer ausgedehnten Albumtour im Fr\u00fchjahr 2027.<\/p>\n<p>&nbsp;<\/p>\n<p data-start=\"645\" data-end=\"954\">Mit seiner ehrlichen Art, starken Texten und gef\u00fchlvollen Melodien hat sich der Singer-Songwriter aus L\u00fcbeck l\u00e4ngst einen festen Platz in der deutschen Musiklandschaft erobert. Seine Songs erz\u00e4hlen Geschichten, die ber\u00fchren, Hoffnung schenken und tief unter die Haut gehen \u2013 inspiriert vom echten Leben.<\/p>\n<p>&nbsp;<\/p>\n<p data-start=\"956\" data-end=\"1535\">Florian K\u00fcnstler feierte 2020 mit seiner Deb\u00fctsingle \u201eLeise\u201c seinen Durchbruch, 2022 folgte die EP \u201eGute Nachrichten\u201c, 2023 sein erstes Album \u201eGegengewicht\u201c, das auf Platz 11 der deutschen Charts einstieg. Der Hit \u201eKleiner Finger Schwur\u201c wurde mit Gold ausgezeichnet, erreichte Platz 4 der TikTok DE Top 50 und blieb 16 Wochen in den offiziellen Singlecharts. Sein zweites Album \u201eDu bist nicht allein\u201c (2025) stieg sogar auf Platz 3 der Charts \u2013 und festigte seinen Ruf als einer der bedeutendsten deutschen Songwriter seiner Generation.<\/p>\n<p>&nbsp;<\/p>\n<p data-start=\"1537\" data-end=\"1731\">","protected":false},"excerpt":{"rendered":"<p>Mit \u201eAlles nur geliehen\u201c setzt Florian K\u00fcnstler seine Erfolgsgeschichte fort. Live verspricht er Konzerte voller Emotion, N\u00e4he und Leidenschaft \u2013 ob mit Band, im Duo oder solo mit Gitarre.<\/p>","protected":false},"featured_media":54376,"template":"","meta":{"_acf_changed":false,"inline_featured_image":false},"product_brand":[],"product_cat":[31,344,69,86,35,6746,21,58],"product_tag":[6511,941,2853,962,942,943,944,947,948],"class_list":{"0":"post-54373","1":"product","2":"type-product","3":"status-publish","4":"has-post-thumbnail","6":"product_cat-events","7":"product_cat-haus-auensee","8":"product_cat-konzert","9":"product_cat-leipzig","10":"product_cat-orte","11":"product_cat-singer-songwriter","12":"product_cat-ticket","13":"product_cat-veranstaltung","14":"product_tag-alles-nur-geliehen-tour-26-27","15":"product_tag-events","16":"product_tag-florian-kuenstler","17":"product_tag-haus-auensee","18":"product_tag-konzert","19":"product_tag-leipzig","20":"product_tag-orte","21":"product_tag-ticket","22":"product_tag-veranstaltung","23":"product_shipping_class-nur_paketversand","24":"pa_discount-inklusive-begleitperson","25":"pa_discount-normalpreis","26":"pa_preiskategorie-rollstuhlfahrer","27":"pa_preiskategorie-stehplatz","29":"first","30":"instock","31":"taxable","32":"shipping-taxable","33":"purchasable","34":"product-type-variable","35":"has-default-attributes"},"group_of_quantity":0,"min_quantity":0,"max_quantity":"","exclude_order_quantity_value_rules":"no","exclude_category_quantity_rules":"no","combine_variations":"no","acf":[],"_links":{"self":[{"href":"https:\/\/arena-ticket.com\/en\/wp-json\/wp\/v2\/product\/54373","targetHints":{"allow":["GET"]}}],"collection":[{"href":"https:\/\/arena-ticket.com\/en\/wp-json\/wp\/v2\/product"}],"about":[{"href":"https:\/\/arena-ticket.com\/en\/wp-json\/wp\/v2\/types\/product"}],"wp:featuredmedia":[{"embeddable":true,"href":"https:\/\/arena-ticket.com\/en\/wp-json\/wp\/v2\/media\/54376"}],"wp:attachment":[{"href":"https:\/\/arena-ticket.com\/en\/wp-json\/wp\/v2\/media?parent=54373"}],"wp:term":[{"taxonomy":"product_brand","embeddable":true,"href":"https:\/\/arena-ticket.com\/en\/wp-json\/wp\/v2\/product_brand?post=54373"},{"taxonomy":"product_cat","embeddable":true,"href":"https:\/\/arena-ticket.com\/en\/wp-json\/wp\/v2\/product_cat?post=54373"},{"taxonomy":"product_tag","embeddable":true,"href":"https:\/\/arena-ticket.com\/en\/wp-json\/wp\/v2\/product_tag?post=54373"}],"curies":[{"name":"wp","href":"https:\/\/api.w.org\/{rel}","templated":true}]}}