{"id":54393,"date":"2025-11-10T17:01:54","date_gmt":"2025-11-10T16:01:54","guid":{"rendered":"https:\/\/arena-ticket.com\/?p=54393&#038;post_type=product&#038;preview_id=54393"},"modified":"2026-04-13T18:48:25","modified_gmt":"2026-04-13T16:48:25","slug":"pixies-p40-celebrating-40-years-die-jubilaeumstournee-2026-leipzig-parkbuehne-01-07-2026-1930-uhr","status":"publish","type":"product","link":"https:\/\/arena-ticket.com\/en\/product\/pixies-p40-celebrating-40-years-die-jubilaeumstournee-2026-leipzig-parkbuehne-01-07-2026-1930-uhr\/","title":{"rendered":"Pixies  - P 40 - Celebrating 40 Years"},"content":{"rendered":"<p>Vier Jahrzehnte sind eine lange Zeit, und doch wirken die PIXIES, diese widerspenstige Band aus Boston, als h\u00e4tten sie sich der Schwerkraft der Geschichte immer wieder entzogen. 1986 beginnt ihre eigene Geschichte mit einer unscheinbaren Zeitungsanzeige: Charles Thompson, besser bekannt als Black Francis und Gitarrist Joey Santiago suchen eine Bassistin, die H\u00fcsker D\u00fc ebenso sch\u00e4tzt wie Peter, Paul and Mary. Kim Deal meldet sich \u2013 ohne Bass, ohne Erfahrung, aber mit einer Haltung, die den Sound der kommenden Jahre pr\u00e4gen sollte. Gemeinsam mit Schlagzeuger David Lovering formieren sie eine Band, deren Name zuf\u00e4llig aus dem W\u00f6rterbuch gefischt wird: PIXIES. Von den ersten Proben in Loverings Garage bis zur ersten Ver\u00f6ffentlichung \u201eCome On Pilgrim\u201c vergehen nur wenige Monate. Schon bald klingen die PIXIES nach nichts, was es zuvor gegeben hat: surreal, laut, aggressiv, doch zugleich voll merkw\u00fcrdig sch\u00f6ner Melodien. \u201eSurfer Rosa\u201c und vor allem \u201eDoolittle\u201c machen sie Ende der Achtzigerjahre zu Pionier*innen einer neuen Rock-\u00c4sthetik, deren Einfluss un\u00fcbersehbar bleibt. Kurt Cobain etwa bekannte sp\u00e4ter, er habe bei \u201eSmells Like Teen Spirit\u201c schlicht versucht, die PIXIES zu kopieren. Doch das, was die Band so au\u00dfergew\u00f6hnlich macht \u2013 das fragile Gleichgewicht zwischen Francis\u2019 eruptivem Songwriting, Santiagos kantigen Riffs und Deals unverwechselbaren Gesangslinien \u2013 droht sie auch zu zerrei\u00dfen. 1993 ist Schluss, die PIXIES h\u00f6ren auf. F\u00fcr viele Fans ein Schock, f\u00fcr die Musiker*innen eine notwendige Z\u00e4sur. Als sie 2004 wieder zusammenfinden, ist das Erstaunen gro\u00df: Die Band spielt gr\u00f6\u00dfer als je zuvor, erntet Begeisterung bei alten wie neuen Generationen und setzt eine zweite kreative Phase in Gang. Seitdem erscheinen neue Alben und Tourneen folgen Schlag auf Schlag.<\/p>\n<p>Vor allem live bleibt die Band ein Ereignis. Von den fr\u00fchen, chaotischen Clubshows, in denen sie Rockkonventionen sprengten, bis zu den heutigen Festivals: Die PIXIES haben das Live-Erlebnis neu definiert. Keine Anekdoten, kein Smalltalk, daf\u00fcr eine geballte Wucht aus Song auf Song, ein Sound, der zugleich rau und pr\u00e4zise wirkt. Hier geht es nicht um Nostalgie, sondern um unmittelbare Intensit\u00e4t. Mit der \u201eP40 - Celebrating 40 Years\u201c-Tour feiert die Band 2026 nun ihr Jubil\u00e4um. Nach Stationen in Gro\u00dfbritannien und ganz Europa sind auch drei Deutschlandtermine best\u00e4tigt. Im Sommer 2026 werden die PIXIES zeigen, warum sie nach vier Jahrzehnten immer noch zu den wichtigsten Bands der Gegenwart geh\u00f6rt.<span class=\"Apple-converted-space\">\u00a0<\/span><\/p>","protected":false},"excerpt":{"rendered":"<p>Get your tickets here now!<\/p>","protected":false},"featured_media":54397,"template":"","meta":{"_acf_changed":false,"inline_featured_image":false},"product_brand":[],"product_cat":[31,69,86,35,347,6745,21,58],"product_tag":[941,942,943,944,6514,966,6513,6801,947,948],"class_list":{"0":"post-54393","1":"product","2":"type-product","3":"status-publish","4":"has-post-thumbnail","6":"product_cat-events","7":"product_cat-konzert","8":"product_cat-leipzig","9":"product_cat-orte","10":"product_cat-parkbuehne-leipzig","11":"product_cat-punk-punkrock","12":"product_cat-ticket","13":"product_cat-veranstaltung","14":"product_tag-events","15":"product_tag-konzert","16":"product_tag-leipzig","17":"product_tag-orte","18":"product_tag-p-40-celebrating-40-years","19":"product_tag-parkbuehne-leipzig","20":"product_tag-pixies","21":"product_tag-punk-punkrock","22":"product_tag-ticket","23":"product_tag-veranstaltung","24":"product_shipping_class-nur_paketversand","25":"pa_discount-inklusive-begleitperson","26":"pa_discount-kind","27":"pa_discount-normalpreis","28":"pa_preiskategorie-rollstuhlfahrer","29":"pa_preiskategorie-stehplatz","31":"first","32":"outofstock","33":"taxable","34":"shipping-taxable","35":"purchasable","36":"product-type-variable"},"group_of_quantity":0,"min_quantity":0,"max_quantity":"","exclude_order_quantity_value_rules":"no","exclude_category_quantity_rules":"no","combine_variations":"no","acf":[],"_links":{"self":[{"href":"https:\/\/arena-ticket.com\/en\/wp-json\/wp\/v2\/product\/54393","targetHints":{"allow":["GET"]}}],"collection":[{"href":"https:\/\/arena-ticket.com\/en\/wp-json\/wp\/v2\/product"}],"about":[{"href":"https:\/\/arena-ticket.com\/en\/wp-json\/wp\/v2\/types\/product"}],"wp:featuredmedia":[{"embeddable":true,"href":"https:\/\/arena-ticket.com\/en\/wp-json\/wp\/v2\/media\/54397"}],"wp:attachment":[{"href":"https:\/\/arena-ticket.com\/en\/wp-json\/wp\/v2\/media?parent=54393"}],"wp:term":[{"taxonomy":"product_brand","embeddable":true,"href":"https:\/\/arena-ticket.com\/en\/wp-json\/wp\/v2\/product_brand?post=54393"},{"taxonomy":"product_cat","embeddable":true,"href":"https:\/\/arena-ticket.com\/en\/wp-json\/wp\/v2\/product_cat?post=54393"},{"taxonomy":"product_tag","embeddable":true,"href":"https:\/\/arena-ticket.com\/en\/wp-json\/wp\/v2\/product_tag?post=54393"}],"curies":[{"name":"wp","href":"https:\/\/api.w.org\/{rel}","templated":true}]}}