{"id":54405,"date":"2025-11-10T17:24:45","date_gmt":"2025-11-10T16:24:45","guid":{"rendered":"https:\/\/arena-ticket.com\/?p=54405&#038;post_type=product&#038;preview_id=54405"},"modified":"2025-11-10T17:29:53","modified_gmt":"2025-11-10T16:29:53","slug":"bonaparte-20-years-of-riot-happy-birthday-tour-taeubchenthal-leipzig-07-11-2026-2000-uhr","status":"publish","type":"product","link":"https:\/\/arena-ticket.com\/en\/product\/bonaparte-20-years-of-riot-happy-birthday-tour-taeubchenthal-leipzig-07-11-2026-2000-uhr\/","title":{"rendered":"Bonaparte  - \"20 Years of Riot\" - Happy Birthday Tour"},"content":{"rendered":"<p>20 Jahre ist es her, als Bonaparte mit seinem hedonistischen Punk-Zirkus in der legend\u00e4ren Bar25 in Berlin auszog um von den kleinen Kellerclubs bis zu den gro\u00dfen Festivalb\u00fchnen dieser Welt alles in eine verschwitzte feiernde Masse zu verwandeln. Im Jahre 2019 zog sich der Party-Kaiser mit seiner Entourage dann nach 700 Shows in 27 L\u00e4ndern von den gr\u00f6\u00dferen Tourneen zur\u00fcck, um sich in seinem Tonstudio zu verstecken und nebenbei einen Streichelzoo ins Leben zu rufen. Aber ein runder Geburtstag wie dieser muss geb\u00fchrend gefeiert werden und in einer verr\u00fcckten Zeit, wie der unseren, kann man sowieso nur mit mehr Verr\u00fccktheit entgegentreten. So trommelt Bonaparte also den wilden Zirkus f\u00fcr eine \u201e20 years of riot\u201c Happy Birthday Tour zusammen - Mit Konfetti-Glizzer-Pogo Garantie.<\/p>\n<p>&nbsp;<\/p>","protected":false},"excerpt":{"rendered":"<p>Get your tickets now!<\/p>","protected":false},"featured_media":54408,"template":"","meta":{"_acf_changed":false,"inline_featured_image":false},"product_brand":[],"product_cat":[31,69,86,35,6745,499,21,58],"product_tag":[6518,6517,941,942,943,944,967,947,948],"class_list":{"0":"post-54405","1":"product","2":"type-product","3":"status-publish","4":"has-post-thumbnail","6":"product_cat-events","7":"product_cat-konzert","8":"product_cat-leipzig","9":"product_cat-orte","10":"product_cat-punk-punkrock","11":"product_cat-taeubchenthal","12":"product_cat-ticket","13":"product_cat-veranstaltung","14":"product_tag-20-years-of-riot-happy-birthday-tour","15":"product_tag-bonaparte","16":"product_tag-events","17":"product_tag-konzert","18":"product_tag-leipzig","19":"product_tag-orte","20":"product_tag-taeubchenthal","21":"product_tag-ticket","22":"product_tag-veranstaltung","23":"product_shipping_class-nur_paketversand","24":"pa_discount-normalpreis","25":"pa_preiskategorie-stehplatz","27":"first","28":"instock","29":"taxable","30":"shipping-taxable","31":"purchasable","32":"product-type-variable"},"group_of_quantity":0,"min_quantity":0,"max_quantity":"","exclude_order_quantity_value_rules":"no","exclude_category_quantity_rules":"no","combine_variations":"no","acf":[],"_links":{"self":[{"href":"https:\/\/arena-ticket.com\/en\/wp-json\/wp\/v2\/product\/54405","targetHints":{"allow":["GET"]}}],"collection":[{"href":"https:\/\/arena-ticket.com\/en\/wp-json\/wp\/v2\/product"}],"about":[{"href":"https:\/\/arena-ticket.com\/en\/wp-json\/wp\/v2\/types\/product"}],"wp:featuredmedia":[{"embeddable":true,"href":"https:\/\/arena-ticket.com\/en\/wp-json\/wp\/v2\/media\/54408"}],"wp:attachment":[{"href":"https:\/\/arena-ticket.com\/en\/wp-json\/wp\/v2\/media?parent=54405"}],"wp:term":[{"taxonomy":"product_brand","embeddable":true,"href":"https:\/\/arena-ticket.com\/en\/wp-json\/wp\/v2\/product_brand?post=54405"},{"taxonomy":"product_cat","embeddable":true,"href":"https:\/\/arena-ticket.com\/en\/wp-json\/wp\/v2\/product_cat?post=54405"},{"taxonomy":"product_tag","embeddable":true,"href":"https:\/\/arena-ticket.com\/en\/wp-json\/wp\/v2\/product_tag?post=54405"}],"curies":[{"name":"wp","href":"https:\/\/api.w.org\/{rel}","templated":true}]}}