{"id":54413,"date":"2025-11-10T17:32:13","date_gmt":"2025-11-10T16:32:13","guid":{"rendered":"https:\/\/arena-ticket.com\/?p=54413&#038;post_type=product&#038;preview_id=54413"},"modified":"2026-03-25T11:51:55","modified_gmt":"2026-03-25T10:51:55","slug":"zwinger-trio-best-off-chemnitz-theaterplatz-08-08-2026-1930-uhr","status":"publish","type":"product","link":"https:\/\/arena-ticket.com\/en\/product\/zwinger-trio-best-off-chemnitz-theaterplatz-08-08-2026-1930-uhr\/","title":{"rendered":"Zwinger-Trio - Best off"},"content":{"rendered":"<p>Zwinger-Trio Dresden<\/p>\n<h2><\/h2>\n<div class=\"description\">\n<p><u>\u201e44 Jahre \u2013 AUFGETAUCHT\u201c<\/u><\/p>\n<p>Tom Pauls, Peter Kube und J\u00fcrgen Haase feierten gemeinsam vor vier Jahren als \u201eZwinger-Trio\u201c ihr 40-j\u00e4hriges B\u00fchnenjubil\u00e4um.<br \/>\nVierundvierzig Jahre, die sie inzwischen gemeinsam, ohne Unterbrechung \u2013 und erfolgreich auf der B\u00fchne stehen !<br \/>\n\u201eEin Jubil\u00e4um ist meistens ein Datum, an dem eine Null f\u00fcr eine Null von mehreren Nullen gefeiert wird.\u201c \u2013 hier ist es anders\u2026<br \/>\n\u00dcber 40 Jahre Theater, Comedy, Freilichtb\u00fchnen, Tourneen, Autopannen,\u2026<br \/>\nGeschichten, die nur das Leben zu schreiben vermag:<br \/>\nKomisch, tragisch, schr\u00e4g \u2013 kaum glaubhaft und doch so geschehen. Diese verschrobene Mischung aus Comedy und Musikkabarett mit einem geh\u00f6rigen Schuss Selbstironie ist wohl einzigartig.<br \/>\nPerfekter Ulk mit Biss, geistreiche rasant komische non-stop Persiflage. Sie sind halt mit allen Elbwassern gewaschen! Man darf gespannt sein\u2026<\/p>\n<\/div>","protected":false},"excerpt":{"rendered":"<p>Get your tickets now!<\/p>","protected":false},"featured_media":54421,"template":"","meta":{"_acf_changed":false,"inline_featured_image":false},"product_brand":[],"product_cat":[103,31,6741,69,35,4783,21,58],"product_tag":[6519,992,941,942,944,4784,947,948,5192],"class_list":{"0":"post-54413","1":"product","2":"type-product","3":"status-publish","4":"has-post-thumbnail","6":"product_cat-chemnitz","7":"product_cat-events","8":"product_cat-klassik","9":"product_cat-konzert","10":"product_cat-orte","11":"product_cat-theaterplatz-chemnitz","12":"product_cat-ticket","13":"product_cat-veranstaltung","14":"product_tag-best-off","15":"product_tag-chemnitz","16":"product_tag-events","17":"product_tag-konzert","18":"product_tag-orte","19":"product_tag-theaterplatz-chemnitz","20":"product_tag-ticket","21":"product_tag-veranstaltung","22":"product_tag-zwinger-trio","23":"product_shipping_class-nur_paketversand","24":"pa_discount-kind","25":"pa_discount-normalpreis","26":"pa_preiskategorie-pk-i","28":"first","29":"instock","30":"taxable","31":"shipping-taxable","32":"purchasable","33":"product-type-variable"},"group_of_quantity":0,"min_quantity":0,"max_quantity":"","exclude_order_quantity_value_rules":"no","exclude_category_quantity_rules":"no","combine_variations":"no","acf":[],"_links":{"self":[{"href":"https:\/\/arena-ticket.com\/en\/wp-json\/wp\/v2\/product\/54413","targetHints":{"allow":["GET"]}}],"collection":[{"href":"https:\/\/arena-ticket.com\/en\/wp-json\/wp\/v2\/product"}],"about":[{"href":"https:\/\/arena-ticket.com\/en\/wp-json\/wp\/v2\/types\/product"}],"wp:featuredmedia":[{"embeddable":true,"href":"https:\/\/arena-ticket.com\/en\/wp-json\/wp\/v2\/media\/54421"}],"wp:attachment":[{"href":"https:\/\/arena-ticket.com\/en\/wp-json\/wp\/v2\/media?parent=54413"}],"wp:term":[{"taxonomy":"product_brand","embeddable":true,"href":"https:\/\/arena-ticket.com\/en\/wp-json\/wp\/v2\/product_brand?post=54413"},{"taxonomy":"product_cat","embeddable":true,"href":"https:\/\/arena-ticket.com\/en\/wp-json\/wp\/v2\/product_cat?post=54413"},{"taxonomy":"product_tag","embeddable":true,"href":"https:\/\/arena-ticket.com\/en\/wp-json\/wp\/v2\/product_tag?post=54413"}],"curies":[{"name":"wp","href":"https:\/\/api.w.org\/{rel}","templated":true}]}}