{"id":54495,"date":"2025-11-12T12:40:17","date_gmt":"2025-11-12T11:40:17","guid":{"rendered":"https:\/\/arena-ticket.com\/?p=54495&#038;post_type=product&#038;preview_id=54495"},"modified":"2025-11-12T13:06:03","modified_gmt":"2025-11-12T12:06:03","slug":"nino-de-angelo-un-momento-italiano-leipzig-parkbuehne-29-08-2026-1930-uhr","status":"publish","type":"product","link":"https:\/\/arena-ticket.com\/en\/product\/nino-de-angelo-un-momento-italiano-leipzig-parkbuehne-29-08-2026-1930-uhr\/","title":{"rendered":"Nino de Angelo - Un Momento Italiano"},"content":{"rendered":"<p>Nino de Angelo k\u00fcndigt f\u00fcr den Sommer 2026 eine ausgedehnte Open Air Tour auf den sch\u00f6nsten Freilichtb\u00fchnen Deutschlands an. Mit sommerlichen N\u00e4chten unter freiem Himmel erwarten die Besucher emotionale Momente in einer einzigartigen Live-Atmosph\u00e4re. Im Zentrum der Open Airs steht dabei das Album \u201eUn Momento Italiano\u201c von 2004. Seine Fans d\u00fcrfen sich auf neue Live-Interpretationen aus diesem Album freuen. Den Titeltrack \u201eTorner\u00f2\u201c kennen viele bereits als Klassiker aus Nino bisherigen Konzerten und als Duett mit Giovanni aus der Giovanni Zarella Show. Ein italienischer Moment nach dem anderen, der das Herz h\u00f6herschlagen l\u00e4sst. Nat\u00fcrlich wird Nino de Angelo auch seine legend\u00e4ren Songs performen \u2013 von \u201eJenseits bis Eden\u201c bis zu aktuellen St\u00fccken. Ein Set, das Vergangenheit und Gegenwart musikalisch verbindet. Lasciate mi cantare! Ci vediamo\u2026 Nino De Angelo<\/p>\n<p>F\u00fcr Nino de Angelo beginnt eine weitere Etappe auf seinem Weg.<br \/>\nGemeinsam mit seinem Tourneeveranstalter Concertb\u00fcro Zahlmann, arbeitet er back to the roots an der Fortsetzung seines erfolgreichen Schaffens. Ein au\u00dfergew\u00f6hnlicher K\u00fcnstler mit einer bewegten Vergangenheit, m\u00f6chte seinen Fans ein St\u00fcck Lebensgeschichte zur\u00fcckgeben. Ist es seine italienische Herkunft, die ihn zu einem solch charmanten, liebenswerten, energiegeladenen K\u00fcnstler macht? Zweifelsfrei JA! Der Charme, die lebendige Kultur und einzigartige Lebensart Italiens stecken in seinem Blut. Was liegt da n\u00e4her als eine Open Air Tour der italienischen N\u00e4chte in ausgew\u00e4hlten romantischen Schl\u00f6ssern und Parkb\u00fchnen<\/p>\n<p>Deluxe Edition \u201eIrgendwann im Leben = Jetzt &amp; Live ab dem 24. Oktober Er kennt sie alle: Die H\u00f6hen und die Tiefen, Erfolge und Misserfolge, die Schattenseiten und die Sonnenseiten im Rampenlicht. Extreme, die im Fall von Nino de Angelo auch locker f\u00fcr zwei Leben ausreichen w\u00fcrden. 2025 brach f\u00fcr den Ausnahmes\u00e4nger ein neues Schaffenskapitel an, in dem er sich seiner Vergangenheit stellte, w\u00e4hrend er gleichzeitig mit optimistischem Blick nach vorne schaute. Mit seinem aktuellen Album \u201eIrgendwann im Leben\u201c legte der Ausnahmes\u00e4nger das wohl tiefgr\u00fcndigste, bewegendste und zugleich wichtigste Werk in seiner wechselvollen Vita vor! Es folgte eine au\u00dfergew\u00f6hnliche Tournee mit ausverkauften Hallen. Zu Beginn des letzten Drittels seines aufregenden Lebens erfindet sich der charismatische S\u00e4nger und Musiker nun noch einmal ganz neu. Am 24. Oktober erschien zudem die Deluxe Edition \u201eIrgendwann im Leben = Jetzt &amp; Live\u201c.<\/p>","protected":false},"excerpt":{"rendered":"<p>Un Momento Italiano - eine italienische Sommernacht mit Nino de Angelo - Open Air 2026 - Live mit Band<\/p>","protected":false},"featured_media":54498,"template":"","meta":{"_acf_changed":false,"inline_featured_image":false},"product_brand":[],"product_cat":[31,69,86,35,347,6734,21,58],"product_tag":[941,942,943,4159,944,966,947,6520,948],"class_list":{"0":"post-54495","1":"product","2":"type-product","3":"status-publish","4":"has-post-thumbnail","6":"product_cat-events","7":"product_cat-konzert","8":"product_cat-leipzig","9":"product_cat-orte","10":"product_cat-parkbuehne-leipzig","11":"product_cat-schlager","12":"product_cat-ticket","13":"product_cat-veranstaltung","14":"product_tag-events","15":"product_tag-konzert","16":"product_tag-leipzig","17":"product_tag-nino-de-angelo","18":"product_tag-orte","19":"product_tag-parkbuehne-leipzig","20":"product_tag-ticket","21":"product_tag-un-momento-italiano","22":"product_tag-veranstaltung","23":"product_shipping_class-nur_paketversand","24":"pa_discount-inklusive-begleitperson","25":"pa_discount-kind","26":"pa_discount-normalpreis","27":"pa_preiskategorie-rollstuhlfahrer","28":"pa_preiskategorie-stehplatz","30":"first","31":"instock","32":"taxable","33":"shipping-taxable","34":"purchasable","35":"product-type-variable"},"group_of_quantity":0,"min_quantity":0,"max_quantity":"","exclude_order_quantity_value_rules":"no","exclude_category_quantity_rules":"no","combine_variations":"no","acf":[],"_links":{"self":[{"href":"https:\/\/arena-ticket.com\/en\/wp-json\/wp\/v2\/product\/54495","targetHints":{"allow":["GET"]}}],"collection":[{"href":"https:\/\/arena-ticket.com\/en\/wp-json\/wp\/v2\/product"}],"about":[{"href":"https:\/\/arena-ticket.com\/en\/wp-json\/wp\/v2\/types\/product"}],"wp:featuredmedia":[{"embeddable":true,"href":"https:\/\/arena-ticket.com\/en\/wp-json\/wp\/v2\/media\/54498"}],"wp:attachment":[{"href":"https:\/\/arena-ticket.com\/en\/wp-json\/wp\/v2\/media?parent=54495"}],"wp:term":[{"taxonomy":"product_brand","embeddable":true,"href":"https:\/\/arena-ticket.com\/en\/wp-json\/wp\/v2\/product_brand?post=54495"},{"taxonomy":"product_cat","embeddable":true,"href":"https:\/\/arena-ticket.com\/en\/wp-json\/wp\/v2\/product_cat?post=54495"},{"taxonomy":"product_tag","embeddable":true,"href":"https:\/\/arena-ticket.com\/en\/wp-json\/wp\/v2\/product_tag?post=54495"}],"curies":[{"name":"wp","href":"https:\/\/api.w.org\/{rel}","templated":true}]}}