{"id":54526,"date":"2025-11-12T17:59:58","date_gmt":"2025-11-12T16:59:58","guid":{"rendered":"https:\/\/arena-ticket.com\/?p=54526&#038;post_type=product&#038;preview_id=54526"},"modified":"2025-11-13T19:11:42","modified_gmt":"2025-11-13T18:11:42","slug":"viva-el-tango-gewandhaus-zu-leipzig-mendelssohn-saal-07-03-2026-2000-uhr","status":"publish","type":"product","link":"https:\/\/arena-ticket.com\/en\/product\/viva-el-tango-gewandhaus-zu-leipzig-mendelssohn-saal-07-03-2026-2000-uhr\/","title":{"rendered":"Viva el Tango"},"content":{"rendered":"<p>Werke von Astor Piazolla , Angel d'Agostino , Eduard Arolas , Carlos Di Sarli , Francisco Canario<\/p>\n<p>&nbsp;<\/p>\n<p>Quarteto Viva el Tango \u2013 Es lebe der Tango<\/p>\n<p>&nbsp;<\/p>\n<p>Lassen Sie sich vom \"Tango argentino\" verzaubern - ein Tanz, der sinnliche Melancholie und\u00a0feurige Lebensfreude vereint. Dieser Abend steht ganz im Zeichen von Carlos di Sarli, einem<\/p>\n<p>der brillantesten Tango-Komponisten der 1930er Jahre, und Astor Piazzolla, der den\u00a0virtuosen \"Tango nuevo\" der 1950er Jahre ma\u00dfgeblich pr\u00e4gte. Die Zuschauer werden auf<\/p>\n<p>eine musikalische Reise durch die Geschichte des Tangos mitgenommen und k\u00f6nnen die\u00a0verschiedenen Stile und Nuancen hautnah erleben.<\/p>\n<p>&nbsp;<\/p>\n<p>Ein weiteres Highlight des Abends ist die atemberaubende Tanz-Performance der\u00a0renommierten K\u00fcnstler Karin Solana und Andr\u00e8s Sautel. Mit ihrem K\u00f6nnen und ihrer<\/p>\n<p>Leidenschaft bringen sie den Tango zum Leben und verzaubern das Publikum mit ihren\u00a0eleganten Bewegungen und leidenschaftlichen Darbietungen.<\/p>\n<p>&nbsp;<\/p>\n<p>Das erfahrene Ensemble sorgt f\u00fcr eine perfekte Begleitung der T\u00e4nzer und Musiker und\u00a0schafft eine Atmosph\u00e4re, die die Herzen der Zuschauer h\u00f6her schlagen l\u00e4sst.<\/p>\n<p>&nbsp;<\/p>\n<p>Der Tango Argentino repr\u00e4sentiert die kulturelle Identit\u00e4t Argentiniens und wird oft als\u00a0Ausdruck der argentinischen Seele betrachtet. Dennoch erfreut sich der faszinierende und<\/p>\n<p>vielseitige Tanz weltweiter Beliebtheit.<\/p>","protected":false},"excerpt":{"rendered":"<p>Get your tickets here now!<\/p>","protected":false},"featured_media":54533,"template":"","meta":{"_acf_changed":false,"inline_featured_image":false},"product_brand":[],"product_cat":[31,345,922,86,931,35,6766,21,58],"product_tag":[941,956,3020,942,943,3397,944,947,948,6521],"class_list":{"0":"post-54526","1":"product","2":"type-product","3":"status-publish","4":"has-post-thumbnail","6":"product_cat-events","7":"product_cat-gewandhaus","8":"product_cat-kultur","9":"product_cat-leipzig","10":"product_cat-mendelssohn-saal","11":"product_cat-orte","12":"product_cat-tanz","13":"product_cat-ticket","14":"product_cat-veranstaltung","15":"product_tag-events","16":"product_tag-gewandhaus","17":"product_tag-gewandhaus-mendelssohn-saal","18":"product_tag-konzert","19":"product_tag-leipzig","20":"product_tag-mendelssohn-saal","21":"product_tag-orte","22":"product_tag-ticket","23":"product_tag-veranstaltung","24":"product_tag-viva-el-tango","25":"product_shipping_class-nur_paketversand","26":"pa_discount-ermaessigt","27":"pa_discount-leipzig-pass-inhaber","28":"pa_discount-normalpreis","29":"pa_discount-schueler-student","30":"pa_preiskategorie-pk-i","31":"pa_preiskategorie-pk-ii","32":"pa_preiskategorie-pk-iii","34":"first","35":"instock","36":"taxable","37":"shipping-taxable","38":"purchasable","39":"product-type-variable"},"group_of_quantity":0,"min_quantity":0,"max_quantity":"","exclude_order_quantity_value_rules":"no","exclude_category_quantity_rules":"no","combine_variations":"no","acf":[],"_links":{"self":[{"href":"https:\/\/arena-ticket.com\/en\/wp-json\/wp\/v2\/product\/54526","targetHints":{"allow":["GET"]}}],"collection":[{"href":"https:\/\/arena-ticket.com\/en\/wp-json\/wp\/v2\/product"}],"about":[{"href":"https:\/\/arena-ticket.com\/en\/wp-json\/wp\/v2\/types\/product"}],"wp:featuredmedia":[{"embeddable":true,"href":"https:\/\/arena-ticket.com\/en\/wp-json\/wp\/v2\/media\/54533"}],"wp:attachment":[{"href":"https:\/\/arena-ticket.com\/en\/wp-json\/wp\/v2\/media?parent=54526"}],"wp:term":[{"taxonomy":"product_brand","embeddable":true,"href":"https:\/\/arena-ticket.com\/en\/wp-json\/wp\/v2\/product_brand?post=54526"},{"taxonomy":"product_cat","embeddable":true,"href":"https:\/\/arena-ticket.com\/en\/wp-json\/wp\/v2\/product_cat?post=54526"},{"taxonomy":"product_tag","embeddable":true,"href":"https:\/\/arena-ticket.com\/en\/wp-json\/wp\/v2\/product_tag?post=54526"}],"curies":[{"name":"wp","href":"https:\/\/api.w.org\/{rel}","templated":true}]}}