{"id":54610,"date":"2025-11-13T13:27:34","date_gmt":"2025-11-13T12:27:34","guid":{"rendered":"https:\/\/arena-ticket.com\/?p=54610&#038;post_type=product&#038;preview_id=54610"},"modified":"2026-03-11T13:32:58","modified_gmt":"2026-03-11T12:32:58","slug":"johann-koenig-heute-ein-koenig-leipzig-quarterback-immobilien-arena-02-10-2027-2000-uhr","status":"publish","type":"product","link":"https:\/\/arena-ticket.com\/en\/product\/johann-koenig-heute-ein-koenig-leipzig-quarterback-immobilien-arena-02-10-2027-2000-uhr\/","title":{"rendered":"Johann K\u00f6nig - Heute ein K\u00f6nig"},"content":{"rendered":"<p data-olk-copy-source=\"MessageBody\">Seine neue Live-Show ist ein ungeschminktes Abbild seiner h\u00e4uslichen Situation und wir wissen: Johann kommt aus schwierigen Verh\u00e4ltnissen. Kater Hekto-Pascal leidet an \u00dcbergewicht, seine Frau an einer Hungerunvertr\u00e4glichkeit - und alle drei Kinder sind noch immer im schulpflichtigen Alter.<br \/>\nDoch der K\u00f6nig unter den Johanns versteht es meisterlich, den anfallenden famili\u00e4ren Irrsinn umzum\u00fcnzen. Umzum\u00fcnzen ins Gegenteil. In weise, wahnwitzige und wundervolle Wortwellen.<br \/>\nIn leuchtende Lieder und goldige Gedichte.<br \/>\nSeine Methode ist dabei kein Geheimnis. Wie der Blitz reibt dieser Gl\u00fcckspilz Witz und Grips aneinander und entfacht so ein donnerndes Synapsenfeuerwerk, das noch Tage sp\u00e4ter zuckt und Funken schl\u00e4gt. Dabei kommen ihm seine hingebungsvolle Bescheidenheit und die selbstlose Aufopferung f\u00fcr sein Publikum zugute. Statt selbst auf den Thron hinauf, setzt er dem Spa\u00df die Krone auf. What auch ever. Johann K\u00f6nigs Humor ist wie Spr\u00fchsahne auf einem frischgezapften Pils. Irgendwie t\u00fcckisch, aber immer lustig. Und jeder kann sich wie ein K\u00f6nig f\u00fchlen \u2013 wie genau erfahren Sie in \u201eHeute ein K\u00f6nig\u201c.<\/p>\n<p data-olk-copy-source=\"MessageBody\">(c) Marcus Mueller Saran<\/p>","protected":false},"excerpt":{"rendered":"<p>Johann K\u00f6nig, die depressive Stimmungskanone aus K\u00f6ln, geht wieder auf Tournee. Und zwar hoffnungsvoller, heiterer und hei\u00dfbl\u00fctiger als je zuvor!<\/p>\n<p>&nbsp;<\/p>","protected":false},"featured_media":54618,"template":"","meta":{"_acf_changed":false,"inline_featured_image":false},"product_brand":[],"product_cat":[6725,31,95,86,35,37,21,22,58],"product_tag":[954,941,6522,6774,3046,943,944,945,947,973,948],"class_list":{"0":"post-54610","1":"product","2":"type-product","3":"status-publish","4":"has-post-thumbnail","6":"product_cat-comedy","7":"product_cat-events","8":"product_cat-humor","9":"product_cat-leipzig","10":"product_cat-orte","11":"product_cat-quarterback-immobilien-arena","12":"product_cat-ticket","13":"product_cat-ticketupgrades-zusatzleistungen","14":"product_cat-veranstaltung","15":"product_tag-comedy","16":"product_tag-events","17":"product_tag-heute-ein-koenig","18":"product_tag-humor","19":"product_tag-johann-koenig","20":"product_tag-leipzig","21":"product_tag-orte","22":"product_tag-quarterback-immobilien-arena","23":"product_tag-ticket","24":"product_tag-ticketupgrades-zusatzleistungen","25":"product_tag-veranstaltung","26":"product_shipping_class-abholung_paketversand","27":"pa_discount-inklusive-begleitperson","28":"pa_discount-kind","29":"pa_discount-normalpreis","30":"pa_preiskategorie-ggv-up","31":"pa_preiskategorie-pgv-up","32":"pa_preiskategorie-pk-i","33":"pa_preiskategorie-pk-ii","34":"pa_preiskategorie-pk-iii","35":"pa_preiskategorie-rollstuhlfahrer","37":"first","38":"instock","39":"featured","40":"taxable","41":"shipping-taxable","42":"purchasable","43":"product-type-variable"},"group_of_quantity":0,"min_quantity":0,"max_quantity":"","exclude_order_quantity_value_rules":"no","exclude_category_quantity_rules":"no","combine_variations":"no","acf":[],"_links":{"self":[{"href":"https:\/\/arena-ticket.com\/en\/wp-json\/wp\/v2\/product\/54610","targetHints":{"allow":["GET"]}}],"collection":[{"href":"https:\/\/arena-ticket.com\/en\/wp-json\/wp\/v2\/product"}],"about":[{"href":"https:\/\/arena-ticket.com\/en\/wp-json\/wp\/v2\/types\/product"}],"wp:featuredmedia":[{"embeddable":true,"href":"https:\/\/arena-ticket.com\/en\/wp-json\/wp\/v2\/media\/54618"}],"wp:attachment":[{"href":"https:\/\/arena-ticket.com\/en\/wp-json\/wp\/v2\/media?parent=54610"}],"wp:term":[{"taxonomy":"product_brand","embeddable":true,"href":"https:\/\/arena-ticket.com\/en\/wp-json\/wp\/v2\/product_brand?post=54610"},{"taxonomy":"product_cat","embeddable":true,"href":"https:\/\/arena-ticket.com\/en\/wp-json\/wp\/v2\/product_cat?post=54610"},{"taxonomy":"product_tag","embeddable":true,"href":"https:\/\/arena-ticket.com\/en\/wp-json\/wp\/v2\/product_tag?post=54610"}],"curies":[{"name":"wp","href":"https:\/\/api.w.org\/{rel}","templated":true}]}}