{"id":54641,"date":"2025-11-13T17:28:21","date_gmt":"2025-11-13T16:28:21","guid":{"rendered":"https:\/\/arena-ticket.com\/?p=54641&#038;post_type=product&#038;preview_id=54641"},"modified":"2026-03-24T09:50:57","modified_gmt":"2026-03-24T08:50:57","slug":"riverdance-30-die-neue-generation-leipzig-quarterback-immobilien-arena-09-03-2027-2000-uhr","status":"publish","type":"product","link":"https:\/\/arena-ticket.com\/en\/product\/riverdance-30-die-neue-generation-leipzig-quarterback-immobilien-arena-09-03-2027-2000-uhr\/","title":{"rendered":"Riverdance 30 - Die neue Generation"},"content":{"rendered":"<p>Ein weltweites Ph\u00e4nomen, 30 atemberaubende Jahre, 30 Shows 2027 hierzulande, in<br \/>\n\u00d6sterreich und in der Schweiz: Riverdance! Im Fr\u00fchjahr 2027 ist die spektakul\u00e4re irische<br \/>\nTanzshow auf ihrer internationalen Jubil\u00e4umstour auch in Berlin, Hamburg, M\u00fcnchen, K\u00f6ln<br \/>\nsowie in 26 weiteren St\u00e4dten live zu erleben! Der Tournee-Titel \u201eRiverdance 30 \u2013 The New<br \/>\nGeneration\u201c verweist auf die Generation der T\u00e4nzerinnen und T\u00e4nzer der<br \/>\nJubil\u00e4umsproduktion, die nach 1995 geboren wurde und mit Riverdance aufgewachsen ist.<br \/>\nDiese neue Generation talentierter, leidenschaftlicher junger Darstellerinnen und Dartseller<br \/>\ntr\u00e4gt die Magie der Originalshow, die das Publikum weltweit seit Jahrzehnten begeistert,<br \/>\n2027 mit neuen Choreografien und Kost\u00fcmen sowie exzellenter Performance in die Zukunft.<\/p>\n<p>&nbsp;<\/p>\n<p>\u00a9 Abhann Productions<\/p>","protected":false},"excerpt":{"rendered":"<p>Riverdance kommt am 09.03.2027 in die QUARTERBACK Immobilien ARENA!<\/p>","protected":false},"featured_media":54650,"template":"","meta":{"_acf_changed":false,"inline_featured_image":false},"product_brand":[],"product_cat":[86,35,37,21,22],"product_tag":[6524,941,943,944,945,6523,958,947,973,948],"class_list":{"0":"post-54641","1":"product","2":"type-product","3":"status-publish","4":"has-post-thumbnail","6":"product_cat-leipzig","7":"product_cat-orte","8":"product_cat-quarterback-immobilien-arena","9":"product_cat-ticket","10":"product_cat-ticketupgrades-zusatzleistungen","11":"product_tag-die-neue-generation","12":"product_tag-events","13":"product_tag-leipzig","14":"product_tag-orte","15":"product_tag-quarterback-immobilien-arena","16":"product_tag-riverdance-30","17":"product_tag-show","18":"product_tag-ticket","19":"product_tag-ticketupgrades-zusatzleistungen","20":"product_tag-veranstaltung","21":"product_shipping_class-abholung_paketversand","22":"pa_discount-inklusive-begleitperson","23":"pa_discount-normalpreis","24":"pa_preiskategorie-ggv-up","25":"pa_preiskategorie-pgv-up","26":"pa_preiskategorie-pk-i","27":"pa_preiskategorie-pk-ii","28":"pa_preiskategorie-pk-iii","29":"pa_preiskategorie-pk-iv","30":"pa_preiskategorie-rollstuhlfahrer","32":"first","33":"instock","34":"taxable","35":"shipping-taxable","36":"purchasable","37":"product-type-variable"},"group_of_quantity":0,"min_quantity":0,"max_quantity":"","exclude_order_quantity_value_rules":"no","exclude_category_quantity_rules":"no","combine_variations":"no","acf":[],"_links":{"self":[{"href":"https:\/\/arena-ticket.com\/en\/wp-json\/wp\/v2\/product\/54641","targetHints":{"allow":["GET"]}}],"collection":[{"href":"https:\/\/arena-ticket.com\/en\/wp-json\/wp\/v2\/product"}],"about":[{"href":"https:\/\/arena-ticket.com\/en\/wp-json\/wp\/v2\/types\/product"}],"wp:featuredmedia":[{"embeddable":true,"href":"https:\/\/arena-ticket.com\/en\/wp-json\/wp\/v2\/media\/54650"}],"wp:attachment":[{"href":"https:\/\/arena-ticket.com\/en\/wp-json\/wp\/v2\/media?parent=54641"}],"wp:term":[{"taxonomy":"product_brand","embeddable":true,"href":"https:\/\/arena-ticket.com\/en\/wp-json\/wp\/v2\/product_brand?post=54641"},{"taxonomy":"product_cat","embeddable":true,"href":"https:\/\/arena-ticket.com\/en\/wp-json\/wp\/v2\/product_cat?post=54641"},{"taxonomy":"product_tag","embeddable":true,"href":"https:\/\/arena-ticket.com\/en\/wp-json\/wp\/v2\/product_tag?post=54641"}],"curies":[{"name":"wp","href":"https:\/\/api.w.org\/{rel}","templated":true}]}}