{"id":54662,"date":"2025-11-13T20:07:36","date_gmt":"2025-11-13T19:07:36","guid":{"rendered":"https:\/\/arena-ticket.com\/?p=54662&#038;post_type=product&#038;preview_id=54662"},"modified":"2025-11-21T18:57:52","modified_gmt":"2025-11-21T17:57:52","slug":"savatage-prelude-to-madness-summer-tour-2026-leipzig-parkbuehne-12-08-2026-1830-uhr","status":"publish","type":"product","link":"https:\/\/arena-ticket.com\/en\/product\/savatage-prelude-to-madness-summer-tour-2026-leipzig-parkbuehne-12-08-2026-1830-uhr\/","title":{"rendered":"SAVATAGE - PRELUDE TO MADNESS \u2013 SUMMER TOUR 2026"},"content":{"rendered":"<p>Special Guest: NEVERMORE<\/p>\n<p>&nbsp;<\/p>\n<p>Savatage kehren mit \"Prelude To Madness\"-Tour durch Europa zur\u00fcck<\/p>\n<p>Legend\u00e4re Progressive-Metal-Band k\u00fcndigt nach erfolgreichem Comeback 2025 Europatour mit Festivalauftritten f\u00fcr Sommer 2026 an<\/p>\n<p>Die gefeierten Progressive-Metal-Pioniere Savatage haben heute ihre mit Spannung erwartete \u201cPrelude To Madness\u201d-Tour angek\u00fcndigt, die im Sommer 2026 neun Headline-Shows und mehrere Festivalauftritte in ganz Europa umfasst. Die Tour beginnt am 19. Juli in Istanbul, T\u00fcrkei, und markiert die triumphale R\u00fcckkehr der Band auf die B\u00fchne in Folge ihres erfolgreichen Comebacks in Europa im Jahr 2025 nach fast zwei Jahrzehnten Pause. Armored Saint, Vision Divine und Nevermore werden die Band an ausgew\u00e4hlten Terminen begleiten.<\/p>\n<p>Die Tour 2026 verspricht eine explosive Setlist, die den gesamten Katalog der Band samt klassischen Hymnen und weniger bekannten St\u00fccken umfasst und die Wertsch\u00e4tzung von Savatage gegen\u00fcber ihrer legend\u00e4ren Fanbase, bekannt als \u201cThe Legion\u201d, unterstreicht. Fans k\u00f6nnen sich auf die rohe Energie und das musikalische K\u00f6nnen der Band freuen, die sich w\u00e4hrend des Jahrzehnts, in dem Savatage nicht getourt sind, noch verst\u00e4rkt haben.<\/p>\n<p>S\u00e4nger Zak Stevens erkl\u00e4rt: \u201cNach den fantastischen Tourneen durch S\u00fcdamerika und Europa im letzten Jahr freue ich mich SEHR auf die Savatage 2026 Headline-Shows in Europa. Diese Tour wird gro\u00dfartig. Es wird das erste Mal sein, dass Savatage in Istanbul, Bukarest, Este (Italien), Warschau und Leipzig (Deutschland) auftreten. Bisher stehen neun Headline-Shows und eine Reihe von Festivals auf dem Programm. Wir freuen uns sehr, unsere alten Freunde Armored Saint, Vision Divine und Nevermore als Special Guests begr\u00fc\u00dfen zu d\u00fcrfen. Ich kann es kaum erwarten, alle dort zu sehen, wie sie lautstark die Musik mit uns feiern.\u201c<\/p>\n<p>Die Reise von Savatage begann in Tampa, Florida, gegr\u00fcndet von den Br\u00fcdern Jon und Criss Oliva. Ihre Geschichte ist gepr\u00e4gt von Triumph und Tragik, gekennzeichnet durch bahnbrechende Alben wie das wegweisende \u201cHall of the Mountain King\u201d aus dem Jahr 1987 und die von Kritikern gefeierte Rockoper \u201cStreets\u201d von 1991, die beide bis heute bei Fans weltweit Anklang finden. Nach dem fr\u00fchen Tod des Gitarristen Criss Oliva nach dem Erfolg von \u201cEdge of Thorns\u201d 1993 machte die Band mit neuer Zielstrebigkeit weiter, was 1995 in ihrem bahnbrechenden Album \u201cDead Winter Dead\u201d gipfelte.<\/p>\n<p>Im Laufe ihrer vier Jahrzehnte langen Karriere haben Savatage eine der leidenschaftlichsten Kult-Anh\u00e4ngerschaft des Metal aufgebaut. W\u00e4hrend ihrer fast 20-j\u00e4hrigen Tourpause setzten sich treue Fans unerm\u00fcdlich f\u00fcr die R\u00fcckkehr der Band ein. Ihr mitrei\u00dfender Reunion-Auftritt beim deutschen WACKEN OPEN AIR 2015 begeisterte 80.000 Fans und best\u00e4tigte sowohl den legend\u00e4ren Status von Savatage als auch die unersch\u00fctterliche Hingabe ihres Publikums.<\/p>\n<p>Aufbauend auf dem Erfolg ihres WACKEN-Triumphs 2015 sorgten Savatage 2025 mit ihren ersten Headline-Shows seit 2002 international f\u00fcr Schlagzeilen. Die Europa-Tour vereinte erfolgreich mehrere Generationen der \u201cLegion\u201d \u2013 langj\u00e4hrige Fans, die sich auf die lang ersehnten Auftritte freuten, und Neulinge, die die Wucht der Band zum ersten Mal entdeckten.<\/p>\n<p>Die \u201cPrelude To Madness\u201d-Tour 2026 wird mit der aktuellen Powerhouse-Besetzung von Savatage stattfinden: S\u00e4nger Zak Stevens, die Gitarristen Al Pitrelli und Chris Caffery, Bassist Johnny Lee Middleton und Schlagzeuger Jeff Plate.<\/p>","protected":false},"excerpt":{"rendered":"<p>Savatage kehren mit \"Prelude To Madness\"-Tour durch Europa zur\u00fcck - sichern Sie sich jetzt Ihre Tickets f\u00fcr das Konzert in Leipzig!<\/p>","protected":false},"featured_media":54665,"template":"","meta":{"_acf_changed":false,"inline_featured_image":false},"product_brand":[],"product_cat":[31,69,86,6736,35,347,21,58],"product_tag":[941,942,943,944,966,6526,6525,947,948],"class_list":{"0":"post-54662","1":"product","2":"type-product","3":"status-publish","4":"has-post-thumbnail","6":"product_cat-events","7":"product_cat-konzert","8":"product_cat-leipzig","9":"product_cat-metal-metalcore","10":"product_cat-orte","11":"product_cat-parkbuehne-leipzig","12":"product_cat-ticket","13":"product_cat-veranstaltung","14":"product_tag-events","15":"product_tag-konzert","16":"product_tag-leipzig","17":"product_tag-orte","18":"product_tag-parkbuehne-leipzig","19":"product_tag-prelude-to-madness-summer-tour-2026","20":"product_tag-savatage","21":"product_tag-ticket","22":"product_tag-veranstaltung","23":"product_shipping_class-nur_paketversand","24":"pa_discount-inklusive-begleitperson","25":"pa_discount-normalpreis","26":"pa_preiskategorie-rollstuhlfahrer","27":"pa_preiskategorie-stehplatz","29":"first","30":"instock","31":"taxable","32":"shipping-taxable","33":"purchasable","34":"product-type-variable"},"group_of_quantity":0,"min_quantity":0,"max_quantity":"","exclude_order_quantity_value_rules":"no","exclude_category_quantity_rules":"no","combine_variations":"no","acf":[],"_links":{"self":[{"href":"https:\/\/arena-ticket.com\/en\/wp-json\/wp\/v2\/product\/54662","targetHints":{"allow":["GET"]}}],"collection":[{"href":"https:\/\/arena-ticket.com\/en\/wp-json\/wp\/v2\/product"}],"about":[{"href":"https:\/\/arena-ticket.com\/en\/wp-json\/wp\/v2\/types\/product"}],"wp:featuredmedia":[{"embeddable":true,"href":"https:\/\/arena-ticket.com\/en\/wp-json\/wp\/v2\/media\/54665"}],"wp:attachment":[{"href":"https:\/\/arena-ticket.com\/en\/wp-json\/wp\/v2\/media?parent=54662"}],"wp:term":[{"taxonomy":"product_brand","embeddable":true,"href":"https:\/\/arena-ticket.com\/en\/wp-json\/wp\/v2\/product_brand?post=54662"},{"taxonomy":"product_cat","embeddable":true,"href":"https:\/\/arena-ticket.com\/en\/wp-json\/wp\/v2\/product_cat?post=54662"},{"taxonomy":"product_tag","embeddable":true,"href":"https:\/\/arena-ticket.com\/en\/wp-json\/wp\/v2\/product_tag?post=54662"}],"curies":[{"name":"wp","href":"https:\/\/api.w.org\/{rel}","templated":true}]}}