{"id":54668,"date":"2025-11-13T20:19:01","date_gmt":"2025-11-13T19:19:01","guid":{"rendered":"https:\/\/arena-ticket.com\/?p=54668&#038;post_type=product&#038;preview_id=54668"},"modified":"2025-11-13T20:24:33","modified_gmt":"2025-11-13T19:24:33","slug":"pothead-goes-long-tour-2026-der-anker-leipzig-13-03-2026-2000-uhr","status":"publish","type":"product","link":"https:\/\/arena-ticket.com\/en\/product\/pothead-goes-long-tour-2026-der-anker-leipzig-13-03-2026-2000-uhr\/","title":{"rendered":"POTHEAD  - Goes Long Tour 2026"},"content":{"rendered":"<p>Seit Jahren bietet Pothead Music verl\u00e4sslichen Service, um Live-Musik- Besucher sicher durch die volatilen Zyklen des Rock\u2019n\u2019Roll-Marktes zu f\u00fchren.<\/p>\n<p>Durch den Einsatz zahlreicher Riffrock- Technologien optimiert Pothead Music Performance und Reichweite, um das Publikum maximal zu bewegen. Der Melodic-Groove-Ansatz von Pothead Music hat sich \u00fcber Jahrzehnte hinweg bew\u00e4hrt und spiegelt sich in einer stabilen Marktposition sowie in einer anhaltend hohen Nachfrage wider.<\/p>\n<p>Company Vision<br \/>\nAngesichts der zunehmenden Verknappung einzigartiger und dennoch erschwinglicher Live-Erlebnisse in der bekannten Turbulenz des Rock\u2019n\u2019Roll-Marktplatzes hat Pothead Music die notwendige Struktur geschaffen, um den Live-Show-Prozess effizient zu gestalten. Die symbiotische Zusammenarbeit mit dem Publikum erzielt nachhaltigen Erfolg. Pothead Music nutzt daf\u00fcr die Marktst\u00e4rke der aktiven Live-Teilnahme \u2013 das \u201eDabeisein\u201c im entscheidenden Moment \u2013 und entwickelt daraus ein intensives, eindrucksvolles Erlebnis.<\/p>\n<p>Pothead goes long on Rock\u2019n\u2019Roll<br \/>\nDurch die turbulenten Zeiten von Bullen- und B\u00e4renm\u00e4rkten plant Pothead Music, die Stabilit\u00e4t aufrechtzuerhalten und ein Fundament zu schaffen, damit die Erwartungen des Publikums an Live-Rock\u2019n\u2019Roll-Events langfristig erf\u00fcllt werden. Unabh\u00e4ngig von den Marktbedingungen bietet Pothead Music Rockliebhabern dazu die M\u00f6glichkeit, den PM Show-Index live zu erleben \u2013 ein kontinuierlich wachsendes Segment, gepr\u00e4gt durch Publikumsbindung und Markenst\u00e4rke.<\/p>\n<p>Ausblick<br \/>\nDas klare Ziel ist die Fertigstellung eines neuen Studioalbums, w\u00e4hrend sich der Markt bereits wieder im Tour-Modus befindet. Demn\u00e4chst auch in dieser Stadt. We will rock you.<\/p>","protected":false},"excerpt":{"rendered":"<p>Get your tickets here now!<\/p>","protected":false},"featured_media":54670,"template":"","meta":{"_acf_changed":false,"inline_featured_image":false},"product_brand":[],"product_cat":[388,31,69,86,35,6732,21,58],"product_tag":[971,2859,941,6528,942,943,944,6527,947,948],"class_list":{"0":"post-54668","1":"product","2":"type-product","3":"status-publish","4":"has-post-thumbnail","6":"product_cat-anker","7":"product_cat-events","8":"product_cat-konzert","9":"product_cat-leipzig","10":"product_cat-orte","11":"product_cat-rock-hard-rock","12":"product_cat-ticket","13":"product_cat-veranstaltung","14":"product_tag-anker","15":"product_tag-der-anker","16":"product_tag-events","17":"product_tag-goes-long-tour-2026","18":"product_tag-konzert","19":"product_tag-leipzig","20":"product_tag-orte","21":"product_tag-pothead","22":"product_tag-ticket","23":"product_tag-veranstaltung","24":"product_shipping_class-nur_paketversand","25":"pa_discount-normalpreis","26":"pa_preiskategorie-stehplatz","28":"first","29":"instock","30":"taxable","31":"shipping-taxable","32":"purchasable","33":"product-type-variable"},"group_of_quantity":0,"min_quantity":0,"max_quantity":"","exclude_order_quantity_value_rules":"no","exclude_category_quantity_rules":"no","combine_variations":"no","acf":[],"_links":{"self":[{"href":"https:\/\/arena-ticket.com\/en\/wp-json\/wp\/v2\/product\/54668","targetHints":{"allow":["GET"]}}],"collection":[{"href":"https:\/\/arena-ticket.com\/en\/wp-json\/wp\/v2\/product"}],"about":[{"href":"https:\/\/arena-ticket.com\/en\/wp-json\/wp\/v2\/types\/product"}],"wp:featuredmedia":[{"embeddable":true,"href":"https:\/\/arena-ticket.com\/en\/wp-json\/wp\/v2\/media\/54670"}],"wp:attachment":[{"href":"https:\/\/arena-ticket.com\/en\/wp-json\/wp\/v2\/media?parent=54668"}],"wp:term":[{"taxonomy":"product_brand","embeddable":true,"href":"https:\/\/arena-ticket.com\/en\/wp-json\/wp\/v2\/product_brand?post=54668"},{"taxonomy":"product_cat","embeddable":true,"href":"https:\/\/arena-ticket.com\/en\/wp-json\/wp\/v2\/product_cat?post=54668"},{"taxonomy":"product_tag","embeddable":true,"href":"https:\/\/arena-ticket.com\/en\/wp-json\/wp\/v2\/product_tag?post=54668"}],"curies":[{"name":"wp","href":"https:\/\/api.w.org\/{rel}","templated":true}]}}