{"id":54683,"date":"2025-11-13T20:43:07","date_gmt":"2025-11-13T19:43:07","guid":{"rendered":"https:\/\/arena-ticket.com\/?p=54683&#038;post_type=product&#038;preview_id=54683"},"modified":"2026-01-23T18:18:38","modified_gmt":"2026-01-23T17:18:38","slug":"philipp-poisel-band-freunde-tour-2026-chemnitz-wasserschloss-klaffenbach-19-06-2026-1900-uhr","status":"publish","type":"product","link":"https:\/\/arena-ticket.com\/en\/product\/philipp-poisel-band-freunde-tour-2026-chemnitz-wasserschloss-klaffenbach-19-06-2026-1900-uhr\/","title":{"rendered":"PHILIPP POISEL & BAND  - Freunde Tour 2026"},"content":{"rendered":"<p>Im Sommer 2026 werden Fans zu Freunden, wenn Philipp Poisel mit Band zur\u00fcckkehrt.<\/p>\n<p>Ich packe meinen Koffer, und ich nehme mit: Die Band, das Team, eine ganze Menge Songs und Sommervibes\u2026. 2026 geht es f\u00fcr Philipp Poisel zum ersten Mal seit 2023 wieder in Vollbesetzung auf Tour durch Deutschland und es ist mittlerweile schon eine eingeschworene Reisetruppe.<\/p>\n<p>Philipp Poisel, seine Band und seine Fans. Freunde halt! Und dieses Gef\u00fchl, mit Freunden unterwegs zu sein, wird sich mit dem energetischen Band Sound, dem Geruch von Sommer und Ferien und dem gemeinsamen Singen von Philipp Poisels Klassikern auf B\u00fchnen in ganz Deutschland verbinden.<\/p>\n<p>Nach vier komplett ausverkauften Solotourneen und der gefeierten, ausverkauften Tournee mit dem Neon Acoustic Orchester, jetzt also endlich wieder Philipp Poisel und Band. Und als Freunde an den Instrumenten wieder dabei: Andie Mette (Gitarre), Dave Mette (Schlagzeug), Fabian Wendt (Bass) und Florian Ostertag (Tasten).<\/p>\n<p>Wer Philipp Poisel und Band schon mal erleben konnte, der wei\u00df, dass Philipps Songs hier live eine besondere Kraft und Energie entwickeln mit internationalem Rocksound, dynamischen Achtzigerjahre Popgroove, bis hin zu verspielten Klangbildern der Siebziger. Und nat\u00fcrlich gibt es auch gen\u00fcgend Platz f\u00fcr akustische, intime Singer-Songwriter Momente.<\/p>","protected":false},"excerpt":{"rendered":"<div class=\"event__header\" data-v-331ed750=\"\">Secure your tickets!<\/div>","protected":false},"featured_media":54687,"template":"","meta":{"_acf_changed":false,"inline_featured_image":false},"product_brand":[],"product_cat":[103,31,69,35,6733,58,512],"product_tag":[992,941,6534,942,944,6533,2506,948,993],"class_list":{"0":"post-54683","1":"product","2":"type-product","3":"status-publish","4":"has-post-thumbnail","6":"product_cat-chemnitz","7":"product_cat-events","8":"product_cat-konzert","9":"product_cat-orte","10":"product_cat-pop","11":"product_cat-veranstaltung","12":"product_cat-wasserschloss-klaffenbach","13":"product_tag-chemnitz","14":"product_tag-events","15":"product_tag-freunde-tour-2026","16":"product_tag-konzert","17":"product_tag-orte","18":"product_tag-philipp-poisel-band","19":"product_tag-pop","20":"product_tag-veranstaltung","21":"product_tag-wasserschloss-klaffenbach","22":"product_shipping_class-nur_paketversand","23":"pa_discount-kind","24":"pa_discount-normalpreis","25":"pa_preiskategorie-stehplatz","27":"first","28":"instock","29":"taxable","30":"shipping-taxable","31":"purchasable","32":"product-type-variable"},"group_of_quantity":0,"min_quantity":0,"max_quantity":"","exclude_order_quantity_value_rules":"no","exclude_category_quantity_rules":"no","combine_variations":"no","acf":[],"_links":{"self":[{"href":"https:\/\/arena-ticket.com\/en\/wp-json\/wp\/v2\/product\/54683","targetHints":{"allow":["GET"]}}],"collection":[{"href":"https:\/\/arena-ticket.com\/en\/wp-json\/wp\/v2\/product"}],"about":[{"href":"https:\/\/arena-ticket.com\/en\/wp-json\/wp\/v2\/types\/product"}],"wp:featuredmedia":[{"embeddable":true,"href":"https:\/\/arena-ticket.com\/en\/wp-json\/wp\/v2\/media\/54687"}],"wp:attachment":[{"href":"https:\/\/arena-ticket.com\/en\/wp-json\/wp\/v2\/media?parent=54683"}],"wp:term":[{"taxonomy":"product_brand","embeddable":true,"href":"https:\/\/arena-ticket.com\/en\/wp-json\/wp\/v2\/product_brand?post=54683"},{"taxonomy":"product_cat","embeddable":true,"href":"https:\/\/arena-ticket.com\/en\/wp-json\/wp\/v2\/product_cat?post=54683"},{"taxonomy":"product_tag","embeddable":true,"href":"https:\/\/arena-ticket.com\/en\/wp-json\/wp\/v2\/product_tag?post=54683"}],"curies":[{"name":"wp","href":"https:\/\/api.w.org\/{rel}","templated":true}]}}