{"id":54804,"date":"2025-11-14T17:50:07","date_gmt":"2025-11-14T16:50:07","guid":{"rendered":"https:\/\/arena-ticket.com\/?p=54804&#038;post_type=product&#038;preview_id=54804"},"modified":"2026-03-05T11:19:56","modified_gmt":"2026-03-05T10:19:56","slug":"dirk-michaelis-weihnachtstournee-2026-chemnitz-markuskirche-18-12-2026-1930-uhr","status":"publish","type":"product","link":"https:\/\/arena-ticket.com\/en\/product\/dirk-michaelis-weihnachtstournee-2026-chemnitz-markuskirche-18-12-2026-1930-uhr\/","title":{"rendered":"Dirk Michaelis - Weihnachtstournee 2026"},"content":{"rendered":"<p>Dirk Michaelis ist ein dankbarer Mensch. Als er das Angebot annimmt, S\u00e4nger einer legend\u00e4ren Band mit fr\u00fcheren Renft-Musikern zu werden, beschert er ihnen und sich den<br \/>\ngr\u00f6\u00dften Hit. \u201eAls ich fortging\u201c hei\u00dft das zeitlose Werk, das l\u00e4ngst seinen festen Platz in den Annalen des anspruchsvollen Deutschpops hat. Wie kaum ein anderer wurde und wird der<br \/>\nballadeske Song gecovert. Es gibt Punk-, Jazz-, A Cappella-, Techno-, Mundharmonika- und Trompetenversionen; das Lied wurde ins Portugiesische, Spanische und Griechische<br \/>\n\u00fcbertragen; Clueso, Rosenstolz und Tokio Hotel sangen es ebenso.<br \/>\nEs sind stets Lieder eines sehr nahbaren S\u00e4ngers. Lieder, die hoch emotional sind und weit ab vom tr\u00e4gen Hauptstrom der Neuen Deutschen Befindlichkeit. Lieder, die oft sanft, aber<br \/>\nnie kraftlos daherkommen. Lieder, bei denen man zuh\u00f6ren muss, die das Publikum fordern und dennoch gleichsam von diesem einfachen Pop-Appeal durchzogen sind, mit dem<br \/>\nMehrheiten abgeholt werden.<br \/>\n\u201eStilles Dorf\u201c, \u201eSeelenverwandt\u201c, \u201eWo willst du hin\u201c, \u201eIch m\u00f6chte mir geh\u00f6rn\u201c, \u201eFeld aus Gold\u201c oder Songs j\u00fcngeren Datums wie \u201eHeimat\u201c und \u201eAlles wird gut\u201c (ein Duett mit seiner<br \/>\nTochter Anouk) stehen f\u00fcr ein vielseitiges Oeuvre mit atmosph\u00e4rischer Dichte und tiefgehender Poesie. Schon auf seinem Solodeb\u00fct \u201eRockchansongs\u201c aus dem Jahr 1992, dem<br \/>\nbis heute zehn weitere Alben folgen sollten, stellte der charismatische Musiker mit seinen gef\u00fchlvollen Kompositionen nachhaltig klar, dass man ihn nicht nur auf den gro\u00dfen Hit<br \/>\nreduzieren darf.<br \/>\nMittlerweile blickt Dirk Michaelis auf vier Dekaden K\u00fcnstlerkarriere zur\u00fcck. Sie umfasst gemeinsame Tourneen mit Dirk Z\u00f6llner(Die Z\u00f6llner) und Andr\u00e9 Herzberg(Pankow) als \u201eDie<br \/>\n3HIGHligen\u201c; das Programm \u201eSeelenverwandt\u201c zusammen mit der Dichterin Gisela Steineckert, die ihm neben \u201eHeimat\u201c und \u201eAls ich fortging\u201c viele weitere Texte schrieb; zwei<br \/>\nAlben, auf denen er St\u00fccke etwa von Sting, Norah Jones und Paul McCartney ins Deutsche \u00fcbertr\u00e4gt; Duette mit Sarah Connor, Matthias Reim oder Jos\u00e9 Carreras; die Beteiligung am<br \/>\nKinderalbumprojekt \u201eHier lebst du\u201c oder aber 2022 die Mitwirkung bei den \u201eRocklegenden\u201c an der Seite von Maschine, Silly und City. So unterschiedlich einzelne Stationen auch sind, sie<br \/>\nhaben eins gemeinsam: Dirk Michaelis erreicht mit allem, was er tut, Herz und Hirn gleicherma\u00dfen.<br \/>\nEine Basis f\u00fcr das, wo Dirk Michaelis und seine Lieder hingeh\u00f6ren \u2013 auf die B\u00fchnen! Ob im Trio, mit gro\u00dfer Band oder aber im Alleingang. Kunstvoll und doch leicht erweist er sich als<br \/>\nveritabler Entertainer, seine Auftritte profitieren von der faszinierenden Mischung aus scheinbarem Understatement, dem sensiblen Gesp\u00fcr f\u00fcr Zwischent\u00f6ne und \u00fcberbordender<br \/>\nMusikalit\u00e4t.<br \/>\nDirk Michaelis is a grateful person. First and foremost towards his audience, who remain loyal to him, also because he never underestimates them.<\/p>\n<p>Dirk Michaelis ist offizieller Botschafter der Jos\u00e8 Carreras Leuk\u00e4mie Stiftung und unterst\u00fctzt neben vielen gemeinn\u00fctzigen Projekten, auch \u201eAmnesty International\u201c<\/p>","protected":false},"excerpt":{"rendered":"<p>Get your ticket now!<\/p>","protected":false},"featured_media":54808,"template":"","meta":{"_acf_changed":false,"inline_featured_image":false},"product_brand":[],"product_cat":[103,31,69,3100,35,6746,21,58,6581],"product_tag":[992,3276,941,942,3106,944,6814,947,948,2048,6539],"class_list":{"0":"post-54804","1":"product","2":"type-product","3":"status-publish","4":"has-post-thumbnail","6":"product_cat-chemnitz","7":"product_cat-events","8":"product_cat-konzert","9":"product_cat-markuskirche-chemnitz","10":"product_cat-orte","11":"product_cat-singer-songwriter","12":"product_cat-ticket","13":"product_cat-veranstaltung","14":"product_cat-weihnachten","15":"product_tag-chemnitz","16":"product_tag-dirk-michaelis","17":"product_tag-events","18":"product_tag-konzert","19":"product_tag-markuskirche-chemnitz","20":"product_tag-orte","21":"product_tag-singer-songwriter","22":"product_tag-ticket","23":"product_tag-veranstaltung","24":"product_tag-weihnachten","25":"product_tag-weihnachtstournee-2026","26":"product_shipping_class-nur_paketversand","27":"pa_discount-normalpreis","28":"pa_preiskategorie-pk-i","29":"pa_preiskategorie-pk-ii","30":"pa_preiskategorie-pk-iii","31":"pa_preiskategorie-pk-iv","33":"first","34":"instock","35":"taxable","36":"shipping-taxable","37":"purchasable","38":"product-type-variable"},"group_of_quantity":0,"min_quantity":0,"max_quantity":"","exclude_order_quantity_value_rules":"no","exclude_category_quantity_rules":"no","combine_variations":"no","acf":[],"_links":{"self":[{"href":"https:\/\/arena-ticket.com\/en\/wp-json\/wp\/v2\/product\/54804","targetHints":{"allow":["GET"]}}],"collection":[{"href":"https:\/\/arena-ticket.com\/en\/wp-json\/wp\/v2\/product"}],"about":[{"href":"https:\/\/arena-ticket.com\/en\/wp-json\/wp\/v2\/types\/product"}],"wp:featuredmedia":[{"embeddable":true,"href":"https:\/\/arena-ticket.com\/en\/wp-json\/wp\/v2\/media\/54808"}],"wp:attachment":[{"href":"https:\/\/arena-ticket.com\/en\/wp-json\/wp\/v2\/media?parent=54804"}],"wp:term":[{"taxonomy":"product_brand","embeddable":true,"href":"https:\/\/arena-ticket.com\/en\/wp-json\/wp\/v2\/product_brand?post=54804"},{"taxonomy":"product_cat","embeddable":true,"href":"https:\/\/arena-ticket.com\/en\/wp-json\/wp\/v2\/product_cat?post=54804"},{"taxonomy":"product_tag","embeddable":true,"href":"https:\/\/arena-ticket.com\/en\/wp-json\/wp\/v2\/product_tag?post=54804"}],"curies":[{"name":"wp","href":"https:\/\/api.w.org\/{rel}","templated":true}]}}