{"id":54838,"date":"2025-11-15T12:58:22","date_gmt":"2025-11-15T11:58:22","guid":{"rendered":"https:\/\/arena-ticket.com\/?p=54838&#038;post_type=product&#038;preview_id=54838"},"modified":"2025-11-27T10:25:20","modified_gmt":"2025-11-27T09:25:20","slug":"schubert-straeter-und-koenig-gipfeltreffen-live-dresden-freilichtbuehne-junge-garde-im-grossen-garte-28-08-2027-1930-uhr","status":"publish","type":"product","link":"https:\/\/arena-ticket.com\/en\/product\/schubert-straeter-und-koenig-gipfeltreffen-live-dresden-freilichtbuehne-junge-garde-im-grossen-garte-28-08-2027-1930-uhr\/","title":{"rendered":"Schubert, Str\u00e4ter und K\u00f6nig - Gipfeltreffen Live!"},"content":{"rendered":"<p>The trio Torsten Str\u00e4ter, Johann K\u00f6nig and Olaf Schubert share their knowledge with the world. They try to answer the big questions of life in order to save the world.<\/p>","protected":false},"excerpt":{"rendered":"<div class=\"event__header\" data-v-331ed750=\"\">Secure your tickets!<\/div>","protected":false},"featured_media":54840,"template":"","meta":{"_acf_changed":false,"inline_featured_image":false},"product_brand":[],"product_cat":[6725,87,31,403,95,35,58],"product_tag":[954,940,941,996,3093,1220,3092,3094,948],"class_list":{"0":"post-54838","1":"product","2":"type-product","3":"status-publish","4":"has-post-thumbnail","6":"product_cat-comedy","7":"product_cat-dresden","8":"product_cat-events","9":"product_cat-freilichtbuehne-grosser-garten-junge-garde","10":"product_cat-humor","11":"product_cat-orte","12":"product_cat-veranstaltung","13":"product_tag-comedy","14":"product_tag-dresden","15":"product_tag-events","16":"product_tag-freilichtbuehne-grosser-garten-junge-garde","17":"product_tag-gipfeltreffen-live","18":"product_tag-schubert","19":"product_tag-schubert-straeter-und-koenig","20":"product_tag-straeter-und-koenig","21":"product_tag-veranstaltung","22":"product_shipping_class-nur_paketversand","23":"pa_discount-normalpreis","24":"pa_preiskategorie-freie-platzwahl","26":"first","27":"outofstock","28":"taxable","29":"shipping-taxable","30":"purchasable","31":"product-type-variable"},"group_of_quantity":0,"min_quantity":0,"max_quantity":"","exclude_order_quantity_value_rules":"no","exclude_category_quantity_rules":"no","combine_variations":"no","acf":[],"_links":{"self":[{"href":"https:\/\/arena-ticket.com\/en\/wp-json\/wp\/v2\/product\/54838","targetHints":{"allow":["GET"]}}],"collection":[{"href":"https:\/\/arena-ticket.com\/en\/wp-json\/wp\/v2\/product"}],"about":[{"href":"https:\/\/arena-ticket.com\/en\/wp-json\/wp\/v2\/types\/product"}],"wp:featuredmedia":[{"embeddable":true,"href":"https:\/\/arena-ticket.com\/en\/wp-json\/wp\/v2\/media\/54840"}],"wp:attachment":[{"href":"https:\/\/arena-ticket.com\/en\/wp-json\/wp\/v2\/media?parent=54838"}],"wp:term":[{"taxonomy":"product_brand","embeddable":true,"href":"https:\/\/arena-ticket.com\/en\/wp-json\/wp\/v2\/product_brand?post=54838"},{"taxonomy":"product_cat","embeddable":true,"href":"https:\/\/arena-ticket.com\/en\/wp-json\/wp\/v2\/product_cat?post=54838"},{"taxonomy":"product_tag","embeddable":true,"href":"https:\/\/arena-ticket.com\/en\/wp-json\/wp\/v2\/product_tag?post=54838"}],"curies":[{"name":"wp","href":"https:\/\/api.w.org\/{rel}","templated":true}]}}