{"id":55059,"date":"2025-11-18T13:18:38","date_gmt":"2025-11-18T12:18:38","guid":{"rendered":"https:\/\/arena-ticket.com\/?p=55059&#038;post_type=product&#038;preview_id=55059"},"modified":"2026-04-07T16:02:02","modified_gmt":"2026-04-07T14:02:02","slug":"die-toten-hosen-trink-aus-wir-muessen-gehen-leipzig-festwiese-26-06-2027-1700-uhr","status":"publish","type":"product","link":"https:\/\/arena-ticket.com\/en\/product\/die-toten-hosen-trink-aus-wir-muessen-gehen-leipzig-festwiese-26-06-2027-1700-uhr\/","title":{"rendered":"Die Toten Hosen - Trink Aus! Wir M\u00fcssen Gehen"},"content":{"rendered":"<p><strong>Der Verkauf\u00a0 startet am 19.11.2025 um 17:00 Uhr!<\/strong><\/p>\n<p>Die Vorfreude ist riesig: Fast 900.000 Fans werden auf der gro\u00dfen Open-Air-und Stadiontour im n\u00e4chsten Sommer mit den Toten Hosen feiern. Nur f\u00fcr wenige der 23 Termine gibt es noch einige Restkarten, alle anderen Shows sind bereits ausverkauft.<br \/>\n\u201eWeil uns zahlreiche W\u00fcnsche und Bitten um Konzerte aus Regionen erreicht haben, die bislang nicht auf dem Reiseplan standen, legen wir noch einmal nach. Die gro\u00dfe Resonanz auf unsere Tourank\u00fcndigung hat uns wirklich ber\u00fchrt. Deshalb haben wir uns entschlossen, noch einige Zusatzshows in ausgew\u00e4hlten St\u00e4dten zu spielen\u201c, so Campino zu den finalen Terminen der \u201eTrink Aus! Wir M\u00fcssen Gehen\u201c-Tour.<\/p>\n<p>&nbsp;<\/p>\n<p>(c) Robert Eikelpoth<\/p>","protected":false},"excerpt":{"rendered":"<p>Sichern Sie sich Ihre Tickets bei ARENA TICKET!<\/p>","protected":false},"featured_media":55065,"template":"","meta":{"_acf_changed":false,"inline_featured_image":false},"product_brand":[],"product_cat":[31,343,69,86,35,6745,21,58],"product_tag":[5945,941,3670,942,943,944,6801,947,6802,6544,948],"class_list":{"0":"post-55059","1":"product","2":"type-product","3":"status-publish","4":"has-post-thumbnail","6":"product_cat-events","7":"product_cat-festwiese-leipzig","8":"product_cat-konzert","9":"product_cat-leipzig","10":"product_cat-orte","11":"product_cat-punk-punkrock","12":"product_cat-ticket","13":"product_cat-veranstaltung","14":"product_tag-die-toten-hosen","15":"product_tag-events","16":"product_tag-festwiese-leipzig","17":"product_tag-konzert","18":"product_tag-leipzig","19":"product_tag-orte","20":"product_tag-punk-punkrock","21":"product_tag-ticket","22":"product_tag-trink-aus-wir-muessen-gehen","23":"product_tag-trink-aus-wir-muessen-gehen-vip-angebote","24":"product_tag-veranstaltung","25":"product_shipping_class-abholung_paketversand","26":"pa_discount-inklusive-begleitperson","27":"pa_discount-normalpreis","28":"pa_preiskategorie-stehplatz","29":"pa_preiskategorie-vip-package-backstage-club-stehplatz","30":"pa_preiskategorie-vipu-up","32":"first","33":"instock","34":"taxable","35":"shipping-taxable","36":"purchasable","37":"product-type-variable"},"group_of_quantity":0,"min_quantity":0,"max_quantity":"","exclude_order_quantity_value_rules":"no","exclude_category_quantity_rules":"no","combine_variations":"no","acf":[],"_links":{"self":[{"href":"https:\/\/arena-ticket.com\/en\/wp-json\/wp\/v2\/product\/55059","targetHints":{"allow":["GET"]}}],"collection":[{"href":"https:\/\/arena-ticket.com\/en\/wp-json\/wp\/v2\/product"}],"about":[{"href":"https:\/\/arena-ticket.com\/en\/wp-json\/wp\/v2\/types\/product"}],"wp:featuredmedia":[{"embeddable":true,"href":"https:\/\/arena-ticket.com\/en\/wp-json\/wp\/v2\/media\/55065"}],"wp:attachment":[{"href":"https:\/\/arena-ticket.com\/en\/wp-json\/wp\/v2\/media?parent=55059"}],"wp:term":[{"taxonomy":"product_brand","embeddable":true,"href":"https:\/\/arena-ticket.com\/en\/wp-json\/wp\/v2\/product_brand?post=55059"},{"taxonomy":"product_cat","embeddable":true,"href":"https:\/\/arena-ticket.com\/en\/wp-json\/wp\/v2\/product_cat?post=55059"},{"taxonomy":"product_tag","embeddable":true,"href":"https:\/\/arena-ticket.com\/en\/wp-json\/wp\/v2\/product_tag?post=55059"}],"curies":[{"name":"wp","href":"https:\/\/api.w.org\/{rel}","templated":true}]}}