{"id":55092,"date":"2025-11-18T18:19:10","date_gmt":"2025-11-18T17:19:10","guid":{"rendered":"https:\/\/arena-ticket.com\/?p=55092&#038;post_type=product&#038;preview_id=55092"},"modified":"2026-04-16T13:07:13","modified_gmt":"2026-04-16T11:07:13","slug":"deep-purple-live-2026-leipzig-quarterback-immobilien-arena-31-10-2026-2000-uhr","status":"publish","type":"product","link":"https:\/\/arena-ticket.com\/en\/product\/deep-purple-live-2026-leipzig-quarterback-immobilien-arena-31-10-2026-2000-uhr\/","title":{"rendered":"Deep Purple - Live 2026"},"content":{"rendered":"<p>Nachdem k\u00fcrzlich bereits der VVK f\u00fcr die \u201eMad In Europe\u201c-Open-Air-Tour im Sommer 2026 begonnen hat, k\u00fcndigen DEEP PURPLE nun den n\u00e4chsten Streich an: Im Herbst 2026 kehrt die britische Hardrock-Legende f\u00fcr eine Reihe von Hallenkonzerten nach Deutschland zur\u00fcck.<\/p>\n<p>Seit \u00fcber f\u00fcnf Jahrzehnten z\u00e4hlen DEEP PURPLE zu den pr\u00e4gendsten und einflussreichsten Rockbands der Musikgeschichte. Mit Klassikern wie \u201eSmoke on the Water\u201c oder \u201eHighway Star\u201c haben sie den Hardrock entscheidend mitgepr\u00e4gt \u2013 und stehen auch 2026 mit ungebrochener Energie auf den gr\u00f6\u00dften B\u00fchnen der Welt.<\/p>\n<p>Mit mehr als 100 Millionen verkauften Alben und unz\u00e4hligen ausverkauften Arenen weltweit geh\u00f6rt die britische Band zu den best\u00e4ndigsten Acts der Rockgeschichte. Seit ihrer Gr\u00fcndung im Jahr 1968 ver\u00f6ffentlichten Deep Purple regelm\u00e4\u00dfig Chart-Top-Alben und absolvierten weltweite Tourneen \u2013 ohne ihre musikalischen Wurzeln aus den Augen zu verlieren.<\/p>\n<p>Auch im neuen Jahrtausend bleibt der Erfolg ungebrochen: In den letzten zehn Jahren verkaufte die Band \u00fcber 2 Millionen Alben, und ihre letzten vier Studioalben \u2013 darunter das aktuelle Werk \u201e=1\u201c (2024) \u2013 erreichten viermal in Folge Platz 1 der deutschen Albumcharts. Europaweit belegten die Ver\u00f6ffentlichungen Spitzenpositionen und festigten Deep Purples Status als eine der wichtigsten Rockbands der Gegenwart.<\/p>\n<p>Parallel zur Ver\u00f6ffentlichung von \u201e=1\u201c startete die Band 2024 eine weltweite Tournee, die ihre Ticketverk\u00e4ufe seit 2022 auf \u00fcber eine Million steigen lie\u00df. Damit unterstreichen Deep Purple erneut ihre Ausnahmestellung als eine der beliebtesten Stadion- und Arena-Bands der Rockmusik.<\/p>\n<p>Das aktuelle Line-up \u2013 Ian Gillan (Gesang), Roger Glover (Bass), Ian Paice (Schlagzeug), Don Airey (Keyboards) und Simon McBride (Gitarre) \u2013 vereint Erfahrung, Virtuosit\u00e4t und frische Energie. Vor allem McBride sorgt seit 2023 f\u00fcr neuen kreativen Schwung: \u201eDer geb\u00fcrtige Ire f\u00fcgte der Band jede Menge Kraft hinzu und war in der Lage, vielen der bekannten Klassiker seine eigene Note zu verleihen\u201c (Creative Loafing Tampa Bay).<\/p>\n<p>Mit Ger\u00fcchten \u00fcber ein neues Album im Jahr 2026 und st\u00e4ndig neuen Konzertank\u00fcndigungen zeigen Deep Purple keine Anzeichen einer Pause. Ihr unverwechselbarer Sound \u2013 eine eklektische Mischung aus Hardrock, Blues und progressiven Elementen \u2013 bleibt zeitlos und inspiriert Generationen von Musikern und Fans weltweit.<\/p>\n<p>Deep Purple \u2013 eine Band, die Rockgeschichte geschrieben hat und sie bis heute fortschreibt.<\/p>","protected":false},"excerpt":{"rendered":"<p>Get your tickets here now!<\/p>","protected":false},"featured_media":55105,"template":"","meta":{"_acf_changed":false,"inline_featured_image":false},"product_brand":[],"product_cat":[31,69,86,35,37,6732,21,22,58],"product_tag":[3341,941,942,943,4819,944,945,6804,947,973,948],"class_list":{"0":"post-55092","1":"product","2":"type-product","3":"status-publish","4":"has-post-thumbnail","6":"product_cat-events","7":"product_cat-konzert","8":"product_cat-leipzig","9":"product_cat-orte","10":"product_cat-quarterback-immobilien-arena","11":"product_cat-rock-hard-rock","12":"product_cat-ticket","13":"product_cat-ticketupgrades-zusatzleistungen","14":"product_cat-veranstaltung","15":"product_tag-deep-purple","16":"product_tag-events","17":"product_tag-konzert","18":"product_tag-leipzig","19":"product_tag-live-2026","20":"product_tag-orte","21":"product_tag-quarterback-immobilien-arena","22":"product_tag-rock-hard-rock","23":"product_tag-ticket","24":"product_tag-ticketupgrades-zusatzleistungen","25":"product_tag-veranstaltung","26":"product_shipping_class-abholung_paketversand","27":"pa_discount-inklusive-begleitperson","28":"pa_discount-normalpreis","29":"pa_preiskategorie-front-of-stage-stehplatz","30":"pa_preiskategorie-ggv-up","31":"pa_preiskategorie-pgv-up","32":"pa_preiskategorie-pk-i","33":"pa_preiskategorie-pk-ii","34":"pa_preiskategorie-pk-iii","35":"pa_preiskategorie-pk-iv","36":"pa_preiskategorie-rollstuhlfahrer","37":"pa_preiskategorie-stehplatz","38":"pa_preiskategorie-vip-package-backstage-club","39":"pa_preiskategorie-vipu-up","41":"first","42":"instock","43":"featured","44":"taxable","45":"shipping-taxable","46":"purchasable","47":"product-type-variable"},"group_of_quantity":0,"min_quantity":0,"max_quantity":"","exclude_order_quantity_value_rules":"no","exclude_category_quantity_rules":"no","combine_variations":"no","acf":[],"_links":{"self":[{"href":"https:\/\/arena-ticket.com\/en\/wp-json\/wp\/v2\/product\/55092","targetHints":{"allow":["GET"]}}],"collection":[{"href":"https:\/\/arena-ticket.com\/en\/wp-json\/wp\/v2\/product"}],"about":[{"href":"https:\/\/arena-ticket.com\/en\/wp-json\/wp\/v2\/types\/product"}],"wp:featuredmedia":[{"embeddable":true,"href":"https:\/\/arena-ticket.com\/en\/wp-json\/wp\/v2\/media\/55105"}],"wp:attachment":[{"href":"https:\/\/arena-ticket.com\/en\/wp-json\/wp\/v2\/media?parent=55092"}],"wp:term":[{"taxonomy":"product_brand","embeddable":true,"href":"https:\/\/arena-ticket.com\/en\/wp-json\/wp\/v2\/product_brand?post=55092"},{"taxonomy":"product_cat","embeddable":true,"href":"https:\/\/arena-ticket.com\/en\/wp-json\/wp\/v2\/product_cat?post=55092"},{"taxonomy":"product_tag","embeddable":true,"href":"https:\/\/arena-ticket.com\/en\/wp-json\/wp\/v2\/product_tag?post=55092"}],"curies":[{"name":"wp","href":"https:\/\/api.w.org\/{rel}","templated":true}]}}