{"id":5511,"date":"2024-02-01T16:10:21","date_gmt":"2024-02-01T15:10:21","guid":{"rendered":"https:\/\/arena.hostpress.me\/?p=5511&#038;post_type=product&#038;preview_id=5511"},"modified":"2025-01-10T16:22:32","modified_gmt":"2025-01-10T15:22:32","slug":"uschi-bruening-das-guenther-fischer-quintett-leipzig-kupfersaal-13-10-2024-1800-uhr","status":"publish","type":"product","link":"https:\/\/arena-ticket.com\/en\/product\/uschi-bruening-das-guenther-fischer-quintett-leipzig-kupfersaal-13-10-2024-1800-uhr\/","title":{"rendered":"Uschi Br\u00fcning &amp; the G\u00fcnther Fischer Quintet"},"content":{"rendered":"<p>Secure your ticket for USCHI BR\u00dcNING &amp; the G\u00dcNTHER FISCHER QUINTET -<br \/>\nAnniversary tour for G\u00fcnther Fischer&#039;s 80th birthday<\/p>","protected":false},"excerpt":{"rendered":"<p>Secure your tickets for Uschi Br\u00fcning &amp; the G\u00fcnther Fischer Quintet.<\/p>\n<p>&nbsp;<\/p>","protected":false},"featured_media":5515,"template":"","meta":{"_acf_changed":false,"inline_featured_image":false},"product_brand":[],"product_cat":[31,69,430,86,35,21,58],"product_tag":[2144,1061,941,2146,2145,942,968,943,944,2147,958,67,947,2143,3836,948],"class_list":{"0":"post-5511","1":"product","2":"type-product","3":"status-publish","4":"has-post-thumbnail","6":"product_cat-events","7":"product_cat-konzert","8":"product_cat-kupfersaal","9":"product_cat-leipzig","10":"product_cat-orte","11":"product_cat-ticket","12":"product_cat-veranstaltung","13":"product_tag-bruening","14":"product_tag-das","15":"product_tag-events","16":"product_tag-fischer","17":"product_tag-guenther","18":"product_tag-konzert","19":"product_tag-kupfersaal","20":"product_tag-leipzig","21":"product_tag-orte","22":"product_tag-quintett","23":"product_tag-show","24":"product_tag-test","25":"product_tag-ticket","26":"product_tag-uschi","27":"product_tag-uschi-bruening-das-guenther-fischer-quintett","28":"product_tag-veranstaltung","29":"product_shipping_class-nur_paketversand","30":"pa_discount-normalpreis","31":"pa_preiskategorie-freie-platzwahl","33":"first","34":"outofstock","35":"taxable","36":"shipping-taxable","37":"purchasable","38":"product-type-variable"},"group_of_quantity":0,"min_quantity":0,"max_quantity":"","exclude_order_quantity_value_rules":"no","exclude_category_quantity_rules":"no","combine_variations":"no","acf":[],"_links":{"self":[{"href":"https:\/\/arena-ticket.com\/en\/wp-json\/wp\/v2\/product\/5511","targetHints":{"allow":["GET"]}}],"collection":[{"href":"https:\/\/arena-ticket.com\/en\/wp-json\/wp\/v2\/product"}],"about":[{"href":"https:\/\/arena-ticket.com\/en\/wp-json\/wp\/v2\/types\/product"}],"wp:featuredmedia":[{"embeddable":true,"href":"https:\/\/arena-ticket.com\/en\/wp-json\/wp\/v2\/media\/5515"}],"wp:attachment":[{"href":"https:\/\/arena-ticket.com\/en\/wp-json\/wp\/v2\/media?parent=5511"}],"wp:term":[{"taxonomy":"product_brand","embeddable":true,"href":"https:\/\/arena-ticket.com\/en\/wp-json\/wp\/v2\/product_brand?post=5511"},{"taxonomy":"product_cat","embeddable":true,"href":"https:\/\/arena-ticket.com\/en\/wp-json\/wp\/v2\/product_cat?post=5511"},{"taxonomy":"product_tag","embeddable":true,"href":"https:\/\/arena-ticket.com\/en\/wp-json\/wp\/v2\/product_tag?post=5511"}],"curies":[{"name":"wp","href":"https:\/\/api.w.org\/{rel}","templated":true}]}}