{"id":55221,"date":"2025-11-20T13:04:42","date_gmt":"2025-11-20T12:04:42","guid":{"rendered":"https:\/\/arena-ticket.com\/?p=55221&#038;post_type=product&#038;preview_id=55221"},"modified":"2026-03-05T19:34:42","modified_gmt":"2026-03-05T18:34:42","slug":"sean-paul-europe-tour-2026-leipzig-quarterback-immobilien-arena-05-03-2026-2000-uhr","status":"publish","type":"product","link":"https:\/\/arena-ticket.com\/en\/product\/sean-paul-europe-tour-2026-leipzig-quarterback-immobilien-arena-05-03-2026-2000-uhr\/","title":{"rendered":"Sean Paul - Europe Tour 2026"},"content":{"rendered":"<p>Mit unz\u00e4hligen Hits und Tourneen in \u00fcber 120 L\u00e4ndern gilt Sean Paul als Jamaikas absoluter Top-Musikexport und als gr\u00f6\u00dfter Weltstar, den die \u201ekleine Insel mit dem gro\u00dfen Sound\u201c bisher hervorgebracht hat. Unter seinem vollst\u00e4ndigen Namen Sean Paul Henriques 1973 in Kingston geboren, erobert der Dancehall-Deejay (wie ein Mikrofon-Controller in Jamaica genannt wird) seit seinem Durchbruch in den sp\u00e4ten 90er Jahren dank Songs wie \u201eGimme The Light\u201c, \u201eGet Busy\u201c, \u201eNo Lie\u201c, \u201eTemperature\u201c und \u201eBring It\u201c die weltweiten Charts. Als gefragter Kollaborationspartner von Superstars wie Beyonc\u00e9, Sia, Dua Lipa, Clean Bandit oder J Balvin pr\u00e4gt Sean Paul seit mehr als zwei Jahrzehnten den globalen Sound zwischen Dancehall, Pop und Reggae wie kein anderer \u2013 und begeistert auf der B\u00fchne mit einer Energie, die ihresgleichen sucht. Im Fr\u00fchjahr 2026 kommt er erneut auf Tournee und macht in K\u00f6ln, Hamburg, Frankfurt, M\u00fcnchen, Z\u00fcrich und Leipzig halt.<br \/>\nSein Deb\u00fctalbum \u201eStage One\u201c (2000) ebnete ihm den Weg, mit dem Grammy-pr\u00e4mierten Nachfolger \u201eDutty Rock\u201c (2002) gelang ihm schlie\u00dflich die internationale Sensation. Seither reiht sich ein Erfolg an den n\u00e4chsten: Trinity (2005) brachte den Welthit \u201eTemperature\u201c hervor, w\u00e4hrend er mit Imperial Blaze, Tomahawk Technique und Scorcha seine stilistische Bandbreite weiter ausbaute. Mit Crossover-Hits wie \u201eCheap Thrills\u201c (feat. Sia), \u201eRockabye\u201c (feat. Clean Bandit &amp; Anne-Marie) oder \u201eNo Lie\u201c (feat. Dua Lipa) erreichte Sean Paul in nahezu jedem Musikmarkt Spitzenpositionen und mehrfachen Platinstatus.<br \/>\nAuch im Jahr 2026 zeigt der jamaikanische Superstar keinerlei Anzeichen einer kreativen Pause: Mit seiner \u201eEUROPE TOUR 2026\u201c bringt Sean Paul seine unverkennbare Mischung aus Dancehall, Reggae und internationalen Hits endlich wieder live nach Deutschland, in die Schweiz \u2013 und auf die gr\u00f6\u00dften B\u00fchnen des Kontinents.<br \/>\nEgal ob Klassiker wie \u201eGet Busy\u201c oder brandneue Club-Banger \u2013 Sean Paul bleibt der Inbegriff karibischer Lebensfreude und einer der mitrei\u00dfendsten Live-Acts unserer Zeit.<\/p>","protected":false},"excerpt":{"rendered":"<p>Der Vorverkauf startet am 21.11.2025 11:00 Uhr!<\/p>","protected":false},"featured_media":55233,"template":"","meta":{"_acf_changed":false,"inline_featured_image":false},"product_brand":[],"product_cat":[6738,31,69,86,35,37,21,22,58],"product_tag":[1117,6549,941,942,943,944,945,6548,947,973,948],"class_list":{"0":"post-55221","1":"product","2":"type-product","3":"status-publish","4":"has-post-thumbnail","6":"product_cat-dance","7":"product_cat-events","8":"product_cat-konzert","9":"product_cat-leipzig","10":"product_cat-orte","11":"product_cat-quarterback-immobilien-arena","12":"product_cat-ticket","13":"product_cat-ticketupgrades-zusatzleistungen","14":"product_cat-veranstaltung","15":"product_tag-dance","16":"product_tag-europe-tour-2026","17":"product_tag-events","18":"product_tag-konzert","19":"product_tag-leipzig","20":"product_tag-orte","21":"product_tag-quarterback-immobilien-arena","22":"product_tag-sean-paul","23":"product_tag-ticket","24":"product_tag-ticketupgrades-zusatzleistungen","25":"product_tag-veranstaltung","26":"product_shipping_class-abholung_paketversand","27":"pa_discount-inklusive-begleitperson","28":"pa_discount-normalpreis","29":"pa_preiskategorie-front-of-stage-stehplatz","30":"pa_preiskategorie-ggv-up","31":"pa_preiskategorie-golden-circle-stehplatz","32":"pa_preiskategorie-pgv-up","33":"pa_preiskategorie-pk-i","34":"pa_preiskategorie-pk-ii","35":"pa_preiskategorie-pk-iii","36":"pa_preiskategorie-pk-iv","37":"pa_preiskategorie-rollstuhlfahrer","38":"pa_preiskategorie-stehplatz","39":"pa_preiskategorie-topseat","40":"pa_preiskategorie-vip-package-backstage-club","41":"pa_preiskategorie-vipu-up","43":"first","44":"instock","45":"taxable","46":"shipping-taxable","47":"purchasable","48":"product-type-variable"},"group_of_quantity":0,"min_quantity":0,"max_quantity":"","exclude_order_quantity_value_rules":"no","exclude_category_quantity_rules":"no","combine_variations":"no","acf":[],"_links":{"self":[{"href":"https:\/\/arena-ticket.com\/en\/wp-json\/wp\/v2\/product\/55221","targetHints":{"allow":["GET"]}}],"collection":[{"href":"https:\/\/arena-ticket.com\/en\/wp-json\/wp\/v2\/product"}],"about":[{"href":"https:\/\/arena-ticket.com\/en\/wp-json\/wp\/v2\/types\/product"}],"wp:featuredmedia":[{"embeddable":true,"href":"https:\/\/arena-ticket.com\/en\/wp-json\/wp\/v2\/media\/55233"}],"wp:attachment":[{"href":"https:\/\/arena-ticket.com\/en\/wp-json\/wp\/v2\/media?parent=55221"}],"wp:term":[{"taxonomy":"product_brand","embeddable":true,"href":"https:\/\/arena-ticket.com\/en\/wp-json\/wp\/v2\/product_brand?post=55221"},{"taxonomy":"product_cat","embeddable":true,"href":"https:\/\/arena-ticket.com\/en\/wp-json\/wp\/v2\/product_cat?post=55221"},{"taxonomy":"product_tag","embeddable":true,"href":"https:\/\/arena-ticket.com\/en\/wp-json\/wp\/v2\/product_tag?post=55221"}],"curies":[{"name":"wp","href":"https:\/\/api.w.org\/{rel}","templated":true}]}}