{"id":55303,"date":"2025-11-21T08:52:44","date_gmt":"2025-11-21T07:52:44","guid":{"rendered":"https:\/\/arena-ticket.com\/?p=55303&#038;post_type=product&#038;preview_id=55303"},"modified":"2026-02-28T13:01:33","modified_gmt":"2026-02-28T12:01:33","slug":"dartagnan-special-guests-storm-seeker-doppelbock-leipzig-felsenkeller-06-11-2026-1830-uhr","status":"publish","type":"product","link":"https:\/\/arena-ticket.com\/en\/product\/dartagnan-special-guests-storm-seeker-doppelbock-leipzig-felsenkeller-06-11-2026-1830-uhr\/","title":{"rendered":"dArtagnan  - special guests: Storm Seeker & Doppelbock"},"content":{"rendered":"<p>Freunde, Weggefa\u0308hrten, Musketiere \u2013 es ist kaum zu glauben: Seit zehn Jahren ziehen wir mit unseren Liedern durch die Lande! Eine ganze Dekade voller Abenteuer, unvergesslicher Konzerte, Schwei\u00df, Tra\u0308nen und vor allem \u2013 unendlich viel Freundschaft.<\/p>\n<p>2026 ja\u0308hrt sich unser erstes, mit GOLD ausgezeichnetes Album SEIT AN SEIT zum zehnten mal und wir wollen dieses Jubila\u0308um mit euch gleich doppelt feiern! Nach der grandiosen Resonanz auf unser eigenes Jubil\u00e4umsfestival \u201eHELDENFEST\u201c in Wuppertal haben wir kurzerhand beschlossen noch eine ganze Jubil\u00e4umstour zu spielen! In 13 ausgew\u00e4hlten St\u00e4dten in D\/AU\/CH wollen wir mit euch ansto\u00dfen auf alles was war, alles was ist und alles was noch kommen wird!<\/p>\n<p>Die gr\u00f6\u00dften musikalischen Momente aus einer Dekade dArtagnan wollen ebenso gefeiert werden wie das Leben und die Liebe zur Musik. Und natu\u0308rlich haben wir auch neue U\u0308berraschungen im Gepa\u0308ck, die diese Abende zu etwas ganz Besonderem machen!<\/p>\n<p>Dies ist unser Dank an euch \u2013 die treuen Freunde, die uns seit Jahren begleiten und ohne die all das niemals mo\u0308glich gewesen wa\u0308re. Also erhebt das Glas, o\u0308lt die Stimmen und scha\u0308rft die Schwerter: Heldinnen und Helden, singt mit uns die Hymnen \u2013 und feiert 10 Jahre DARTAGNAN! Auf der Helden &amp; Hymnen Tour.<\/p>\n<p>Mit dabei: Storm Seeker &amp; Doppelbock<\/p>","protected":false},"excerpt":{"rendered":"<p>Get your tickets here now!<\/p>","protected":false},"featured_media":55306,"template":"","meta":{"_acf_changed":false,"inline_featured_image":false},"product_brand":[],"product_cat":[31,69,86,35,347,6732,21,58],"product_tag":[3499,941,1476,942,943,944,966,6804,6551,947,948],"class_list":{"0":"post-55303","1":"product","2":"type-product","3":"status-publish","4":"has-post-thumbnail","6":"product_cat-events","7":"product_cat-konzert","8":"product_cat-leipzig","9":"product_cat-orte","10":"product_cat-parkbuehne-leipzig","11":"product_cat-rock-hard-rock","12":"product_cat-ticket","13":"product_cat-veranstaltung","14":"product_tag-dartagnan","15":"product_tag-events","16":"product_tag-felsenkeller","17":"product_tag-konzert","18":"product_tag-leipzig","19":"product_tag-orte","20":"product_tag-parkbuehne-leipzig","21":"product_tag-rock-hard-rock","22":"product_tag-special-guests-storm-seeker-doppelbock","23":"product_tag-ticket","24":"product_tag-veranstaltung","25":"product_shipping_class-nur_paketversand","26":"pa_discount-inklusive-begleitperson","27":"pa_discount-normalpreis","28":"pa_preiskategorie-rollstuhlfahrer","29":"pa_preiskategorie-stehplatz","31":"first","32":"instock","33":"taxable","34":"shipping-taxable","35":"purchasable","36":"product-type-variable"},"group_of_quantity":0,"min_quantity":0,"max_quantity":"","exclude_order_quantity_value_rules":"no","exclude_category_quantity_rules":"no","combine_variations":"no","acf":[],"_links":{"self":[{"href":"https:\/\/arena-ticket.com\/en\/wp-json\/wp\/v2\/product\/55303","targetHints":{"allow":["GET"]}}],"collection":[{"href":"https:\/\/arena-ticket.com\/en\/wp-json\/wp\/v2\/product"}],"about":[{"href":"https:\/\/arena-ticket.com\/en\/wp-json\/wp\/v2\/types\/product"}],"wp:featuredmedia":[{"embeddable":true,"href":"https:\/\/arena-ticket.com\/en\/wp-json\/wp\/v2\/media\/55306"}],"wp:attachment":[{"href":"https:\/\/arena-ticket.com\/en\/wp-json\/wp\/v2\/media?parent=55303"}],"wp:term":[{"taxonomy":"product_brand","embeddable":true,"href":"https:\/\/arena-ticket.com\/en\/wp-json\/wp\/v2\/product_brand?post=55303"},{"taxonomy":"product_cat","embeddable":true,"href":"https:\/\/arena-ticket.com\/en\/wp-json\/wp\/v2\/product_cat?post=55303"},{"taxonomy":"product_tag","embeddable":true,"href":"https:\/\/arena-ticket.com\/en\/wp-json\/wp\/v2\/product_tag?post=55303"}],"curies":[{"name":"wp","href":"https:\/\/api.w.org\/{rel}","templated":true}]}}