{"id":55328,"date":"2025-11-21T12:17:41","date_gmt":"2025-11-21T11:17:41","guid":{"rendered":"https:\/\/arena-ticket.com\/?p=55328&#038;post_type=product&#038;preview_id=55328"},"modified":"2025-11-21T13:41:46","modified_gmt":"2025-11-21T12:41:46","slug":"santiano-da-braut-sich-was-zusammen-open-air-2026-dresden-freilichtbuehne-junge-garde-im-grossen-garte-12-09-2026-1930-uhr","status":"publish","type":"product","link":"https:\/\/arena-ticket.com\/en\/product\/santiano-da-braut-sich-was-zusammen-open-air-2026-dresden-freilichtbuehne-junge-garde-im-grossen-garte-12-09-2026-1930-uhr\/","title":{"rendered":"SANTIANO  - Da braut sich was zusammen - Open Air 2026"},"content":{"rendered":"<p>Gro\u00dfe Stimmen, ein Sound, geballte Energie! SANTIANO ist leidenschaftlich, wild, laut und intensiv. Mit ihrer ein Millionenpublikum anziehenden Energie und dem unverwechselbaren Sound ist SANTIANO mehr als einfach nur eine Band. SANTIANO ist eine echte Naturgewalt, die vor allem live bei ihren einzigartigen Shows deutlich sp\u00fcrbar auch den letzten Zuschauer packt und noch Stunden nach dem Konzert hochgradige Wirkung zeigt. 2026 wird ein \u00fcberragendes Jahr f\u00fcr alle SANTIANO-Fans, denn die charismatischen Shanty-Rocker werden mit ihrem neuen aufregenden Programm und ihrem am 24. Oktober 2025 erscheinenden Album auch wieder LIVE unterwegs sein. Nach ihrer ausgedehnten Arena-Tournee kommt die Band auch wieder auf ausgew\u00e4hlte Open Air B\u00fchnen.<\/p>\n<p>Schnell offenbart sich - bei SANTIANO wird nicht einfach nur performt, hier wird die Musik gelebt. Authentisch, tiefgr\u00fcndig, mitrei\u00dfend. Das, was SANTIANO auf der B\u00fchne darbieten, ist Musik mit Haltung und Songs voller Botschaften mit Gewicht und Aussagekraft. Der \u00fcberw\u00e4ltigende, mittlerweile \u00fcber zw\u00f6lf Jahre andauernde Erfolg gibt ihnen Recht. Sieben aufeinanderfolgende Top 1-Alben, mehr als 5,5 Millionen verkaufte Tontr\u00e4ger, \u00fcber eine Milliarde Album-Streams, Gold-, Platin- und Diamant-Awards sowie mehr als 1,5 Millionen verkaufte Tickets ihrer bis dato mehr als 500 gespielten Konzerte. Eines ist sicher \u2013 wenn SANTIANO 2026 wieder auf Open Air-Tournee geht, dann k\u00f6nnen sich die Fans auf elektrisierende Gitarren, pulsierende Drums, eing\u00e4ngige Pop-Rock-Melodien und die unmittelbare, ja nahezu magisch wirkende Pr\u00e4senz der norddeutschen Band freuen. Und das alles unter freiem Himmel!!<\/p>","protected":false},"excerpt":{"rendered":"<div class=\"event__header\" data-v-331ed750=\"\">Secure your tickets!<\/div>","protected":false},"featured_media":55370,"template":"","meta":{"_acf_changed":false,"inline_featured_image":false},"product_brand":[],"product_cat":[87,31,403,69,35,6732,58],"product_tag":[6552,940,941,996,942,944,1300,948],"class_list":{"0":"post-55328","1":"product","2":"type-product","3":"status-publish","4":"has-post-thumbnail","6":"product_cat-dresden","7":"product_cat-events","8":"product_cat-freilichtbuehne-grosser-garten-junge-garde","9":"product_cat-konzert","10":"product_cat-orte","11":"product_cat-rock-hard-rock","12":"product_cat-veranstaltung","13":"product_tag-da-braut-sich-was-zusammen-open-air-2026","14":"product_tag-dresden","15":"product_tag-events","16":"product_tag-freilichtbuehne-grosser-garten-junge-garde","17":"product_tag-konzert","18":"product_tag-orte","19":"product_tag-santiano","20":"product_tag-veranstaltung","21":"product_shipping_class-nur_paketversand","22":"pa_discount-kind","23":"pa_discount-normalpreis","24":"pa_preiskategorie-freie-platzwahl","26":"first","27":"instock","28":"taxable","29":"shipping-taxable","30":"purchasable","31":"product-type-variable"},"group_of_quantity":0,"min_quantity":0,"max_quantity":"","exclude_order_quantity_value_rules":"no","exclude_category_quantity_rules":"no","combine_variations":"no","acf":[],"_links":{"self":[{"href":"https:\/\/arena-ticket.com\/en\/wp-json\/wp\/v2\/product\/55328","targetHints":{"allow":["GET"]}}],"collection":[{"href":"https:\/\/arena-ticket.com\/en\/wp-json\/wp\/v2\/product"}],"about":[{"href":"https:\/\/arena-ticket.com\/en\/wp-json\/wp\/v2\/types\/product"}],"wp:featuredmedia":[{"embeddable":true,"href":"https:\/\/arena-ticket.com\/en\/wp-json\/wp\/v2\/media\/55370"}],"wp:attachment":[{"href":"https:\/\/arena-ticket.com\/en\/wp-json\/wp\/v2\/media?parent=55328"}],"wp:term":[{"taxonomy":"product_brand","embeddable":true,"href":"https:\/\/arena-ticket.com\/en\/wp-json\/wp\/v2\/product_brand?post=55328"},{"taxonomy":"product_cat","embeddable":true,"href":"https:\/\/arena-ticket.com\/en\/wp-json\/wp\/v2\/product_cat?post=55328"},{"taxonomy":"product_tag","embeddable":true,"href":"https:\/\/arena-ticket.com\/en\/wp-json\/wp\/v2\/product_tag?post=55328"}],"curies":[{"name":"wp","href":"https:\/\/api.w.org\/{rel}","templated":true}]}}