{"id":55331,"date":"2025-11-21T12:20:52","date_gmt":"2025-11-21T11:20:52","guid":{"rendered":"https:\/\/arena-ticket.com\/?p=55331&#038;post_type=product&#038;preview_id=55331"},"modified":"2026-02-27T17:19:10","modified_gmt":"2026-02-27T16:19:10","slug":"element-of-crime-konzerthaus-tour-2026-dresden-freilichtbuehne-junge-garde-im-grossen-garte-16-05-2026-1900-uhr","status":"publish","type":"product","link":"https:\/\/arena-ticket.com\/en\/product\/element-of-crime-konzerthaus-tour-2026-dresden-freilichtbuehne-junge-garde-im-grossen-garte-16-05-2026-1900-uhr\/","title":{"rendered":"Element of Crime  - Konzerthaus Tour 2026"},"content":{"rendered":"<div class=\"xdj266r x14z9mp xat24cr x1lziwak x1vvkbs x126k92a\">\n<div dir=\"auto\">Nach ihren vielumjubelten Auftritten unter dem Motto \"Unscharf mit Katze\" im Jahr 2025 gehen\u00a0<span class=\"html-span xdj266r x14z9mp xat24cr x1lziwak xexx8yu xyri2b x18d9i69 x1c1uobl x1hl2dhg x16tdsg8 x1vvkbs\"><a class=\"x1i10hfl xjbqb8w x1ejq31n x18oe1m7 x1sy0etr xstzfhl x972fbf x10w94by x1qhh985 x14e42zd x9f619 x1ypdohk xt0psk2 x3ct3a4 xdj266r x14z9mp xat24cr x1lziwak xexx8yu xyri2b x18d9i69 x1c1uobl x16tdsg8 x1hl2dhg xggy1nq x1a2a7pz xkrqix3 x1sur9pj x1fey0fg x1s688f\" role=\"link\" href=\"https:\/\/www.facebook.com\/ElementOfCrime?__cft__[0]=AZX9CkYmH5MKJ3Mpp9SvC3S1gPTQ0SO2r_clkeHyzd43o1IhxvRljjEtLdv_CgpaUW7dM4CMYgSmz40rZ_PkHu2mo9khlTvqmHxGzjv5bnWIfJc1PY6N-fnpOITCVeuuipKZv7iEOzN0MF6i2kR3e0c-u-XekhC42Q5POSCztof2RnuOpwvVxGUB-9uQGGR6vxE&amp;__tn__=-]K-R\" rel=\"nofollow noopener\" target=\"_blank\"><span class=\"xt0psk2\"><span class=\"xjp7ctv\">Element Of Crime<\/span><\/span><\/a><\/span>\u00a0im Jahr 2026 in die zweite Runde.<\/div>\n<div dir=\"auto\">Die Band nennt es \u201eKonzerthaus Tour\u201c: sie spielen sich landauf, landab durch die klassischen Konzerth\u00e4user, Opern und sonst wie bestuhlten Hallen und testen sie auf ihre Rock-'n'-Roll-Tauglichkeit! Au\u00dferdem laden EOC in ausgew\u00e4hlten St\u00e4dten zu Open Airs!<\/div>\n<\/div>\n<div class=\"x14z9mp xat24cr x1lziwak x1vvkbs xtlvy1s x126k92a\">\n<div dir=\"auto\">Musikalisch wird es sich um eine Erweiterung des Konzepts der \"Unscharf-mit-Katze\"-Tournee 2025 handeln: Die Band wird alle Winkel ihres \u00fcber 40j\u00e4hrigen musikalischen Schaffens ausleuchten und neben allerhand Element-of-Crime-Klassikern auch solche Titel spielen, die man seit Jahrzehnten oder vielleicht auch noch nie live geh\u00f6rt hat, sei es, weil sie ewig nicht gespielt wurden, sei es, weil sie ganz neu sind.<\/div>\n<div dir=\"auto\">Unscharf mit Katze 2026: Wir d\u00fcrfen uns \u00fcberraschen lassen!<\/div>\n<\/div>\n","protected":false},"excerpt":{"rendered":"<div class=\"event__header\" data-v-331ed750=\"\">Secure your tickets!<\/div>","protected":false},"featured_media":55335,"template":"","meta":{"_acf_changed":false,"inline_featured_image":false},"product_brand":[],"product_cat":[87,31,403,69,35,6733,58],"product_tag":[940,4633,941,996,942,6392,944,2506,948],"class_list":{"0":"post-55331","1":"product","2":"type-product","3":"status-publish","4":"has-post-thumbnail","6":"product_cat-dresden","7":"product_cat-events","8":"product_cat-freilichtbuehne-grosser-garten-junge-garde","9":"product_cat-konzert","10":"product_cat-orte","11":"product_cat-pop","12":"product_cat-veranstaltung","13":"product_tag-dresden","14":"product_tag-element-of-crime","15":"product_tag-events","16":"product_tag-freilichtbuehne-grosser-garten-junge-garde","17":"product_tag-konzert","18":"product_tag-konzerthaus-tour-2026","19":"product_tag-orte","20":"product_tag-pop","21":"product_tag-veranstaltung","22":"product_shipping_class-nur_paketversand","23":"pa_discount-ermaessigt","24":"pa_discount-kind","25":"pa_discount-normalpreis","26":"pa_preiskategorie-freie-platzwahl","28":"first","29":"outofstock","30":"taxable","31":"shipping-taxable","32":"purchasable","33":"product-type-variable"},"group_of_quantity":0,"min_quantity":0,"max_quantity":"","exclude_order_quantity_value_rules":"no","exclude_category_quantity_rules":"no","combine_variations":"no","acf":[],"_links":{"self":[{"href":"https:\/\/arena-ticket.com\/en\/wp-json\/wp\/v2\/product\/55331","targetHints":{"allow":["GET"]}}],"collection":[{"href":"https:\/\/arena-ticket.com\/en\/wp-json\/wp\/v2\/product"}],"about":[{"href":"https:\/\/arena-ticket.com\/en\/wp-json\/wp\/v2\/types\/product"}],"wp:featuredmedia":[{"embeddable":true,"href":"https:\/\/arena-ticket.com\/en\/wp-json\/wp\/v2\/media\/55335"}],"wp:attachment":[{"href":"https:\/\/arena-ticket.com\/en\/wp-json\/wp\/v2\/media?parent=55331"}],"wp:term":[{"taxonomy":"product_brand","embeddable":true,"href":"https:\/\/arena-ticket.com\/en\/wp-json\/wp\/v2\/product_brand?post=55331"},{"taxonomy":"product_cat","embeddable":true,"href":"https:\/\/arena-ticket.com\/en\/wp-json\/wp\/v2\/product_cat?post=55331"},{"taxonomy":"product_tag","embeddable":true,"href":"https:\/\/arena-ticket.com\/en\/wp-json\/wp\/v2\/product_tag?post=55331"}],"curies":[{"name":"wp","href":"https:\/\/api.w.org\/{rel}","templated":true}]}}