{"id":55352,"date":"2025-11-21T13:09:06","date_gmt":"2025-11-21T12:09:06","guid":{"rendered":"https:\/\/arena-ticket.com\/?p=55352&#038;post_type=product&#038;preview_id=55352"},"modified":"2025-11-21T13:36:06","modified_gmt":"2025-11-21T12:36:06","slug":"fat-freddys-drop-dresden-freilichtbuehne-junge-garde-im-grossen-garte-06-06-2026-1900-uhr","status":"publish","type":"product","link":"https:\/\/arena-ticket.com\/en\/product\/fat-freddys-drop-dresden-freilichtbuehne-junge-garde-im-grossen-garte-06-06-2026-1900-uhr\/","title":{"rendered":"Fat Freddy's Drop"},"content":{"rendered":"<p>Die legend\u00e4re Band Fat Freddy\u2019s Drop kehrt 2026 endlich wieder auf deutsche B\u00fchnen zur\u00fcck: Im Rahmen ihrer \u201eBased On A True Story 21st Anniversary Tour 2026\u201c feiern sie das Jubil\u00e4um ihres bahnbrechenden Deb\u00fctalbums \u201eBased On A True Story\u201c. Die f\u00fcnf Deutschlandtermine markieren einen besonderen Moment in der Geschichte der Musiker, denn es sind die ersten Auftritte seit dem pl\u00f6tzlichen Tod des Gr\u00fcndungsmitglieds Chris \u201eMU\u201c Faiumu. Trotz des gro\u00dfen Verlustes ist die Band fest entschlossen, ihre musikalische Reise fortzusetzen \u2013 aus Liebe zur Musik und im Andenken an MU. Leads\u00e4nger Dallas Tamaira erkl\u00e4rt: \u201eEs ist wichtig f\u00fcr uns, die Absichten zu ehren, die wir gemeinsam mit MU hatten, und dieses Album live zu spielen, ist Teil davon.\u201c Seit der Gr\u00fcndung 1999 in Wellington, Neuseeland, haben sich Fat Freddy\u2019s Drop von einem Geheimtipp der Underground-Szene zu einem weltweit gefeierten Live-Ph\u00e4nomen entwickelt. Ihre unverwechselbare Mischung aus Reggae, Dub, Soul, Techno und Jazz macht jedes Konzert zu einem ekstatischen Erlebnis, das einer energiegeladenen, emotionalen und zutiefst tanzbaren Feier der Musik gleicht. Das nun zu feiernde Deb\u00fct \u201eBased On A True Story\u201c erschien 2005 als unabh\u00e4ngige Produktion und wurde zu einem Meilenstein: Das Album blieb unglaubliche 111 Wochen in den neuseel\u00e4ndischen Top 40, gewann acht New Zealand Music Awards und gewann bei den britischen Gilles Peterson\u2019s Worldwide Music Awards. Saxophonist Scott Towers sagt dazu: \u201eDas war unser erstes Studioalbum, und sein Erfolg war das Sprungbrett f\u00fcr eine unglaubliche gemeinsame Reise. Wir m\u00f6chten der Musik Tribut zollen, MU ehren und nat\u00fcrlich f\u00fcr all die Fans spielen, die uns \u00fcber all die Jahre unterst\u00fctzt haben.\u201c<\/p>\n<p>International werden Fat Freddy\u2019s Drop als eine der besten Live-Bands der Welt gefeiert. Ob bei ausverkauften Shows in Europa, Australien oder Aotearoa: Die Musiker begeistern mit einer einzigartigen Mischung aus Improvisation, Groove und Euphorie. Kritiker*innen beschreiben ihre Konzerte als \u201eein Erlebnis wie kein anderes\u201c, \u201eeine ekstatische Fusion von Reggae und Techno\u201c oder \u201eeine Live-Show voller Energie, Seele und Spielfreude\u201c. Wenn Fat Freddy\u2019s Drop 2026 ihre \u201eBased On A True Story 21st Anniversary Tour\u201c nach Deutschland bringen, erwartet das Publikum keine nostalgische R\u00fcckschau, sondern eine lebendige Feier von Zusammenhalt und musikalischer Freiheit \u2013 ganz im Geiste von MU und der unersch\u00fctterlichen Liebe zur Musik.<\/p>","protected":false},"excerpt":{"rendered":"<div class=\"event__header\" data-v-331ed750=\"\">Secure your tickets!<\/div>","protected":false},"featured_media":55357,"template":"","meta":{"_acf_changed":false,"inline_featured_image":false},"product_brand":[],"product_cat":[87,31,403,69,35,6749,58],"product_tag":[940,941,6555,996,942,944,948],"class_list":{"0":"post-55352","1":"product","2":"type-product","3":"status-publish","4":"has-post-thumbnail","6":"product_cat-dresden","7":"product_cat-events","8":"product_cat-freilichtbuehne-grosser-garten-junge-garde","9":"product_cat-konzert","10":"product_cat-orte","11":"product_cat-sonstiges_konzert","12":"product_cat-veranstaltung","13":"product_tag-dresden","14":"product_tag-events","15":"product_tag-fat-freddys-drop","16":"product_tag-freilichtbuehne-grosser-garten-junge-garde","17":"product_tag-konzert","18":"product_tag-orte","19":"product_tag-veranstaltung","20":"product_shipping_class-nur_paketversand","21":"pa_discount-ermaessigt","22":"pa_discount-kind","23":"pa_discount-normalpreis","24":"pa_preiskategorie-freie-platzwahl","26":"first","27":"instock","28":"taxable","29":"shipping-taxable","30":"purchasable","31":"product-type-variable"},"group_of_quantity":0,"min_quantity":0,"max_quantity":"","exclude_order_quantity_value_rules":"no","exclude_category_quantity_rules":"no","combine_variations":"no","acf":[],"_links":{"self":[{"href":"https:\/\/arena-ticket.com\/en\/wp-json\/wp\/v2\/product\/55352","targetHints":{"allow":["GET"]}}],"collection":[{"href":"https:\/\/arena-ticket.com\/en\/wp-json\/wp\/v2\/product"}],"about":[{"href":"https:\/\/arena-ticket.com\/en\/wp-json\/wp\/v2\/types\/product"}],"wp:featuredmedia":[{"embeddable":true,"href":"https:\/\/arena-ticket.com\/en\/wp-json\/wp\/v2\/media\/55357"}],"wp:attachment":[{"href":"https:\/\/arena-ticket.com\/en\/wp-json\/wp\/v2\/media?parent=55352"}],"wp:term":[{"taxonomy":"product_brand","embeddable":true,"href":"https:\/\/arena-ticket.com\/en\/wp-json\/wp\/v2\/product_brand?post=55352"},{"taxonomy":"product_cat","embeddable":true,"href":"https:\/\/arena-ticket.com\/en\/wp-json\/wp\/v2\/product_cat?post=55352"},{"taxonomy":"product_tag","embeddable":true,"href":"https:\/\/arena-ticket.com\/en\/wp-json\/wp\/v2\/product_tag?post=55352"}],"curies":[{"name":"wp","href":"https:\/\/api.w.org\/{rel}","templated":true}]}}