{"id":55359,"date":"2025-11-21T13:20:55","date_gmt":"2025-11-21T12:20:55","guid":{"rendered":"https:\/\/arena-ticket.com\/?p=55359&#038;post_type=product&#038;preview_id=55359"},"modified":"2025-11-21T14:10:55","modified_gmt":"2025-11-21T13:10:55","slug":"philipp-poisel-freunde-tour-2026-dresden-freilichtbuehne-junge-garde-im-grossen-garten-20-06-2026-1900-uhr","status":"publish","type":"product","link":"https:\/\/arena-ticket.com\/en\/product\/philipp-poisel-freunde-tour-2026-dresden-freilichtbuehne-junge-garde-im-grossen-garten-20-06-2026-1900-uhr\/","title":{"rendered":"Philipp Poisel  - Freunde Tour 2026"},"content":{"rendered":"<div class=\"xdj266r x14z9mp xat24cr x1lziwak x1vvkbs x126k92a\">\n<div dir=\"auto\">\n<p>K\u00f6ln, 01.09.2025 \u2013 Ich packe meinen Koffer, und ich nehme mit: Die Band, das Team, eine ganze Menge Songs und Sommervibes\u2026. 2026 geht es f\u00fcr Philipp Poisel zum ersten Mal seit 2023 wieder in Vollbesetzung auf Tour durch Deutschland und es ist mittlerweile schon eine eingeschworene Reisetruppe.<\/p>\n<p>Philipp Poisel, seine Band und seine Fans. Freunde halt! Und dieses Gef\u00fchl, mit Freunden unterwegs zu sein, wird sich mit dem energetischen Band Sound, dem Geruch von Sommer und Ferien und dem gemeinsamen Singen von Philipp Poisels Klassikern auf B\u00fchnen in ganz Deutschland verbinden.<\/p>\n<p>Nach vier komplett ausverkauften Solotourneen und der gefeierten, ausverkauften Tournee mit dem Neon Acoustic Orchester, jetzt also endlich wieder Philipp Poisel und Band. Und als Freunde an den Instrumen-ten wieder dabei: Andie Mette (Gitarre), Dave Mette (Schlagzeug), Fabian Wendt (Bass) und Florian Ostertag (Tasten).<\/p>\n<p>Wer Philipp Poisel und Band schon mal erleben konnte, der wei\u00df, dass Philipps Songs hier live eine besonde-re Kraft und Energie entwickeln mit internationalem Rocksound, dynamischen Achtzigerjahre Popgroove, bis hin zu verspielten Klangbildern der Siebziger. Und nat\u00fcrlich gibt es auch gen\u00fcgend Platz f\u00fcr akustische, in-time Singer-Songwriter Momente.<\/p>\n<\/div>\n<\/div>","protected":false},"excerpt":{"rendered":"<div class=\"event__header\" data-v-331ed750=\"\">Secure your tickets!<\/div>","protected":false},"featured_media":55363,"template":"","meta":{"_acf_changed":false,"inline_featured_image":false},"product_brand":[],"product_cat":[87,31,403,69,35,6733,58],"product_tag":[940,941,996,6534,942,944,6270,948],"class_list":{"0":"post-55359","1":"product","2":"type-product","3":"status-publish","4":"has-post-thumbnail","6":"product_cat-dresden","7":"product_cat-events","8":"product_cat-freilichtbuehne-grosser-garten-junge-garde","9":"product_cat-konzert","10":"product_cat-orte","11":"product_cat-pop","12":"product_cat-veranstaltung","13":"product_tag-dresden","14":"product_tag-events","15":"product_tag-freilichtbuehne-grosser-garten-junge-garde","16":"product_tag-freunde-tour-2026","17":"product_tag-konzert","18":"product_tag-orte","19":"product_tag-philipp-poisel","20":"product_tag-veranstaltung","21":"product_shipping_class-nur_paketversand","22":"pa_discount-ermaessigt","23":"pa_discount-kind","24":"pa_discount-normalpreis","25":"pa_preiskategorie-freie-platzwahl","27":"first","28":"instock","29":"taxable","30":"shipping-taxable","31":"purchasable","32":"product-type-variable"},"group_of_quantity":0,"min_quantity":0,"max_quantity":"","exclude_order_quantity_value_rules":"no","exclude_category_quantity_rules":"no","combine_variations":"no","acf":[],"_links":{"self":[{"href":"https:\/\/arena-ticket.com\/en\/wp-json\/wp\/v2\/product\/55359","targetHints":{"allow":["GET"]}}],"collection":[{"href":"https:\/\/arena-ticket.com\/en\/wp-json\/wp\/v2\/product"}],"about":[{"href":"https:\/\/arena-ticket.com\/en\/wp-json\/wp\/v2\/types\/product"}],"wp:featuredmedia":[{"embeddable":true,"href":"https:\/\/arena-ticket.com\/en\/wp-json\/wp\/v2\/media\/55363"}],"wp:attachment":[{"href":"https:\/\/arena-ticket.com\/en\/wp-json\/wp\/v2\/media?parent=55359"}],"wp:term":[{"taxonomy":"product_brand","embeddable":true,"href":"https:\/\/arena-ticket.com\/en\/wp-json\/wp\/v2\/product_brand?post=55359"},{"taxonomy":"product_cat","embeddable":true,"href":"https:\/\/arena-ticket.com\/en\/wp-json\/wp\/v2\/product_cat?post=55359"},{"taxonomy":"product_tag","embeddable":true,"href":"https:\/\/arena-ticket.com\/en\/wp-json\/wp\/v2\/product_tag?post=55359"}],"curies":[{"name":"wp","href":"https:\/\/api.w.org\/{rel}","templated":true}]}}