{"id":55384,"date":"2025-11-21T13:59:53","date_gmt":"2025-11-21T12:59:53","guid":{"rendered":"https:\/\/arena-ticket.com\/?p=55384&#038;post_type=product&#038;preview_id=55384"},"modified":"2025-11-21T14:08:09","modified_gmt":"2025-11-21T13:08:09","slug":"howard-carpendale-ein-sommer-mit-euch-2026-dresden-junge-garde-26-07-2026-17-30-uhr","status":"publish","type":"product","link":"https:\/\/arena-ticket.com\/en\/product\/howard-carpendale-ein-sommer-mit-euch-2026-dresden-junge-garde-26-07-2026-17-30-uhr\/","title":{"rendered":"Howard Carpendale  - Ein Sommer mit euch \u2013 2026"},"content":{"rendered":"<section class=\"c-full c-inner c-narrow\" data-c=\"stageteasertext\" data-qa=\"stageteasertext-component\">\n<div class=\"container\">\n<div class=\"external-content no-margin\">\n<div class=\"u-position-relative js-moretext-wrapper\">\n<div class=\"moretext js-moretext expanded\" data-qa=\"readMoreText\">\n<div class=\"moretext-teaser\">\n<p>Nach mehr als sechs Jahrzehnten im Rampenlicht, unz\u00e4hligen Hits und unvergesslichen Live-Momenten geht Howard Carpendale im Fr\u00fchjahr 2026 auf seine gro\u00dfe Abschiedstournee durch Deutschland, \u00d6sterreich und die Schweiz. Die gro\u00dfe Begeisterung und Nachfrage der Fans auf die Konzerte in den gr\u00f6\u00dften Arenen haben den K\u00fcnstler \u00fcberw\u00e4ltigt und dazu inspiriert seine Zugabe offiziell zu verk\u00fcnden und die Tour um zus\u00e4tzliche Open-Air-Konzerte im Sommer 2026 zu erweitern.\" Es bewegt mich immer wieder aufs Neue zu sehen, wie viele Menschen meine Show erreicht und ber\u00fchrt. Diese Resonanz ist in der heutigen Zeit keineswegs selbstverst\u00e4ndlich, umso mehr freue ich mich auf die \"Zugabe\", die ich mit meiner Band und den Fans im Sommer feiern werde\", so Carpendale.<\/p>\n<p>Die zus\u00e4tzlichen Termine werden in einigen der sch\u00f6nsten Open-Air-Locations Deutschlands stattfinden. Die Zuschauer d\u00fcrfen sich auf eine Mischung aus legend\u00e4ren Klassikern, emotionalen Balladen und energiegeladenen Hits freuen \u2013 alles in einer einzigartigen Atmosph\u00e4re unter freiem Himmel.<\/p>\n<p>Howard Carpendale verspricht: \"Das wird ein einmaliges Erlebnis \u2013 voller Emotion, Musik und Dankbarkeit.\"<\/p>\n<\/div>\n<\/div>\n<div class=\"link moretext-toggle\"><\/div>\n<\/div>\n<\/div>\n<\/div>\n<\/section>\n<section class=\"c container\" data-c=\"eviwidget\" data-qa=\"evi-widget\">\n<div class=\"js-evi-wrapper theme-element-border evi-wrapper\">\n<div class=\"js-evi-box\" data-evi-widget-version=\"3.19.0\">\n<div id=\"evi-widget-rule-11e8fcb5-8a5e-aaee-e6eb-996adb054c48\" class=\"evi-widget evi-widget evi-widget-type-ticket-alarm-single\"><\/div>\n<\/div>\n<\/div>\n<\/section>","protected":false},"excerpt":{"rendered":"<p>Einmal Prinzessin und zuru\u0308ck - 20 Jahre Cindy aus Marzahn - Die Jubil\u00e4ums-Tour wird 2025 fortgesetzt!<\/p>","protected":false},"featured_media":55388,"template":"","meta":{"_acf_changed":false,"inline_featured_image":false},"product_brand":[],"product_cat":[31,87,403,69,35,6734,21,58],"product_tag":[954,940,6556,941,996,3909,944,947,948],"class_list":{"0":"post-55384","1":"product","2":"type-product","3":"status-publish","4":"has-post-thumbnail","6":"product_cat-events","7":"product_cat-dresden","8":"product_cat-freilichtbuehne-grosser-garten-junge-garde","9":"product_cat-konzert","10":"product_cat-orte","11":"product_cat-schlager","12":"product_cat-ticket","13":"product_cat-veranstaltung","14":"product_tag-comedy","15":"product_tag-dresden","16":"product_tag-ein-sommer-mit-euch-2026","17":"product_tag-events","18":"product_tag-freilichtbuehne-grosser-garten-junge-garde","19":"product_tag-howard-carpendale","20":"product_tag-orte","21":"product_tag-ticket","22":"product_tag-veranstaltung","23":"product_shipping_class-nur_paketversand","24":"pa_discount-normalpreis","25":"pa_preiskategorie-pk-i","26":"pa_preiskategorie-pk-ii","27":"pa_preiskategorie-pk-iii","28":"pa_preiskategorie-pk-iv","29":"pa_preiskategorie-pk-v","30":"pa_preiskategorie-pk-vi","32":"first","33":"instock","34":"taxable","35":"shipping-taxable","36":"purchasable","37":"product-type-variable","38":"has-default-attributes"},"group_of_quantity":0,"min_quantity":0,"max_quantity":"","exclude_order_quantity_value_rules":"no","exclude_category_quantity_rules":"no","combine_variations":"no","acf":[],"_links":{"self":[{"href":"https:\/\/arena-ticket.com\/en\/wp-json\/wp\/v2\/product\/55384","targetHints":{"allow":["GET"]}}],"collection":[{"href":"https:\/\/arena-ticket.com\/en\/wp-json\/wp\/v2\/product"}],"about":[{"href":"https:\/\/arena-ticket.com\/en\/wp-json\/wp\/v2\/types\/product"}],"wp:featuredmedia":[{"embeddable":true,"href":"https:\/\/arena-ticket.com\/en\/wp-json\/wp\/v2\/media\/55388"}],"wp:attachment":[{"href":"https:\/\/arena-ticket.com\/en\/wp-json\/wp\/v2\/media?parent=55384"}],"wp:term":[{"taxonomy":"product_brand","embeddable":true,"href":"https:\/\/arena-ticket.com\/en\/wp-json\/wp\/v2\/product_brand?post=55384"},{"taxonomy":"product_cat","embeddable":true,"href":"https:\/\/arena-ticket.com\/en\/wp-json\/wp\/v2\/product_cat?post=55384"},{"taxonomy":"product_tag","embeddable":true,"href":"https:\/\/arena-ticket.com\/en\/wp-json\/wp\/v2\/product_tag?post=55384"}],"curies":[{"name":"wp","href":"https:\/\/api.w.org\/{rel}","templated":true}]}}