{"id":55450,"date":"2025-11-21T17:36:15","date_gmt":"2025-11-21T16:36:15","guid":{"rendered":"https:\/\/arena-ticket.com\/?p=55450&#038;post_type=product&#038;preview_id=55450"},"modified":"2025-11-25T10:58:35","modified_gmt":"2025-11-25T09:58:35","slug":"die-hexe-baba-jaga-teil-1-dresden-freilichtbuehne-junge-garde-im-grossen-garten-06-09-2026-1600-uhr","status":"publish","type":"product","link":"https:\/\/arena-ticket.com\/en\/product\/die-hexe-baba-jaga-teil-1-dresden-freilichtbuehne-junge-garde-im-grossen-garten-06-09-2026-1600-uhr\/","title":{"rendered":"Die Hexe Baba Jaga  - Teil 1"},"content":{"rendered":"<h1>DIE HEXE BABA JAGA - TEIL 1<\/h1>\n<h3>!!!ZUGABE!!! \u201eDie Hexe Baba Jaga - Teil 1\u201c Zum letzten Mal! - Die Hexe geht in Rente<\/h3>\n<p>&nbsp;<\/p>\n<div>\n<p><span class=\"fsl\">Man nehme:<br \/>\neine verr\u00fcckte Hexe, ein h\u00fcbsches M\u00e4dchen, einen schlichten M\u00fcllerburschen, eine stotternde K\u00fcchenschabe, das V\u00e4terchen Frost, samt seinem Schneefl\u00f6ckchen Snegurotschka, und eine Prise russische Seele \u2013 fertig ist der Grundstoff f\u00fcr den ersten Teil des gro\u00dfe<span class=\"text_exposed_show\">n M\u00e4rchenspa\u00dfes!<\/span><\/span><\/p>\n<p>Da ist Anjuscha, die Sch\u00f6ne, die seit vielen Jahren bei der b\u00f6sen und verdrehten Baba Jaga schuften muss. Eines Tages jedoch flieht sie \u2013 die Einsicht, dass sich ihretwegen wohl nie ein tapferer Prinz ins Abenteuer st\u00fcrzt l\u00e4sst sie ihr Schicksal in die eigene Hand nehmen.<\/p>\n<p>Iwanuschka, der Schlichte, ist von einem anderen Traum beseelt \u2013 von Sch\u00f6nheit. Er erhofft sich Hilfe von Baba Jaga, denn er ist leider etwas h\u00e4sslich geraten. Nat\u00fcrlich hintergeht ihn das b\u00f6se Weib und verwandelt ihn in einen B\u00e4ren. Sie zwingt ihn, ihr bei der Verfolgung von Anjuscha beizustehen, sonst verwandelt sie ihn nicht zur\u00fcck.<\/p>\n<p>Die Jagd beginnt und Pleiten, Pech und Pannen sind vorprogrammiert. Nat\u00fcrlich schalten sich noch V\u00e4terchen Frost und seine pummelige Assistentin Snegurotschka, das Schneefl\u00f6ckchen, ein und machen das bunte Treiben komplett.<\/p>\n<p>2005 erblickte die Hexe Baba Jaga mit diesem St\u00fcck das Licht der Theaterwelt und wurde so zum Kult.<br \/>\nFast eine halbe Million Zuschauer besuchten Baba Jaga seitdem bei ihren folgenden Abenteuern.<br \/>\nAuch Heute hat der erste Teil nichts von seinem Reiz verloren \u2013 noch immer freuen sich die Kleinen \u00fcber die verr\u00fcckte Hexe und die Gro\u00dfen lachen, wenn V\u00e4terchen Frost seine dicke Schneeflocke vorm Zerplatzen rettet.<\/p>\n<p><strong>Altersempfehlung:<\/strong>\u00a0ab 5 Jahre<\/p>\n<\/div>","protected":false},"excerpt":{"rendered":"<div class=\"event__header\" data-v-331ed750=\"\">Secure your tickets!<\/div>","protected":false},"featured_media":55453,"template":"","meta":{"_acf_changed":false,"inline_featured_image":false},"product_brand":[],"product_cat":[87,31,403,94,35,58,6581],"product_tag":[4407,6560,940,941,996,978,944,948,2048],"class_list":{"0":"post-55450","1":"product","2":"type-product","3":"status-publish","4":"has-post-thumbnail","6":"product_cat-dresden","7":"product_cat-events","8":"product_cat-freilichtbuehne-grosser-garten-junge-garde","9":"product_cat-kinder","10":"product_cat-orte","11":"product_cat-veranstaltung","12":"product_cat-weihnachten","13":"product_tag-teil-1","14":"product_tag-die-hexe-baba-jaga","15":"product_tag-dresden","16":"product_tag-events","17":"product_tag-freilichtbuehne-grosser-garten-junge-garde","18":"product_tag-kinder","19":"product_tag-orte","20":"product_tag-veranstaltung","21":"product_tag-weihnachten","22":"product_shipping_class-nur_paketversand","23":"pa_discount-ermaessigt","24":"pa_discount-kind","25":"pa_discount-normalpreis","26":"pa_preiskategorie-freie-platzwahl","28":"first","29":"instock","30":"taxable","31":"shipping-taxable","32":"purchasable","33":"product-type-variable"},"group_of_quantity":0,"min_quantity":0,"max_quantity":"","exclude_order_quantity_value_rules":"no","exclude_category_quantity_rules":"no","combine_variations":"no","acf":[],"_links":{"self":[{"href":"https:\/\/arena-ticket.com\/en\/wp-json\/wp\/v2\/product\/55450","targetHints":{"allow":["GET"]}}],"collection":[{"href":"https:\/\/arena-ticket.com\/en\/wp-json\/wp\/v2\/product"}],"about":[{"href":"https:\/\/arena-ticket.com\/en\/wp-json\/wp\/v2\/types\/product"}],"wp:featuredmedia":[{"embeddable":true,"href":"https:\/\/arena-ticket.com\/en\/wp-json\/wp\/v2\/media\/55453"}],"wp:attachment":[{"href":"https:\/\/arena-ticket.com\/en\/wp-json\/wp\/v2\/media?parent=55450"}],"wp:term":[{"taxonomy":"product_brand","embeddable":true,"href":"https:\/\/arena-ticket.com\/en\/wp-json\/wp\/v2\/product_brand?post=55450"},{"taxonomy":"product_cat","embeddable":true,"href":"https:\/\/arena-ticket.com\/en\/wp-json\/wp\/v2\/product_cat?post=55450"},{"taxonomy":"product_tag","embeddable":true,"href":"https:\/\/arena-ticket.com\/en\/wp-json\/wp\/v2\/product_tag?post=55450"}],"curies":[{"name":"wp","href":"https:\/\/api.w.org\/{rel}","templated":true}]}}