{"id":55457,"date":"2025-11-21T18:47:29","date_gmt":"2025-11-21T17:47:29","guid":{"rendered":"https:\/\/arena-ticket.com\/?p=55457&#038;post_type=product&#038;preview_id=55457"},"modified":"2026-04-17T17:16:35","modified_gmt":"2026-04-17T15:16:35","slug":"halle-ole-die-groesste-mallorca-party-tour-der-welt-halle-freilichtbuehne-peissnitz-11-07-2026-1200-uhr","status":"publish","type":"product","link":"https:\/\/arena-ticket.com\/en\/product\/halle-ole-die-groesste-mallorca-party-tour-der-welt-halle-freilichtbuehne-peissnitz-11-07-2026-1200-uhr\/","title":{"rendered":"Halle OL\u00c9  - Die gr\u00f6\u00dfte Mallorca Party-Tour der Welt"},"content":{"rendered":"<p>Secure your tickets!<\/p>","protected":false},"excerpt":{"rendered":"<p>Secure your tickets!<\/p>","protected":false},"featured_media":55461,"template":"","meta":{"_acf_changed":false,"inline_featured_image":false},"product_brand":[],"product_cat":[6738,31,405,102,69,35,21,58],"product_tag":[1117,5048,941,1004,999,6561,942,944,947,948],"class_list":{"0":"post-55457","1":"product","2":"type-product","3":"status-publish","4":"has-post-thumbnail","6":"product_cat-dance","7":"product_cat-events","8":"product_cat-freilichtbuehne-peissnitz","9":"product_cat-halle","10":"product_cat-konzert","11":"product_cat-orte","12":"product_cat-ticket","13":"product_cat-veranstaltung","14":"product_tag-dance","15":"product_tag-die-groesste-mallorca-party-tour-der-welt","16":"product_tag-events","17":"product_tag-freilichtbuehne-peissnitz","18":"product_tag-halle","19":"product_tag-halle-ole","20":"product_tag-konzert","21":"product_tag-orte","22":"product_tag-ticket","23":"product_tag-veranstaltung","24":"product_shipping_class-nur_paketversand","25":"pa_discount-freie-platzwahl","26":"pa_discount-vip-golden-circle","27":"pa_discount-normalpreis","28":"pa_preiskategorie-front-of-stage-stehplatz","29":"pa_preiskategorie-stehplatz","31":"first","32":"instock","33":"taxable","34":"shipping-taxable","35":"purchasable","36":"product-type-variable"},"group_of_quantity":0,"min_quantity":0,"max_quantity":"","exclude_order_quantity_value_rules":"no","exclude_category_quantity_rules":"no","combine_variations":"no","acf":[],"_links":{"self":[{"href":"https:\/\/arena-ticket.com\/en\/wp-json\/wp\/v2\/product\/55457","targetHints":{"allow":["GET"]}}],"collection":[{"href":"https:\/\/arena-ticket.com\/en\/wp-json\/wp\/v2\/product"}],"about":[{"href":"https:\/\/arena-ticket.com\/en\/wp-json\/wp\/v2\/types\/product"}],"wp:featuredmedia":[{"embeddable":true,"href":"https:\/\/arena-ticket.com\/en\/wp-json\/wp\/v2\/media\/55461"}],"wp:attachment":[{"href":"https:\/\/arena-ticket.com\/en\/wp-json\/wp\/v2\/media?parent=55457"}],"wp:term":[{"taxonomy":"product_brand","embeddable":true,"href":"https:\/\/arena-ticket.com\/en\/wp-json\/wp\/v2\/product_brand?post=55457"},{"taxonomy":"product_cat","embeddable":true,"href":"https:\/\/arena-ticket.com\/en\/wp-json\/wp\/v2\/product_cat?post=55457"},{"taxonomy":"product_tag","embeddable":true,"href":"https:\/\/arena-ticket.com\/en\/wp-json\/wp\/v2\/product_tag?post=55457"}],"curies":[{"name":"wp","href":"https:\/\/api.w.org\/{rel}","templated":true}]}}