{"id":55593,"date":"2025-11-24T10:36:27","date_gmt":"2025-11-24T09:36:27","guid":{"rendered":"https:\/\/arena-ticket.com\/?p=55593&#038;post_type=product&#038;preview_id=55593"},"modified":"2026-04-26T11:21:09","modified_gmt":"2026-04-26T09:21:09","slug":"amon-amarth-the-allfather-awakens-tour-2026-leipzig-quarterback-immobilien-arena-30-10-2026-1830-uhr","status":"publish","type":"product","link":"https:\/\/arena-ticket.com\/en\/product\/amon-amarth-the-allfather-awakens-tour-2026-leipzig-quarterback-immobilien-arena-30-10-2026-1830-uhr\/","title":{"rendered":"Amon Amarth - The Allfather Awakens Tour 2026"},"content":{"rendered":"<p>Die schwedischen Viking-Metal-Titanen Amon Amarth brechen im Herbst 2026 zu einer monumentalen Live-Offensive auf, mit der sie Gro\u00dfbritannien und Europa im Sturm erobern werden. Die rein schwedische Invasion wird von der aufstrebenden Death-Metal-Macht Orbit Culture und den legend\u00e4ren Melodic-Death-Metallern Soilwork flankiert \u2013 gemeinsam entfesseln sie die volle Wucht der The Allfather Awakens Tour!<br \/>\nNach einem triumphalen Sommer auf hoher See \u2013 mit Auftritten an der Seite von Slayer in Cardiff und London sowie einer US-Tour mit Pantera \u2013 kehren Amon Amarth mit einer vollkommen neuen, spektakul\u00e4ren B\u00fchnenproduktion zur\u00fcck: Die treue Gefolgschaft erwartet eine Produktion voller Ritual und Feuer, getragen von einem erweiterten B\u00fchnen-Set, das selbst die gr\u00f6\u00dften Hallen erzittern l\u00e4sst.<br \/>\nDer Feldzug beginnt am 9. Oktober in Manchester und ab dem 13. Oktober f\u00fchrt die Tour weiter quer durch Europa: von Frankreich, Luxemburg, Deutschland, Belgien, die Niederlande, Schweden, Finnland, Estland, Polen, Ungarn, \u00d6sterreich und Tschechien bis nach Italien, die Schweiz, Spanien und Portugal.<br \/>\nAnl\u00e4\u00dflich ihrer zahlreichen Auftritte im vergangenen Sommer, ver\u00f6ffentlichten Amon Amarth mit ihrer m\u00e4chtigen neuen Single \u201eWe Rule the Waves\u201c und dem dazugeh\u00f6rigen Video den ersten neuen Song seit Jahren.<br \/>\nDoch das war nur der Auftakt:<br \/>\nEnde 2026 wird die Band ein neues Album ver\u00f6ffentlichen, das ihre musikalische Entwicklung konsequent weiterf\u00fchrt und eindrucksvoll zeigen wird, warum Amon Amarth seit Jahren eine feste Gr\u00f6\u00dfe im internationalen Metal sind.<\/p>\n<p>Support: Orbit Culture, Soilwork<\/p>\n<p>&nbsp;<\/p>\n<p>(c) Tomas Gid\u00e9n<\/p>","protected":false},"excerpt":{"rendered":"<p>Macht eure Ruder bereit, denn der Allvater erwacht!<\/p>","protected":false},"featured_media":55608,"template":"","meta":{"_acf_changed":false,"inline_featured_image":false},"product_brand":[],"product_cat":[31,69,86,6736,35,37,21,22,58],"product_tag":[6567,941,942,943,6819,944,945,6568,947,973,948],"class_list":{"0":"post-55593","1":"product","2":"type-product","3":"status-publish","4":"has-post-thumbnail","6":"product_cat-events","7":"product_cat-konzert","8":"product_cat-leipzig","9":"product_cat-metal-metalcore","10":"product_cat-orte","11":"product_cat-quarterback-immobilien-arena","12":"product_cat-ticket","13":"product_cat-ticketupgrades-zusatzleistungen","14":"product_cat-veranstaltung","15":"product_tag-amon-amarth","16":"product_tag-events","17":"product_tag-konzert","18":"product_tag-leipzig","19":"product_tag-metal-metalcore","20":"product_tag-orte","21":"product_tag-quarterback-immobilien-arena","22":"product_tag-the-allfather-awakens-tour-2026","23":"product_tag-ticket","24":"product_tag-ticketupgrades-zusatzleistungen","25":"product_tag-veranstaltung","26":"product_shipping_class-abholung_paketversand","27":"pa_discount-lzig-eds","28":"pa_discount-lzig-ees","29":"pa_discount-inklusive-begleitperson","30":"pa_discount-normalpreis","31":"pa_discount-vip-sitzplatz","32":"pa_preiskategorie-front-of-stage-stehplatz","33":"pa_preiskategorie-ggv-up","34":"pa_preiskategorie-livezig-up","35":"pa_preiskategorie-pgv-up","36":"pa_preiskategorie-pk-i","37":"pa_preiskategorie-pk-ii","38":"pa_preiskategorie-pk-iii","39":"pa_preiskategorie-pk3-stehplatz","40":"pa_preiskategorie-pk-iv","41":"pa_preiskategorie-pk-v","42":"pa_preiskategorie-pk-vi","43":"pa_preiskategorie-pk-vii","44":"pa_preiskategorie-rollstuhlfahrer","45":"pa_preiskategorie-stehplatz","46":"pa_preiskategorie-vip-package-backstage-club","47":"pa_preiskategorie-vipu-up","49":"first","50":"instock","51":"taxable","52":"shipping-taxable","53":"purchasable","54":"product-type-variable"},"group_of_quantity":0,"min_quantity":0,"max_quantity":"","exclude_order_quantity_value_rules":"no","exclude_category_quantity_rules":"no","combine_variations":"no","acf":[],"_links":{"self":[{"href":"https:\/\/arena-ticket.com\/en\/wp-json\/wp\/v2\/product\/55593","targetHints":{"allow":["GET"]}}],"collection":[{"href":"https:\/\/arena-ticket.com\/en\/wp-json\/wp\/v2\/product"}],"about":[{"href":"https:\/\/arena-ticket.com\/en\/wp-json\/wp\/v2\/types\/product"}],"wp:featuredmedia":[{"embeddable":true,"href":"https:\/\/arena-ticket.com\/en\/wp-json\/wp\/v2\/media\/55608"}],"wp:attachment":[{"href":"https:\/\/arena-ticket.com\/en\/wp-json\/wp\/v2\/media?parent=55593"}],"wp:term":[{"taxonomy":"product_brand","embeddable":true,"href":"https:\/\/arena-ticket.com\/en\/wp-json\/wp\/v2\/product_brand?post=55593"},{"taxonomy":"product_cat","embeddable":true,"href":"https:\/\/arena-ticket.com\/en\/wp-json\/wp\/v2\/product_cat?post=55593"},{"taxonomy":"product_tag","embeddable":true,"href":"https:\/\/arena-ticket.com\/en\/wp-json\/wp\/v2\/product_tag?post=55593"}],"curies":[{"name":"wp","href":"https:\/\/api.w.org\/{rel}","templated":true}]}}